{"id":875,"date":"2021-02-25T14:23:13","date_gmt":"2021-02-25T14:23:13","guid":{"rendered":"https:\/\/artec.kopdigitaal-dev.nl\/product\/mach5-colorimetre-spectrometre\/"},"modified":"2021-02-25T14:23:13","modified_gmt":"2021-02-25T14:23:13","slug":"mach5-colorimetre-spectrometre","status":"publish","type":"product","link":"https:\/\/artec-testapparatuur.nl\/fr\/produit\/mach5-colorimetre-spectrometre\/","title":{"rendered":"Mach5 Colorim\u00e8tre-Spectrom\u00e8tre"},"content":{"rendered":"<h2><span style=\"font-size: small;\">Colorim\u00e8tre avec technologie de camera<\/p>\n<p><\/span><\/h2>\n<p><strong>Application<\/strong><\/p>\n<ul>\n<li>\n<h3><span style=\"font-size: small;\">Mesure des couleurs<\/span>\u00a0dans le cadre de l&rsquo;am\u00e9lioration des produits<\/h3>\n<\/li>\n<li>\n<h3><span style=\"font-size: small;\">Controle des\u00a0couleurs<\/span>\u00a0pour r\u00e9glage du processus de production.<\/h3>\n<\/li>\n<\/ul>\n<p><strong>Pours quels produits<\/strong><br \/>\nAlimentaires, papier, plastiques, textiles, peintures, verre, emballages, du tabac, de la c\u00e9ramique, des d\u00e9tergents, mat\u00e9riaux de construction, les cosm\u00e9tiques, les produits pharmaceutiques.<\/p>\n<h2><\/h2>\n<p><strong>Si votre application ne figure pas ici?<\/strong><br \/>\nN\u00b4hesitez pas de nous demander si le MACH5, spectrom\u00e8trre, peut \u00eatre utilis\u00e9 \u00e9galement pour le colorimetrie sur votre produit sp\u00e9cifique.<\/p>\n<p><strong>Votre profit du\u00a0MACH5<\/strong><\/p>\n<ul>\n<li>Mesurages de couleurs de haute qualit\u00e9 et constantes<\/li>\n<li>Facile \u00e0 utiliser. Vous voyez ce que vous mesurez<\/li>\n<li>Mesurage simultane de plusieurs produits ou des zones de mesures<\/li>\n<li>Productivit\u00e9 plus \u00e9lev\u00e9e, par rapport \u00e0 un spectrom\u00e8tre traditionnelle<\/li>\n<li>La r\u00e9duction de la d\u00e9faillance du produit par r\u00e9action rapide au processus de fabrication<\/li>\n<li>Haute reproductibilit\u00e9 par stockage des donn\u00e9es, et la comparaison avec des couleurs de r\u00e9f\u00e9rence<\/li>\n<li>Stockage automatique des donn\u00e9es de mesure pour les rapports et l&rsquo;analyse<\/li>\n<li>Plus des erreurs humaines dans le contr\u00f4le visuel des couleurs<\/li>\n<\/ul>\n","protected":false},"excerpt":{"rendered":"<h2><span style=\"font-size: small;\">Colorim\u00e8tre avec technologie de camera<\/p>\n<p><\/span><\/h2>\n<p><strong>Application<\/strong><\/p>\n<ul>\n<li>\n<h3><span style=\"font-size: small;\">Mesure des couleurs<\/span>\u00a0dans le cadre de l&rsquo;am\u00e9lioration des produits<\/h3>\n<\/li>\n<li>\n<h3><span style=\"font-size: small;\">Controle des\u00a0couleurs<\/span>\u00a0pour r\u00e9glage du processus de production.<\/h3>\n<\/li>\n<\/ul>\n<p><strong>Pours quels produits<\/strong><br \/>\nAlimentaires, papier, plastiques, textiles, peintures, verre, emballages, du tabac, de la c\u00e9ramique, des d\u00e9tergents, mat\u00e9riaux de construction, les cosm\u00e9tiques, les produits pharmaceutiques.<\/p>\n<h2><\/h2>\n<p><strong>Si votre application ne figure pas ici?<\/strong><br \/>\nN\u00b4hesitez pas de nous demander si le MACH5, spectrom\u00e8trre, peut \u00eatre utilis\u00e9 \u00e9galement pour le colorimetrie sur votre produit sp\u00e9cifique.<\/p>\n<p><strong>Votre profit du\u00a0MACH5<\/strong><\/p>\n<ul>\n<li>Mesurages de couleurs de haute qualit\u00e9 et constantes<\/li>\n<li>Facile \u00e0 utiliser. Vous voyez ce que vous mesurez<\/li>\n<li>Mesurage simultane de plusieurs produits ou des zones de mesures<\/li>\n<li>Productivit\u00e9 plus \u00e9lev\u00e9e, par rapport \u00e0 un spectrom\u00e8tre traditionnelle<\/li>\n<li>La r\u00e9duction de la d\u00e9faillance du produit par r\u00e9action rapide au processus de fabrication<\/li>\n<li>Haute reproductibilit\u00e9 par stockage des donn\u00e9es, et la comparaison avec des couleurs de r\u00e9f\u00e9rence<\/li>\n<li>Stockage automatique des donn\u00e9es de mesure pour les rapports et l&rsquo;analyse<\/li>\n<li>Plus des erreurs humaines dans le contr\u00f4le visuel des couleurs<\/li>\n<\/ul>\n","protected":false},"featured_media":706,"template":"","meta":[],"product_brand":[],"product_cat":[164,3525,2931],"product_tag":[],"class_list":{"0":"post-875","1":"product","2":"type-product","3":"status-publish","4":"has-post-thumbnail","6":"product_cat-colorimetre-et-spectrometre","7":"product_cat-cuir","8":"product_cat-papier-fr","9":"pa_materiaal-tous-les-produits","10":"pa_merk-mach5-fr","11":"pa_norm-a-fr","12":"pa_norm-b-x-fr","13":"pa_norm-l-fr","14":"pa_norm-y-fr","15":"pa_norm-z-fr","16":"pa_toepassing-mesure-de-couleur","17":"pa_toepassing-spectrometrie-fr","19":"first","20":"instock","21":"shipping-taxable","22":"purchasable","23":"product-type-simple"},"acf":[],"yoast_head":"<!-- This site is optimized with the Yoast SEO plugin v26.9 - https:\/\/yoast.com\/product\/yoast-seo-wordpress\/ -->\n<title>Mach5 Colorim\u00e8tre-Spectrom\u00e8tre - Artec Testnology<\/title>\n<meta name=\"robots\" content=\"index, follow, max-snippet:-1, max-image-preview:large, max-video-preview:-1\" \/>\n<link rel=\"canonical\" href=\"https:\/\/artec-testapparatuur.nl\/fr\/produit\/mach5-colorimetre-spectrometre\/\" \/>\n<meta property=\"og:locale\" content=\"fr_FR\" \/>\n<meta property=\"og:type\" content=\"article\" \/>\n<meta property=\"og:title\" content=\"Mach5 Colorim\u00e8tre-Spectrom\u00e8tre - Artec Testnology\" \/>\n<meta property=\"og:description\" content=\"Colorim\u00e8tre avec technologie de camera   Application    Mesure des couleurs\u00a0dans le cadre de l&#039;am\u00e9lioration des produits    Controle des\u00a0couleurs\u00a0pour r\u00e9glage du processus de production.   Pours quels produits Alimentaires, papier, plastiques, textiles, peintures, verre, emballages, du tabac, de la c\u00e9ramique, des d\u00e9tergents, mat\u00e9riaux de construction, les cosm\u00e9tiques, les produits pharmaceutiques.  Si votre application ne figure pas ici? N\u00b4hesitez pas de nous demander si le MACH5, spectrom\u00e8trre, peut \u00eatre utilis\u00e9 \u00e9galement pour le colorimetrie sur votre produit sp\u00e9cifique.  Votre profit du\u00a0MACH5   Mesurages de couleurs de haute qualit\u00e9 et constantes  Facile \u00e0 utiliser. Vous voyez ce que vous mesurez  Mesurage simultane de plusieurs produits ou des zones de mesures  Productivit\u00e9 plus \u00e9lev\u00e9e, par rapport \u00e0 un spectrom\u00e8tre traditionnelle  La r\u00e9duction de la d\u00e9faillance du produit par r\u00e9action rapide au processus de fabrication  Haute reproductibilit\u00e9 par stockage des donn\u00e9es, et la comparaison avec des couleurs de r\u00e9f\u00e9rence  Stockage automatique des donn\u00e9es de mesure pour les rapports et l&#039;analyse  Plus des erreurs humaines dans le contr\u00f4le visuel des couleurs\" \/>\n<meta property=\"og:url\" content=\"https:\/\/artec-testapparatuur.nl\/fr\/produit\/mach5-colorimetre-spectrometre\/\" \/>\n<meta property=\"og:site_name\" content=\"Artec Testnology\" \/>\n<meta property=\"og:image\" content=\"https:\/\/artec-testapparatuur.nl\/wp-content\/uploads\/2021\/02\/Mach5-Kleurmeter-Spectrometer.png\" \/>\n\t<meta property=\"og:image:width\" content=\"1000\" \/>\n\t<meta property=\"og:image:height\" content=\"1000\" \/>\n\t<meta property=\"og:image:type\" content=\"image\/png\" \/>\n<meta name=\"twitter:card\" content=\"summary_large_image\" \/>\n<meta name=\"twitter:label1\" content=\"Dur\u00e9e de lecture estim\u00e9e\" \/>\n\t<meta name=\"twitter:data1\" content=\"1 minute\" \/>\n<script type=\"application\/ld+json\" class=\"yoast-schema-graph\">{\"@context\":\"https:\/\/schema.org\",\"@graph\":[{\"@type\":\"WebPage\",\"@id\":\"https:\/\/artec-testapparatuur.nl\/fr\/produit\/mach5-colorimetre-spectrometre\/\",\"url\":\"https:\/\/artec-testapparatuur.nl\/fr\/produit\/mach5-colorimetre-spectrometre\/\",\"name\":\"Mach5 Colorim\u00e8tre-Spectrom\u00e8tre - Artec Testnology\",\"isPartOf\":{\"@id\":\"https:\/\/artec-testapparatuur.nl\/fr\/#website\"},\"primaryImageOfPage\":{\"@id\":\"https:\/\/artec-testapparatuur.nl\/fr\/produit\/mach5-colorimetre-spectrometre\/#primaryimage\"},\"image\":{\"@id\":\"https:\/\/artec-testapparatuur.nl\/fr\/produit\/mach5-colorimetre-spectrometre\/#primaryimage\"},\"thumbnailUrl\":\"https:\/\/artec-testapparatuur.nl\/wp-content\/uploads\/2021\/02\/Mach5-Kleurmeter-Spectrometer.png\",\"datePublished\":\"2021-02-25T14:23:13+00:00\",\"breadcrumb\":{\"@id\":\"https:\/\/artec-testapparatuur.nl\/fr\/produit\/mach5-colorimetre-spectrometre\/#breadcrumb\"},\"inLanguage\":\"fr-FR\",\"potentialAction\":[{\"@type\":\"ReadAction\",\"target\":[\"https:\/\/artec-testapparatuur.nl\/fr\/produit\/mach5-colorimetre-spectrometre\/\"]}]},{\"@type\":\"ImageObject\",\"inLanguage\":\"fr-FR\",\"@id\":\"https:\/\/artec-testapparatuur.nl\/fr\/produit\/mach5-colorimetre-spectrometre\/#primaryimage\",\"url\":\"https:\/\/artec-testapparatuur.nl\/wp-content\/uploads\/2021\/02\/Mach5-Kleurmeter-Spectrometer.png\",\"contentUrl\":\"https:\/\/artec-testapparatuur.nl\/wp-content\/uploads\/2021\/02\/Mach5-Kleurmeter-Spectrometer.png\",\"width\":1000,\"height\":1000},{\"@type\":\"BreadcrumbList\",\"@id\":\"https:\/\/artec-testapparatuur.nl\/fr\/produit\/mach5-colorimetre-spectrometre\/#breadcrumb\",\"itemListElement\":[{\"@type\":\"ListItem\",\"position\":1,\"name\":\"Home\",\"item\":\"https:\/\/artec-testapparatuur.nl\/fr\/\"},{\"@type\":\"ListItem\",\"position\":2,\"name\":\"Produits\",\"item\":\"https:\/\/artec-testapparatuur.nl\/fr\/shop\/\"},{\"@type\":\"ListItem\",\"position\":3,\"name\":\"Mach5 Colorim\u00e8tre-Spectrom\u00e8tre\"}]},{\"@type\":\"WebSite\",\"@id\":\"https:\/\/artec-testapparatuur.nl\/fr\/#website\",\"url\":\"https:\/\/artec-testapparatuur.nl\/fr\/\",\"name\":\"Artec Testnology\",\"description\":\"Your link to quality\",\"potentialAction\":[{\"@type\":\"SearchAction\",\"target\":{\"@type\":\"EntryPoint\",\"urlTemplate\":\"https:\/\/artec-testapparatuur.nl\/fr\/?s={search_term_string}\"},\"query-input\":{\"@type\":\"PropertyValueSpecification\",\"valueRequired\":true,\"valueName\":\"search_term_string\"}}],\"inLanguage\":\"fr-FR\"}]}<\/script>\n<!-- \/ Yoast SEO plugin. -->","yoast_head_json":{"title":"Mach5 Colorim\u00e8tre-Spectrom\u00e8tre - Artec Testnology","robots":{"index":"index","follow":"follow","max-snippet":"max-snippet:-1","max-image-preview":"max-image-preview:large","max-video-preview":"max-video-preview:-1"},"canonical":"https:\/\/artec-testapparatuur.nl\/fr\/produit\/mach5-colorimetre-spectrometre\/","og_locale":"fr_FR","og_type":"article","og_title":"Mach5 Colorim\u00e8tre-Spectrom\u00e8tre - Artec Testnology","og_description":"Colorim\u00e8tre avec technologie de camera   Application    Mesure des couleurs\u00a0dans le cadre de l'am\u00e9lioration des produits    Controle des\u00a0couleurs\u00a0pour r\u00e9glage du processus de production.   Pours quels produits Alimentaires, papier, plastiques, textiles, peintures, verre, emballages, du tabac, de la c\u00e9ramique, des d\u00e9tergents, mat\u00e9riaux de construction, les cosm\u00e9tiques, les produits pharmaceutiques.  Si votre application ne figure pas ici? N\u00b4hesitez pas de nous demander si le MACH5, spectrom\u00e8trre, peut \u00eatre utilis\u00e9 \u00e9galement pour le colorimetrie sur votre produit sp\u00e9cifique.  Votre profit du\u00a0MACH5   Mesurages de couleurs de haute qualit\u00e9 et constantes  Facile \u00e0 utiliser. Vous voyez ce que vous mesurez  Mesurage simultane de plusieurs produits ou des zones de mesures  Productivit\u00e9 plus \u00e9lev\u00e9e, par rapport \u00e0 un spectrom\u00e8tre traditionnelle  La r\u00e9duction de la d\u00e9faillance du produit par r\u00e9action rapide au processus de fabrication  Haute reproductibilit\u00e9 par stockage des donn\u00e9es, et la comparaison avec des couleurs de r\u00e9f\u00e9rence  Stockage automatique des donn\u00e9es de mesure pour les rapports et l'analyse  Plus des erreurs humaines dans le contr\u00f4le visuel des couleurs","og_url":"https:\/\/artec-testapparatuur.nl\/fr\/produit\/mach5-colorimetre-spectrometre\/","og_site_name":"Artec Testnology","og_image":[{"width":1000,"height":1000,"url":"https:\/\/artec-testapparatuur.nl\/wp-content\/uploads\/2021\/02\/Mach5-Kleurmeter-Spectrometer.png","type":"image\/png"}],"twitter_card":"summary_large_image","twitter_misc":{"Dur\u00e9e de lecture estim\u00e9e":"1 minute"},"schema":{"@context":"https:\/\/schema.org","@graph":[{"@type":"WebPage","@id":"https:\/\/artec-testapparatuur.nl\/fr\/produit\/mach5-colorimetre-spectrometre\/","url":"https:\/\/artec-testapparatuur.nl\/fr\/produit\/mach5-colorimetre-spectrometre\/","name":"Mach5 Colorim\u00e8tre-Spectrom\u00e8tre - Artec Testnology","isPartOf":{"@id":"https:\/\/artec-testapparatuur.nl\/fr\/#website"},"primaryImageOfPage":{"@id":"https:\/\/artec-testapparatuur.nl\/fr\/produit\/mach5-colorimetre-spectrometre\/#primaryimage"},"image":{"@id":"https:\/\/artec-testapparatuur.nl\/fr\/produit\/mach5-colorimetre-spectrometre\/#primaryimage"},"thumbnailUrl":"https:\/\/artec-testapparatuur.nl\/wp-content\/uploads\/2021\/02\/Mach5-Kleurmeter-Spectrometer.png","datePublished":"2021-02-25T14:23:13+00:00","breadcrumb":{"@id":"https:\/\/artec-testapparatuur.nl\/fr\/produit\/mach5-colorimetre-spectrometre\/#breadcrumb"},"inLanguage":"fr-FR","potentialAction":[{"@type":"ReadAction","target":["https:\/\/artec-testapparatuur.nl\/fr\/produit\/mach5-colorimetre-spectrometre\/"]}]},{"@type":"ImageObject","inLanguage":"fr-FR","@id":"https:\/\/artec-testapparatuur.nl\/fr\/produit\/mach5-colorimetre-spectrometre\/#primaryimage","url":"https:\/\/artec-testapparatuur.nl\/wp-content\/uploads\/2021\/02\/Mach5-Kleurmeter-Spectrometer.png","contentUrl":"https:\/\/artec-testapparatuur.nl\/wp-content\/uploads\/2021\/02\/Mach5-Kleurmeter-Spectrometer.png","width":1000,"height":1000},{"@type":"BreadcrumbList","@id":"https:\/\/artec-testapparatuur.nl\/fr\/produit\/mach5-colorimetre-spectrometre\/#breadcrumb","itemListElement":[{"@type":"ListItem","position":1,"name":"Home","item":"https:\/\/artec-testapparatuur.nl\/fr\/"},{"@type":"ListItem","position":2,"name":"Produits","item":"https:\/\/artec-testapparatuur.nl\/fr\/shop\/"},{"@type":"ListItem","position":3,"name":"Mach5 Colorim\u00e8tre-Spectrom\u00e8tre"}]},{"@type":"WebSite","@id":"https:\/\/artec-testapparatuur.nl\/fr\/#website","url":"https:\/\/artec-testapparatuur.nl\/fr\/","name":"Artec Testnology","description":"Your link to quality","potentialAction":[{"@type":"SearchAction","target":{"@type":"EntryPoint","urlTemplate":"https:\/\/artec-testapparatuur.nl\/fr\/?s={search_term_string}"},"query-input":{"@type":"PropertyValueSpecification","valueRequired":true,"valueName":"search_term_string"}}],"inLanguage":"fr-FR"}]}},"_links":{"self":[{"href":"https:\/\/artec-testapparatuur.nl\/fr\/wp-json\/wp\/v2\/product\/875","targetHints":{"allow":["GET"]}}],"collection":[{"href":"https:\/\/artec-testapparatuur.nl\/fr\/wp-json\/wp\/v2\/product"}],"about":[{"href":"https:\/\/artec-testapparatuur.nl\/fr\/wp-json\/wp\/v2\/types\/product"}],"wp:featuredmedia":[{"embeddable":true,"href":"https:\/\/artec-testapparatuur.nl\/fr\/wp-json\/wp\/v2\/media\/706"}],"wp:attachment":[{"href":"https:\/\/artec-testapparatuur.nl\/fr\/wp-json\/wp\/v2\/media?parent=875"}],"wp:term":[{"taxonomy":"product_brand","embeddable":true,"href":"https:\/\/artec-testapparatuur.nl\/fr\/wp-json\/wp\/v2\/product_brand?post=875"},{"taxonomy":"product_cat","embeddable":true,"href":"https:\/\/artec-testapparatuur.nl\/fr\/wp-json\/wp\/v2\/product_cat?post=875"},{"taxonomy":"product_tag","embeddable":true,"href":"https:\/\/artec-testapparatuur.nl\/fr\/wp-json\/wp\/v2\/product_tag?post=875"}],"curies":[{"name":"wp","href":"https:\/\/api.w.org\/{rel}","templated":true}]}}