{"id":871,"date":"2021-02-25T14:29:08","date_gmt":"2021-02-25T14:29:08","guid":{"rendered":"https:\/\/artec.kopdigitaal-dev.nl\/product\/textest-combiscan\/"},"modified":"2021-03-03T09:26:31","modified_gmt":"2021-03-03T09:26:31","slug":"textest-combiscan","status":"publish","type":"product","link":"https:\/\/artec-testapparatuur.nl\/fr\/produit\/textest-combiscan\/","title":{"rendered":"Textest, CombiScan"},"content":{"rendered":"<p><strong>Mesure en continu de la perm\u00e9abilit\u00e9 \u00e0 air et\/ou de l&rsquo;\u00e9paisseur des tissus, des non-tiss\u00e9s, des feutres, des films et des mat\u00e9riaux de tamis pour production du papier sur la bande en mouvement directement dans la ligne de production.<\/strong><\/p>\n<p><strong>Fonctions sp\u00e9ciales<\/strong><\/p>\n<ul>\n<li>Gammes de mesure \u00e9tendues: perm\u00e9abilit\u00e9 \u00e0 l&rsquo;air: 1 &#8211; 5&rsquo;000 mm \/ s (0,2 &#8211; 1&rsquo;000 m \u00b3 \/ m \u00b2 \/ min), \u00e9paisseur: 0 &#8211; 6 mm.<\/li>\n<li>Mesure de haute pr\u00e9cision.<\/li>\n<li>Mesure des profils en traversant, des profils de longueur et profils en zigzag.<\/li>\n<li>Supporte des vitesses de bande allant jusqu&rsquo;\u00e0 200 m \/ min (660 ft \/ min). (!)<\/li>\n<li>Haute r\u00e9solution jusqu&rsquo;\u00e0 1 mm de point de mesure.<\/li>\n<li>Le syst\u00e8me modulaire s&rsquo;adapte facilement aux exigences de la ligne de production.<\/li>\n<li>\u00c9talonnable.<\/li>\n<\/ul>\n","protected":false},"excerpt":{"rendered":"<p><strong>Mesure en continu de la perm\u00e9abilit\u00e9 \u00e0 air et\/ou de l&rsquo;\u00e9paisseur des tissus, des non-tiss\u00e9s, des feutres, des films et des mat\u00e9riaux de tamis pour production du papier sur la bande en mouvement directement dans la ligne de production.<\/strong><\/p>\n<p><strong>Fonctions sp\u00e9ciales<\/strong><\/p>\n<ul>\n<li>Gammes de mesure \u00e9tendues: perm\u00e9abilit\u00e9 \u00e0 l&rsquo;air: 1 &#8211; 5&rsquo;000 mm \/ s (0,2 &#8211; 1&rsquo;000 m \u00b3 \/ m \u00b2 \/ min), \u00e9paisseur: 0 &#8211; 6 mm.<\/li>\n<li>Mesure de haute pr\u00e9cision.<\/li>\n<li>Mesure des profils en traversant, des profils de longueur et profils en zigzag.<\/li>\n<li>Supporte des vitesses de bande allant jusqu&rsquo;\u00e0 200 m \/ min (660 ft \/ min). (!)<\/li>\n<li>Haute r\u00e9solution jusqu&rsquo;\u00e0 1 mm de point de mesure.<\/li>\n<li>Le syst\u00e8me modulaire s&rsquo;adapte facilement aux exigences de la ligne de production.<\/li>\n<li>\u00c9talonnable.<\/li>\n<\/ul>\n","protected":false},"featured_media":714,"template":"","meta":[],"product_brand":[],"product_cat":[2930,197],"product_tag":[],"class_list":{"0":"post-871","1":"product","2":"type-product","3":"status-publish","4":"has-post-thumbnail","6":"product_cat-non-tisse-fr","7":"product_cat-permeabilite-a-air","8":"pa_materiaal-feutre","9":"pa_materiaal-films-fr","10":"pa_materiaal-non-tisses","11":"pa_materiaal-tamis-en-papier","12":"pa_materiaal-textile-fr","13":"pa_materiaal-tissu","14":"pa_merk-textest-fr","15":"pa_toepassing-epaisseur-de-couche","16":"pa_toepassing-permeabilite-a-lair","18":"first","19":"instock","20":"shipping-taxable","21":"purchasable","22":"product-type-simple"},"acf":[],"yoast_head":"<!-- This site is optimized with the Yoast SEO plugin v26.9 - https:\/\/yoast.com\/product\/yoast-seo-wordpress\/ -->\n<title>Textest, CombiScan - Artec Testnology<\/title>\n<meta name=\"robots\" content=\"index, follow, max-snippet:-1, max-image-preview:large, max-video-preview:-1\" \/>\n<link rel=\"canonical\" href=\"https:\/\/artec-testapparatuur.nl\/fr\/produit\/textest-combiscan\/\" \/>\n<meta property=\"og:locale\" content=\"fr_FR\" \/>\n<meta property=\"og:type\" content=\"article\" \/>\n<meta property=\"og:title\" content=\"Textest, CombiScan - Artec Testnology\" \/>\n<meta property=\"og:description\" content=\"Mesure en continu de la perm\u00e9abilit\u00e9 \u00e0 air et\/ou de l&#039;\u00e9paisseur des tissus, des non-tiss\u00e9s, des feutres, des films et des mat\u00e9riaux de tamis pour production du papier sur la bande en mouvement directement dans la ligne de production.  Fonctions sp\u00e9ciales   Gammes de mesure \u00e9tendues: perm\u00e9abilit\u00e9 \u00e0 l&#039;air: 1 - 5&#039;000 mm \/ s (0,2 - 1&#039;000 m \u00b3 \/ m \u00b2 \/ min), \u00e9paisseur: 0 - 6 mm.  Mesure de haute pr\u00e9cision.  Mesure des profils en traversant, des profils de longueur et profils en zigzag.  Supporte des vitesses de bande allant jusqu&#039;\u00e0 200 m \/ min (660 ft \/ min). (!)  Haute r\u00e9solution jusqu&#039;\u00e0 1 mm de point de mesure.  Le syst\u00e8me modulaire s&#039;adapte facilement aux exigences de la ligne de production.  \u00c9talonnable.\" \/>\n<meta property=\"og:url\" content=\"https:\/\/artec-testapparatuur.nl\/fr\/produit\/textest-combiscan\/\" \/>\n<meta property=\"og:site_name\" content=\"Artec Testnology\" \/>\n<meta property=\"article:modified_time\" content=\"2021-03-03T09:26:31+00:00\" \/>\n<meta property=\"og:image\" content=\"https:\/\/artec-testapparatuur.nl\/wp-content\/uploads\/2021\/02\/Textest-CombiScan.png\" \/>\n\t<meta property=\"og:image:width\" content=\"1000\" \/>\n\t<meta property=\"og:image:height\" content=\"1000\" \/>\n\t<meta property=\"og:image:type\" content=\"image\/png\" \/>\n<meta name=\"twitter:card\" content=\"summary_large_image\" \/>\n<meta name=\"twitter:label1\" content=\"Dur\u00e9e de lecture estim\u00e9e\" \/>\n\t<meta name=\"twitter:data1\" content=\"1 minute\" \/>\n<script type=\"application\/ld+json\" class=\"yoast-schema-graph\">{\"@context\":\"https:\/\/schema.org\",\"@graph\":[{\"@type\":\"WebPage\",\"@id\":\"https:\/\/artec-testapparatuur.nl\/fr\/produit\/textest-combiscan\/\",\"url\":\"https:\/\/artec-testapparatuur.nl\/fr\/produit\/textest-combiscan\/\",\"name\":\"Textest, CombiScan - Artec Testnology\",\"isPartOf\":{\"@id\":\"https:\/\/artec-testapparatuur.nl\/fr\/#website\"},\"primaryImageOfPage\":{\"@id\":\"https:\/\/artec-testapparatuur.nl\/fr\/produit\/textest-combiscan\/#primaryimage\"},\"image\":{\"@id\":\"https:\/\/artec-testapparatuur.nl\/fr\/produit\/textest-combiscan\/#primaryimage\"},\"thumbnailUrl\":\"https:\/\/artec-testapparatuur.nl\/wp-content\/uploads\/2021\/02\/Textest-CombiScan.png\",\"datePublished\":\"2021-02-25T14:29:08+00:00\",\"dateModified\":\"2021-03-03T09:26:31+00:00\",\"breadcrumb\":{\"@id\":\"https:\/\/artec-testapparatuur.nl\/fr\/produit\/textest-combiscan\/#breadcrumb\"},\"inLanguage\":\"fr-FR\",\"potentialAction\":[{\"@type\":\"ReadAction\",\"target\":[\"https:\/\/artec-testapparatuur.nl\/fr\/produit\/textest-combiscan\/\"]}]},{\"@type\":\"ImageObject\",\"inLanguage\":\"fr-FR\",\"@id\":\"https:\/\/artec-testapparatuur.nl\/fr\/produit\/textest-combiscan\/#primaryimage\",\"url\":\"https:\/\/artec-testapparatuur.nl\/wp-content\/uploads\/2021\/02\/Textest-CombiScan.png\",\"contentUrl\":\"https:\/\/artec-testapparatuur.nl\/wp-content\/uploads\/2021\/02\/Textest-CombiScan.png\",\"width\":1000,\"height\":1000},{\"@type\":\"BreadcrumbList\",\"@id\":\"https:\/\/artec-testapparatuur.nl\/fr\/produit\/textest-combiscan\/#breadcrumb\",\"itemListElement\":[{\"@type\":\"ListItem\",\"position\":1,\"name\":\"Home\",\"item\":\"https:\/\/artec-testapparatuur.nl\/fr\/\"},{\"@type\":\"ListItem\",\"position\":2,\"name\":\"Produits\",\"item\":\"https:\/\/artec-testapparatuur.nl\/fr\/shop\/\"},{\"@type\":\"ListItem\",\"position\":3,\"name\":\"Textest, CombiScan\"}]},{\"@type\":\"WebSite\",\"@id\":\"https:\/\/artec-testapparatuur.nl\/fr\/#website\",\"url\":\"https:\/\/artec-testapparatuur.nl\/fr\/\",\"name\":\"Artec Testnology\",\"description\":\"Your link to quality\",\"potentialAction\":[{\"@type\":\"SearchAction\",\"target\":{\"@type\":\"EntryPoint\",\"urlTemplate\":\"https:\/\/artec-testapparatuur.nl\/fr\/?s={search_term_string}\"},\"query-input\":{\"@type\":\"PropertyValueSpecification\",\"valueRequired\":true,\"valueName\":\"search_term_string\"}}],\"inLanguage\":\"fr-FR\"}]}<\/script>\n<!-- \/ Yoast SEO plugin. -->","yoast_head_json":{"title":"Textest, CombiScan - Artec Testnology","robots":{"index":"index","follow":"follow","max-snippet":"max-snippet:-1","max-image-preview":"max-image-preview:large","max-video-preview":"max-video-preview:-1"},"canonical":"https:\/\/artec-testapparatuur.nl\/fr\/produit\/textest-combiscan\/","og_locale":"fr_FR","og_type":"article","og_title":"Textest, CombiScan - Artec Testnology","og_description":"Mesure en continu de la perm\u00e9abilit\u00e9 \u00e0 air et\/ou de l'\u00e9paisseur des tissus, des non-tiss\u00e9s, des feutres, des films et des mat\u00e9riaux de tamis pour production du papier sur la bande en mouvement directement dans la ligne de production.  Fonctions sp\u00e9ciales   Gammes de mesure \u00e9tendues: perm\u00e9abilit\u00e9 \u00e0 l'air: 1 - 5'000 mm \/ s (0,2 - 1'000 m \u00b3 \/ m \u00b2 \/ min), \u00e9paisseur: 0 - 6 mm.  Mesure de haute pr\u00e9cision.  Mesure des profils en traversant, des profils de longueur et profils en zigzag.  Supporte des vitesses de bande allant jusqu'\u00e0 200 m \/ min (660 ft \/ min). (!)  Haute r\u00e9solution jusqu'\u00e0 1 mm de point de mesure.  Le syst\u00e8me modulaire s'adapte facilement aux exigences de la ligne de production.  \u00c9talonnable.","og_url":"https:\/\/artec-testapparatuur.nl\/fr\/produit\/textest-combiscan\/","og_site_name":"Artec Testnology","article_modified_time":"2021-03-03T09:26:31+00:00","og_image":[{"width":1000,"height":1000,"url":"https:\/\/artec-testapparatuur.nl\/wp-content\/uploads\/2021\/02\/Textest-CombiScan.png","type":"image\/png"}],"twitter_card":"summary_large_image","twitter_misc":{"Dur\u00e9e de lecture estim\u00e9e":"1 minute"},"schema":{"@context":"https:\/\/schema.org","@graph":[{"@type":"WebPage","@id":"https:\/\/artec-testapparatuur.nl\/fr\/produit\/textest-combiscan\/","url":"https:\/\/artec-testapparatuur.nl\/fr\/produit\/textest-combiscan\/","name":"Textest, CombiScan - Artec Testnology","isPartOf":{"@id":"https:\/\/artec-testapparatuur.nl\/fr\/#website"},"primaryImageOfPage":{"@id":"https:\/\/artec-testapparatuur.nl\/fr\/produit\/textest-combiscan\/#primaryimage"},"image":{"@id":"https:\/\/artec-testapparatuur.nl\/fr\/produit\/textest-combiscan\/#primaryimage"},"thumbnailUrl":"https:\/\/artec-testapparatuur.nl\/wp-content\/uploads\/2021\/02\/Textest-CombiScan.png","datePublished":"2021-02-25T14:29:08+00:00","dateModified":"2021-03-03T09:26:31+00:00","breadcrumb":{"@id":"https:\/\/artec-testapparatuur.nl\/fr\/produit\/textest-combiscan\/#breadcrumb"},"inLanguage":"fr-FR","potentialAction":[{"@type":"ReadAction","target":["https:\/\/artec-testapparatuur.nl\/fr\/produit\/textest-combiscan\/"]}]},{"@type":"ImageObject","inLanguage":"fr-FR","@id":"https:\/\/artec-testapparatuur.nl\/fr\/produit\/textest-combiscan\/#primaryimage","url":"https:\/\/artec-testapparatuur.nl\/wp-content\/uploads\/2021\/02\/Textest-CombiScan.png","contentUrl":"https:\/\/artec-testapparatuur.nl\/wp-content\/uploads\/2021\/02\/Textest-CombiScan.png","width":1000,"height":1000},{"@type":"BreadcrumbList","@id":"https:\/\/artec-testapparatuur.nl\/fr\/produit\/textest-combiscan\/#breadcrumb","itemListElement":[{"@type":"ListItem","position":1,"name":"Home","item":"https:\/\/artec-testapparatuur.nl\/fr\/"},{"@type":"ListItem","position":2,"name":"Produits","item":"https:\/\/artec-testapparatuur.nl\/fr\/shop\/"},{"@type":"ListItem","position":3,"name":"Textest, CombiScan"}]},{"@type":"WebSite","@id":"https:\/\/artec-testapparatuur.nl\/fr\/#website","url":"https:\/\/artec-testapparatuur.nl\/fr\/","name":"Artec Testnology","description":"Your link to quality","potentialAction":[{"@type":"SearchAction","target":{"@type":"EntryPoint","urlTemplate":"https:\/\/artec-testapparatuur.nl\/fr\/?s={search_term_string}"},"query-input":{"@type":"PropertyValueSpecification","valueRequired":true,"valueName":"search_term_string"}}],"inLanguage":"fr-FR"}]}},"_links":{"self":[{"href":"https:\/\/artec-testapparatuur.nl\/fr\/wp-json\/wp\/v2\/product\/871","targetHints":{"allow":["GET"]}}],"collection":[{"href":"https:\/\/artec-testapparatuur.nl\/fr\/wp-json\/wp\/v2\/product"}],"about":[{"href":"https:\/\/artec-testapparatuur.nl\/fr\/wp-json\/wp\/v2\/types\/product"}],"wp:featuredmedia":[{"embeddable":true,"href":"https:\/\/artec-testapparatuur.nl\/fr\/wp-json\/wp\/v2\/media\/714"}],"wp:attachment":[{"href":"https:\/\/artec-testapparatuur.nl\/fr\/wp-json\/wp\/v2\/media?parent=871"}],"wp:term":[{"taxonomy":"product_brand","embeddable":true,"href":"https:\/\/artec-testapparatuur.nl\/fr\/wp-json\/wp\/v2\/product_brand?post=871"},{"taxonomy":"product_cat","embeddable":true,"href":"https:\/\/artec-testapparatuur.nl\/fr\/wp-json\/wp\/v2\/product_cat?post=871"},{"taxonomy":"product_tag","embeddable":true,"href":"https:\/\/artec-testapparatuur.nl\/fr\/wp-json\/wp\/v2\/product_tag?post=871"}],"curies":[{"name":"wp","href":"https:\/\/api.w.org\/{rel}","templated":true}]}}