{"id":1945,"date":"2021-02-25T11:56:30","date_gmt":"2021-02-25T10:56:30","guid":{"rendered":"https:\/\/artec.kopdigitaal-dev.nl\/product\/dessiccateur-aboni-plastiques\/"},"modified":"2021-02-25T11:56:30","modified_gmt":"2021-02-25T10:56:30","slug":"dessiccateur-aboni-plastiques","status":"publish","type":"product","link":"https:\/\/artec-testapparatuur.nl\/fr\/produit\/dessiccateur-aboni-plastiques\/","title":{"rendered":"Dessiccateur Aboni, plastiques"},"content":{"rendered":"<p>Une grande vari\u00e9t\u00e9 de poudres plastiques, de granul\u00e9s, de films et m\u00eame de mousses thermoplastiques peuvent \u00eatre test\u00e9s.La teneur en humidit\u00e9 absolue est analys\u00e9e par une m\u00e9thode chimique plut\u00f4t que par perte de poids lors du chauffage.<\/p>\n<p>L&rsquo;\u00e9talonnage avant la mesure n&rsquo;est pas n\u00e9cessaire avec le FMX HydroTracer.<\/p>\n","protected":false},"excerpt":{"rendered":"<p>Une grande vari\u00e9t\u00e9 de poudres plastiques, de granul\u00e9s, de films et m\u00eame de mousses thermoplastiques peuvent \u00eatre test\u00e9s.La teneur en humidit\u00e9 absolue est analys\u00e9e par une m\u00e9thode chimique plut\u00f4t que par perte de poids lors du chauffage.<\/p>\n<p>L&rsquo;\u00e9talonnage avant la mesure n&rsquo;est pas n\u00e9cessaire avec le FMX HydroTracer.<\/p>\n","protected":false},"featured_media":630,"template":"","meta":[],"product_brand":[],"product_cat":[2927,201],"product_tag":[],"class_list":{"0":"post-1945","1":"product","2":"type-product","3":"status-publish","4":"has-post-thumbnail","6":"product_cat-plastique-fr","7":"product_cat-teneur-en-humidte","8":"pa_merk-aboni-fr","9":"pa_norm-essai-au-four","10":"pa_toepassing-analyse-de-lhumidite","11":"pa_toepassing-mesure-de-lhumidite","12":"pa_toepassing-recyclage","13":"pa_toepassing-vochtgehalte-fr","15":"first","16":"instock","17":"shipping-taxable","18":"purchasable","19":"product-type-simple"},"acf":[],"yoast_head":"<!-- This site is optimized with the Yoast SEO plugin v26.9 - https:\/\/yoast.com\/product\/yoast-seo-wordpress\/ -->\n<title>Dessiccateur Aboni, plastiques - Artec Testnology<\/title>\n<meta name=\"robots\" content=\"index, follow, max-snippet:-1, max-image-preview:large, max-video-preview:-1\" \/>\n<link rel=\"canonical\" href=\"https:\/\/artec-testapparatuur.nl\/fr\/produit\/dessiccateur-aboni-plastiques\/\" \/>\n<meta property=\"og:locale\" content=\"fr_FR\" \/>\n<meta property=\"og:type\" content=\"article\" \/>\n<meta property=\"og:title\" content=\"Dessiccateur Aboni, plastiques - Artec Testnology\" \/>\n<meta property=\"og:description\" content=\"Une grande vari\u00e9t\u00e9 de poudres plastiques, de granul\u00e9s, de films et m\u00eame de mousses thermoplastiques peuvent \u00eatre test\u00e9s.La teneur en humidit\u00e9 absolue est analys\u00e9e par une m\u00e9thode chimique plut\u00f4t que par perte de poids lors du chauffage.  L&#039;\u00e9talonnage avant la mesure n&#039;est pas n\u00e9cessaire avec le FMX HydroTracer.\" \/>\n<meta property=\"og:url\" content=\"https:\/\/artec-testapparatuur.nl\/fr\/produit\/dessiccateur-aboni-plastiques\/\" \/>\n<meta property=\"og:site_name\" content=\"Artec Testnology\" \/>\n<meta property=\"og:image\" content=\"https:\/\/artec-testapparatuur.nl\/wp-content\/uploads\/2021\/02\/Aboni-Vochtanalyser-kunststoffen.png\" \/>\n\t<meta property=\"og:image:width\" content=\"1000\" \/>\n\t<meta property=\"og:image:height\" content=\"1000\" \/>\n\t<meta property=\"og:image:type\" content=\"image\/png\" \/>\n<meta name=\"twitter:card\" content=\"summary_large_image\" \/>\n<script type=\"application\/ld+json\" class=\"yoast-schema-graph\">{\"@context\":\"https:\/\/schema.org\",\"@graph\":[{\"@type\":\"WebPage\",\"@id\":\"https:\/\/artec-testapparatuur.nl\/fr\/produit\/dessiccateur-aboni-plastiques\/\",\"url\":\"https:\/\/artec-testapparatuur.nl\/fr\/produit\/dessiccateur-aboni-plastiques\/\",\"name\":\"Dessiccateur Aboni, plastiques - Artec Testnology\",\"isPartOf\":{\"@id\":\"https:\/\/artec-testapparatuur.nl\/fr\/#website\"},\"primaryImageOfPage\":{\"@id\":\"https:\/\/artec-testapparatuur.nl\/fr\/produit\/dessiccateur-aboni-plastiques\/#primaryimage\"},\"image\":{\"@id\":\"https:\/\/artec-testapparatuur.nl\/fr\/produit\/dessiccateur-aboni-plastiques\/#primaryimage\"},\"thumbnailUrl\":\"https:\/\/artec-testapparatuur.nl\/wp-content\/uploads\/2021\/02\/Aboni-Vochtanalyser-kunststoffen.png\",\"datePublished\":\"2021-02-25T10:56:30+00:00\",\"breadcrumb\":{\"@id\":\"https:\/\/artec-testapparatuur.nl\/fr\/produit\/dessiccateur-aboni-plastiques\/#breadcrumb\"},\"inLanguage\":\"fr-FR\",\"potentialAction\":[{\"@type\":\"ReadAction\",\"target\":[\"https:\/\/artec-testapparatuur.nl\/fr\/produit\/dessiccateur-aboni-plastiques\/\"]}]},{\"@type\":\"ImageObject\",\"inLanguage\":\"fr-FR\",\"@id\":\"https:\/\/artec-testapparatuur.nl\/fr\/produit\/dessiccateur-aboni-plastiques\/#primaryimage\",\"url\":\"https:\/\/artec-testapparatuur.nl\/wp-content\/uploads\/2021\/02\/Aboni-Vochtanalyser-kunststoffen.png\",\"contentUrl\":\"https:\/\/artec-testapparatuur.nl\/wp-content\/uploads\/2021\/02\/Aboni-Vochtanalyser-kunststoffen.png\",\"width\":1000,\"height\":1000},{\"@type\":\"BreadcrumbList\",\"@id\":\"https:\/\/artec-testapparatuur.nl\/fr\/produit\/dessiccateur-aboni-plastiques\/#breadcrumb\",\"itemListElement\":[{\"@type\":\"ListItem\",\"position\":1,\"name\":\"Home\",\"item\":\"https:\/\/artec-testapparatuur.nl\/fr\/\"},{\"@type\":\"ListItem\",\"position\":2,\"name\":\"Produits\",\"item\":\"https:\/\/artec-testapparatuur.nl\/fr\/shop\/\"},{\"@type\":\"ListItem\",\"position\":3,\"name\":\"Dessiccateur Aboni, plastiques\"}]},{\"@type\":\"WebSite\",\"@id\":\"https:\/\/artec-testapparatuur.nl\/fr\/#website\",\"url\":\"https:\/\/artec-testapparatuur.nl\/fr\/\",\"name\":\"Artec Testnology\",\"description\":\"Your link to quality\",\"potentialAction\":[{\"@type\":\"SearchAction\",\"target\":{\"@type\":\"EntryPoint\",\"urlTemplate\":\"https:\/\/artec-testapparatuur.nl\/fr\/?s={search_term_string}\"},\"query-input\":{\"@type\":\"PropertyValueSpecification\",\"valueRequired\":true,\"valueName\":\"search_term_string\"}}],\"inLanguage\":\"fr-FR\"}]}<\/script>\n<!-- \/ Yoast SEO plugin. -->","yoast_head_json":{"title":"Dessiccateur Aboni, plastiques - Artec Testnology","robots":{"index":"index","follow":"follow","max-snippet":"max-snippet:-1","max-image-preview":"max-image-preview:large","max-video-preview":"max-video-preview:-1"},"canonical":"https:\/\/artec-testapparatuur.nl\/fr\/produit\/dessiccateur-aboni-plastiques\/","og_locale":"fr_FR","og_type":"article","og_title":"Dessiccateur Aboni, plastiques - Artec Testnology","og_description":"Une grande vari\u00e9t\u00e9 de poudres plastiques, de granul\u00e9s, de films et m\u00eame de mousses thermoplastiques peuvent \u00eatre test\u00e9s.La teneur en humidit\u00e9 absolue est analys\u00e9e par une m\u00e9thode chimique plut\u00f4t que par perte de poids lors du chauffage.  L'\u00e9talonnage avant la mesure n'est pas n\u00e9cessaire avec le FMX HydroTracer.","og_url":"https:\/\/artec-testapparatuur.nl\/fr\/produit\/dessiccateur-aboni-plastiques\/","og_site_name":"Artec Testnology","og_image":[{"width":1000,"height":1000,"url":"https:\/\/artec-testapparatuur.nl\/wp-content\/uploads\/2021\/02\/Aboni-Vochtanalyser-kunststoffen.png","type":"image\/png"}],"twitter_card":"summary_large_image","schema":{"@context":"https:\/\/schema.org","@graph":[{"@type":"WebPage","@id":"https:\/\/artec-testapparatuur.nl\/fr\/produit\/dessiccateur-aboni-plastiques\/","url":"https:\/\/artec-testapparatuur.nl\/fr\/produit\/dessiccateur-aboni-plastiques\/","name":"Dessiccateur Aboni, plastiques - Artec Testnology","isPartOf":{"@id":"https:\/\/artec-testapparatuur.nl\/fr\/#website"},"primaryImageOfPage":{"@id":"https:\/\/artec-testapparatuur.nl\/fr\/produit\/dessiccateur-aboni-plastiques\/#primaryimage"},"image":{"@id":"https:\/\/artec-testapparatuur.nl\/fr\/produit\/dessiccateur-aboni-plastiques\/#primaryimage"},"thumbnailUrl":"https:\/\/artec-testapparatuur.nl\/wp-content\/uploads\/2021\/02\/Aboni-Vochtanalyser-kunststoffen.png","datePublished":"2021-02-25T10:56:30+00:00","breadcrumb":{"@id":"https:\/\/artec-testapparatuur.nl\/fr\/produit\/dessiccateur-aboni-plastiques\/#breadcrumb"},"inLanguage":"fr-FR","potentialAction":[{"@type":"ReadAction","target":["https:\/\/artec-testapparatuur.nl\/fr\/produit\/dessiccateur-aboni-plastiques\/"]}]},{"@type":"ImageObject","inLanguage":"fr-FR","@id":"https:\/\/artec-testapparatuur.nl\/fr\/produit\/dessiccateur-aboni-plastiques\/#primaryimage","url":"https:\/\/artec-testapparatuur.nl\/wp-content\/uploads\/2021\/02\/Aboni-Vochtanalyser-kunststoffen.png","contentUrl":"https:\/\/artec-testapparatuur.nl\/wp-content\/uploads\/2021\/02\/Aboni-Vochtanalyser-kunststoffen.png","width":1000,"height":1000},{"@type":"BreadcrumbList","@id":"https:\/\/artec-testapparatuur.nl\/fr\/produit\/dessiccateur-aboni-plastiques\/#breadcrumb","itemListElement":[{"@type":"ListItem","position":1,"name":"Home","item":"https:\/\/artec-testapparatuur.nl\/fr\/"},{"@type":"ListItem","position":2,"name":"Produits","item":"https:\/\/artec-testapparatuur.nl\/fr\/shop\/"},{"@type":"ListItem","position":3,"name":"Dessiccateur Aboni, plastiques"}]},{"@type":"WebSite","@id":"https:\/\/artec-testapparatuur.nl\/fr\/#website","url":"https:\/\/artec-testapparatuur.nl\/fr\/","name":"Artec Testnology","description":"Your link to quality","potentialAction":[{"@type":"SearchAction","target":{"@type":"EntryPoint","urlTemplate":"https:\/\/artec-testapparatuur.nl\/fr\/?s={search_term_string}"},"query-input":{"@type":"PropertyValueSpecification","valueRequired":true,"valueName":"search_term_string"}}],"inLanguage":"fr-FR"}]}},"_links":{"self":[{"href":"https:\/\/artec-testapparatuur.nl\/fr\/wp-json\/wp\/v2\/product\/1945","targetHints":{"allow":["GET"]}}],"collection":[{"href":"https:\/\/artec-testapparatuur.nl\/fr\/wp-json\/wp\/v2\/product"}],"about":[{"href":"https:\/\/artec-testapparatuur.nl\/fr\/wp-json\/wp\/v2\/types\/product"}],"wp:featuredmedia":[{"embeddable":true,"href":"https:\/\/artec-testapparatuur.nl\/fr\/wp-json\/wp\/v2\/media\/630"}],"wp:attachment":[{"href":"https:\/\/artec-testapparatuur.nl\/fr\/wp-json\/wp\/v2\/media?parent=1945"}],"wp:term":[{"taxonomy":"product_brand","embeddable":true,"href":"https:\/\/artec-testapparatuur.nl\/fr\/wp-json\/wp\/v2\/product_brand?post=1945"},{"taxonomy":"product_cat","embeddable":true,"href":"https:\/\/artec-testapparatuur.nl\/fr\/wp-json\/wp\/v2\/product_cat?post=1945"},{"taxonomy":"product_tag","embeddable":true,"href":"https:\/\/artec-testapparatuur.nl\/fr\/wp-json\/wp\/v2\/product_tag?post=1945"}],"curies":[{"name":"wp","href":"https:\/\/api.w.org\/{rel}","templated":true}]}}