{"id":1931,"date":"2021-02-25T14:05:40","date_gmt":"2021-02-25T13:05:40","guid":{"rendered":"https:\/\/artec.kopdigitaal-dev.nl\/product\/textest-labair-iv\/"},"modified":"2021-02-25T14:05:40","modified_gmt":"2021-02-25T13:05:40","slug":"textest-labair-iv","status":"publish","type":"product","link":"https:\/\/artec-testapparatuur.nl\/fr\/produit\/textest-labair-iv\/","title":{"rendered":"Textest Labair IV"},"content":{"rendered":"<p>\u00c9galement pour le test des bouchons buccaux selon EN 14683, Annexe C. R\u00e9cemment adapt\u00e9 pour le d\u00e9roulement enti\u00e8rement automatique de ce test.<\/p>\n<p>\u00c9galement pour les textiles techniques. Peut \u00eatre utilis\u00e9 en laboratoire et dans le processus de production.<\/p>\n<p>Textest a acquis un nom \u00e9tabli dans le monde entier avec ses \u00e9quipements de mesure de la perm\u00e9abilit\u00e9 \u00e0 l&rsquo;air.<\/p>\n<p>Ceci est bas\u00e9 sur 50 ans d&rsquo;exp\u00e9rience, de savoir-faire et de d\u00e9veloppement dans la mesure de la perm\u00e9abilit\u00e9 \u00e0 l&rsquo;air. Le Labair IV multifonctionnel r\u00e9pond \u00e0 toutes les exigences en mati\u00e8re de perm\u00e9abilit\u00e9 \u00e0 l&rsquo;air de vos produits.<\/p>\n","protected":false},"excerpt":{"rendered":"<p>\u00c9galement pour le test des bouchons buccaux selon EN 14683, Annexe C. R\u00e9cemment adapt\u00e9 pour le d\u00e9roulement enti\u00e8rement automatique de ce test.<\/p>\n<p>\u00c9galement pour les textiles techniques. Peut \u00eatre utilis\u00e9 en laboratoire et dans le processus de production.<\/p>\n<p>Textest a acquis un nom \u00e9tabli dans le monde entier avec ses \u00e9quipements de mesure de la perm\u00e9abilit\u00e9 \u00e0 l&rsquo;air.<\/p>\n<p>Ceci est bas\u00e9 sur 50 ans d&rsquo;exp\u00e9rience, de savoir-faire et de d\u00e9veloppement dans la mesure de la perm\u00e9abilit\u00e9 \u00e0 l&rsquo;air. Le Labair IV multifonctionnel r\u00e9pond \u00e0 toutes les exigences en mati\u00e8re de perm\u00e9abilit\u00e9 \u00e0 l&rsquo;air de vos produits.<\/p>\n","protected":false},"featured_media":628,"template":"","meta":[],"product_brand":[],"product_cat":[2930,197],"product_tag":[],"class_list":{"0":"post-1931","1":"product","2":"type-product","3":"status-publish","4":"has-post-thumbnail","6":"product_cat-non-tisse-fr","7":"product_cat-permeabilite-a-air","8":"pa_materiaal-equipement-de-protection-individuelle","9":"pa_materiaal-feutre","10":"pa_materiaal-film-fr","11":"pa_materiaal-mousses","12":"pa_materiaal-non-tisses-fr","13":"pa_materiaal-papier-fr","14":"pa_materiaal-pbm-fr","15":"pa_materiaal-textile-fr","16":"pa_merk-textest-fr","17":"pa_norm-afnor-g-07-111-fr","18":"pa_norm-astm-d-3574-fr","19":"pa_norm-astm-d-737-fr","20":"pa_norm-bs-5636-fr","21":"pa_norm-comfort-testen-fr","22":"pa_norm-din-53887-fr","23":"pa_norm-edana-140-1-fr","24":"pa_norm-en-14683-appendix-c-fr","25":"pa_norm-iso-7231-fr","26":"pa_norm-iso-923-fr","27":"pa_norm-jis-l-1096-a-fr","28":"pa_norm-pbm-fr","29":"pa_norm-permeabilite-a-lair","30":"pa_norm-tappi-t-251-fr","31":"pa_norm-textile","32":"pa_toepassing-confort","33":"pa_toepassing-mesure-de-la-permeabilite-a-lair","34":"pa_toepassing-permeabilite-a-lair","36":"first","37":"instock","38":"shipping-taxable","39":"purchasable","40":"product-type-simple"},"acf":[],"yoast_head":"<!-- This site is optimized with the Yoast SEO plugin v26.9 - https:\/\/yoast.com\/product\/yoast-seo-wordpress\/ -->\n<title>Textest Labair IV - Artec Testnology<\/title>\n<meta name=\"robots\" content=\"index, follow, max-snippet:-1, max-image-preview:large, max-video-preview:-1\" \/>\n<link rel=\"canonical\" href=\"https:\/\/artec-testapparatuur.nl\/fr\/produit\/textest-labair-iv\/\" \/>\n<meta property=\"og:locale\" content=\"fr_FR\" \/>\n<meta property=\"og:type\" content=\"article\" \/>\n<meta property=\"og:title\" content=\"Textest Labair IV - Artec Testnology\" \/>\n<meta property=\"og:description\" content=\"\u00c9galement pour le test des bouchons buccaux selon EN 14683, Annexe C. R\u00e9cemment adapt\u00e9 pour le d\u00e9roulement enti\u00e8rement automatique de ce test.  \u00c9galement pour les textiles techniques. Peut \u00eatre utilis\u00e9 en laboratoire et dans le processus de production.  Textest a acquis un nom \u00e9tabli dans le monde entier avec ses \u00e9quipements de mesure de la perm\u00e9abilit\u00e9 \u00e0 l&#039;air.  Ceci est bas\u00e9 sur 50 ans d&#039;exp\u00e9rience, de savoir-faire et de d\u00e9veloppement dans la mesure de la perm\u00e9abilit\u00e9 \u00e0 l&#039;air. Le Labair IV multifonctionnel r\u00e9pond \u00e0 toutes les exigences en mati\u00e8re de perm\u00e9abilit\u00e9 \u00e0 l&#039;air de vos produits.\" \/>\n<meta property=\"og:url\" content=\"https:\/\/artec-testapparatuur.nl\/fr\/produit\/textest-labair-iv\/\" \/>\n<meta property=\"og:site_name\" content=\"Artec Testnology\" \/>\n<meta property=\"og:image\" content=\"https:\/\/artec-testapparatuur.nl\/wp-content\/uploads\/2021\/02\/Textest-Labair-IV.png\" \/>\n\t<meta property=\"og:image:width\" content=\"1000\" \/>\n\t<meta property=\"og:image:height\" content=\"1000\" \/>\n\t<meta property=\"og:image:type\" content=\"image\/png\" \/>\n<meta name=\"twitter:card\" content=\"summary_large_image\" \/>\n<meta name=\"twitter:label1\" content=\"Dur\u00e9e de lecture estim\u00e9e\" \/>\n\t<meta name=\"twitter:data1\" content=\"1 minute\" \/>\n<script type=\"application\/ld+json\" class=\"yoast-schema-graph\">{\"@context\":\"https:\/\/schema.org\",\"@graph\":[{\"@type\":\"WebPage\",\"@id\":\"https:\/\/artec-testapparatuur.nl\/fr\/produit\/textest-labair-iv\/\",\"url\":\"https:\/\/artec-testapparatuur.nl\/fr\/produit\/textest-labair-iv\/\",\"name\":\"Textest Labair IV - Artec Testnology\",\"isPartOf\":{\"@id\":\"https:\/\/artec-testapparatuur.nl\/fr\/#website\"},\"primaryImageOfPage\":{\"@id\":\"https:\/\/artec-testapparatuur.nl\/fr\/produit\/textest-labair-iv\/#primaryimage\"},\"image\":{\"@id\":\"https:\/\/artec-testapparatuur.nl\/fr\/produit\/textest-labair-iv\/#primaryimage\"},\"thumbnailUrl\":\"https:\/\/artec-testapparatuur.nl\/wp-content\/uploads\/2021\/02\/Textest-Labair-IV.png\",\"datePublished\":\"2021-02-25T13:05:40+00:00\",\"breadcrumb\":{\"@id\":\"https:\/\/artec-testapparatuur.nl\/fr\/produit\/textest-labair-iv\/#breadcrumb\"},\"inLanguage\":\"fr-FR\",\"potentialAction\":[{\"@type\":\"ReadAction\",\"target\":[\"https:\/\/artec-testapparatuur.nl\/fr\/produit\/textest-labair-iv\/\"]}]},{\"@type\":\"ImageObject\",\"inLanguage\":\"fr-FR\",\"@id\":\"https:\/\/artec-testapparatuur.nl\/fr\/produit\/textest-labair-iv\/#primaryimage\",\"url\":\"https:\/\/artec-testapparatuur.nl\/wp-content\/uploads\/2021\/02\/Textest-Labair-IV.png\",\"contentUrl\":\"https:\/\/artec-testapparatuur.nl\/wp-content\/uploads\/2021\/02\/Textest-Labair-IV.png\",\"width\":1000,\"height\":1000},{\"@type\":\"BreadcrumbList\",\"@id\":\"https:\/\/artec-testapparatuur.nl\/fr\/produit\/textest-labair-iv\/#breadcrumb\",\"itemListElement\":[{\"@type\":\"ListItem\",\"position\":1,\"name\":\"Home\",\"item\":\"https:\/\/artec-testapparatuur.nl\/fr\/\"},{\"@type\":\"ListItem\",\"position\":2,\"name\":\"Produits\",\"item\":\"https:\/\/artec-testapparatuur.nl\/fr\/shop\/\"},{\"@type\":\"ListItem\",\"position\":3,\"name\":\"Textest Labair IV\"}]},{\"@type\":\"WebSite\",\"@id\":\"https:\/\/artec-testapparatuur.nl\/fr\/#website\",\"url\":\"https:\/\/artec-testapparatuur.nl\/fr\/\",\"name\":\"Artec Testnology\",\"description\":\"Your link to quality\",\"potentialAction\":[{\"@type\":\"SearchAction\",\"target\":{\"@type\":\"EntryPoint\",\"urlTemplate\":\"https:\/\/artec-testapparatuur.nl\/fr\/?s={search_term_string}\"},\"query-input\":{\"@type\":\"PropertyValueSpecification\",\"valueRequired\":true,\"valueName\":\"search_term_string\"}}],\"inLanguage\":\"fr-FR\"}]}<\/script>\n<!-- \/ Yoast SEO plugin. -->","yoast_head_json":{"title":"Textest Labair IV - Artec Testnology","robots":{"index":"index","follow":"follow","max-snippet":"max-snippet:-1","max-image-preview":"max-image-preview:large","max-video-preview":"max-video-preview:-1"},"canonical":"https:\/\/artec-testapparatuur.nl\/fr\/produit\/textest-labair-iv\/","og_locale":"fr_FR","og_type":"article","og_title":"Textest Labair IV - Artec Testnology","og_description":"\u00c9galement pour le test des bouchons buccaux selon EN 14683, Annexe C. R\u00e9cemment adapt\u00e9 pour le d\u00e9roulement enti\u00e8rement automatique de ce test.  \u00c9galement pour les textiles techniques. Peut \u00eatre utilis\u00e9 en laboratoire et dans le processus de production.  Textest a acquis un nom \u00e9tabli dans le monde entier avec ses \u00e9quipements de mesure de la perm\u00e9abilit\u00e9 \u00e0 l'air.  Ceci est bas\u00e9 sur 50 ans d'exp\u00e9rience, de savoir-faire et de d\u00e9veloppement dans la mesure de la perm\u00e9abilit\u00e9 \u00e0 l'air. Le Labair IV multifonctionnel r\u00e9pond \u00e0 toutes les exigences en mati\u00e8re de perm\u00e9abilit\u00e9 \u00e0 l'air de vos produits.","og_url":"https:\/\/artec-testapparatuur.nl\/fr\/produit\/textest-labair-iv\/","og_site_name":"Artec Testnology","og_image":[{"width":1000,"height":1000,"url":"https:\/\/artec-testapparatuur.nl\/wp-content\/uploads\/2021\/02\/Textest-Labair-IV.png","type":"image\/png"}],"twitter_card":"summary_large_image","twitter_misc":{"Dur\u00e9e de lecture estim\u00e9e":"1 minute"},"schema":{"@context":"https:\/\/schema.org","@graph":[{"@type":"WebPage","@id":"https:\/\/artec-testapparatuur.nl\/fr\/produit\/textest-labair-iv\/","url":"https:\/\/artec-testapparatuur.nl\/fr\/produit\/textest-labair-iv\/","name":"Textest Labair IV - Artec Testnology","isPartOf":{"@id":"https:\/\/artec-testapparatuur.nl\/fr\/#website"},"primaryImageOfPage":{"@id":"https:\/\/artec-testapparatuur.nl\/fr\/produit\/textest-labair-iv\/#primaryimage"},"image":{"@id":"https:\/\/artec-testapparatuur.nl\/fr\/produit\/textest-labair-iv\/#primaryimage"},"thumbnailUrl":"https:\/\/artec-testapparatuur.nl\/wp-content\/uploads\/2021\/02\/Textest-Labair-IV.png","datePublished":"2021-02-25T13:05:40+00:00","breadcrumb":{"@id":"https:\/\/artec-testapparatuur.nl\/fr\/produit\/textest-labair-iv\/#breadcrumb"},"inLanguage":"fr-FR","potentialAction":[{"@type":"ReadAction","target":["https:\/\/artec-testapparatuur.nl\/fr\/produit\/textest-labair-iv\/"]}]},{"@type":"ImageObject","inLanguage":"fr-FR","@id":"https:\/\/artec-testapparatuur.nl\/fr\/produit\/textest-labair-iv\/#primaryimage","url":"https:\/\/artec-testapparatuur.nl\/wp-content\/uploads\/2021\/02\/Textest-Labair-IV.png","contentUrl":"https:\/\/artec-testapparatuur.nl\/wp-content\/uploads\/2021\/02\/Textest-Labair-IV.png","width":1000,"height":1000},{"@type":"BreadcrumbList","@id":"https:\/\/artec-testapparatuur.nl\/fr\/produit\/textest-labair-iv\/#breadcrumb","itemListElement":[{"@type":"ListItem","position":1,"name":"Home","item":"https:\/\/artec-testapparatuur.nl\/fr\/"},{"@type":"ListItem","position":2,"name":"Produits","item":"https:\/\/artec-testapparatuur.nl\/fr\/shop\/"},{"@type":"ListItem","position":3,"name":"Textest Labair IV"}]},{"@type":"WebSite","@id":"https:\/\/artec-testapparatuur.nl\/fr\/#website","url":"https:\/\/artec-testapparatuur.nl\/fr\/","name":"Artec Testnology","description":"Your link to quality","potentialAction":[{"@type":"SearchAction","target":{"@type":"EntryPoint","urlTemplate":"https:\/\/artec-testapparatuur.nl\/fr\/?s={search_term_string}"},"query-input":{"@type":"PropertyValueSpecification","valueRequired":true,"valueName":"search_term_string"}}],"inLanguage":"fr-FR"}]}},"_links":{"self":[{"href":"https:\/\/artec-testapparatuur.nl\/fr\/wp-json\/wp\/v2\/product\/1931","targetHints":{"allow":["GET"]}}],"collection":[{"href":"https:\/\/artec-testapparatuur.nl\/fr\/wp-json\/wp\/v2\/product"}],"about":[{"href":"https:\/\/artec-testapparatuur.nl\/fr\/wp-json\/wp\/v2\/types\/product"}],"wp:featuredmedia":[{"embeddable":true,"href":"https:\/\/artec-testapparatuur.nl\/fr\/wp-json\/wp\/v2\/media\/628"}],"wp:attachment":[{"href":"https:\/\/artec-testapparatuur.nl\/fr\/wp-json\/wp\/v2\/media?parent=1931"}],"wp:term":[{"taxonomy":"product_brand","embeddable":true,"href":"https:\/\/artec-testapparatuur.nl\/fr\/wp-json\/wp\/v2\/product_brand?post=1931"},{"taxonomy":"product_cat","embeddable":true,"href":"https:\/\/artec-testapparatuur.nl\/fr\/wp-json\/wp\/v2\/product_cat?post=1931"},{"taxonomy":"product_tag","embeddable":true,"href":"https:\/\/artec-testapparatuur.nl\/fr\/wp-json\/wp\/v2\/product_tag?post=1931"}],"curies":[{"name":"wp","href":"https:\/\/api.w.org\/{rel}","templated":true}]}}