{"id":1928,"date":"2021-02-25T14:08:32","date_gmt":"2021-02-25T13:08:32","guid":{"rendered":"https:\/\/artec.kopdigitaal-dev.nl\/product\/aca-testeur-de-durete-papier-film\/"},"modified":"2021-02-25T14:08:32","modified_gmt":"2021-02-25T13:08:32","slug":"aca-testeur-de-durete-papier-film","status":"publish","type":"product","link":"https:\/\/artec-testapparatuur.nl\/fr\/produit\/aca-testeur-de-durete-papier-film\/","title":{"rendered":"ACA, testeur de duret\u00e9, papier, film"},"content":{"rendered":"<p>ACA RoQ \u2013 Profileur de duret\u00e9 au rouleau<\/p>\n<p>Le profil de duret\u00e9 du rouleau est un param\u00e8tre important qui d\u00e9finit un bon rouleau. L&rsquo;analyseur de qualit\u00e9 de rouleau RoQ est la derni\u00e8re innovation en mati\u00e8re de mesure de profil de rouleau. Le RoQ g\u00e9n\u00e8re automatiquement des profils reproductibles \u00e0 haute r\u00e9solution avec une proc\u00e9dure de mesure simple.<\/p>\n<p>Top 3 des avantages ACA RoQ<\/p>\n<p>\u00c9conomies de co\u00fbts gr\u00e2ce \u00e0 moins de plaintes concernant la qualit\u00e9 des rouleaux<br \/>\nIdentification des erreurs de roulement telles que le sac, les marques de corde, les plis et les bords mous<br \/>\nContr\u00f4le du processus bas\u00e9 sur les informations des profils haute r\u00e9solution (les scanners en ligne ne peuvent pas d\u00e9tecter les petites variations de mani\u00e8re suffisamment fiable)<\/p>\n","protected":false},"excerpt":{"rendered":"<p>ACA RoQ \u2013 Profileur de duret\u00e9 au rouleau<\/p>\n<p>Le profil de duret\u00e9 du rouleau est un param\u00e8tre important qui d\u00e9finit un bon rouleau. L&rsquo;analyseur de qualit\u00e9 de rouleau RoQ est la derni\u00e8re innovation en mati\u00e8re de mesure de profil de rouleau. Le RoQ g\u00e9n\u00e8re automatiquement des profils reproductibles \u00e0 haute r\u00e9solution avec une proc\u00e9dure de mesure simple.<\/p>\n<p>Top 3 des avantages ACA RoQ<\/p>\n<p>\u00c9conomies de co\u00fbts gr\u00e2ce \u00e0 moins de plaintes concernant la qualit\u00e9 des rouleaux<br \/>\nIdentification des erreurs de roulement telles que le sac, les marques de corde, les plis et les bords mous<br \/>\nContr\u00f4le du processus bas\u00e9 sur les informations des profils haute r\u00e9solution (les scanners en ligne ne peuvent pas d\u00e9tecter les petites variations de mani\u00e8re suffisamment fiable)<\/p>\n","protected":false},"featured_media":632,"template":"","meta":[],"product_brand":[],"product_cat":[194],"product_tag":[],"class_list":{"0":"post-1928","1":"product","2":"type-product","3":"status-publish","4":"has-post-thumbnail","6":"product_cat-durete","7":"pa_materiaal-dejouer","8":"pa_materiaal-film-fr","9":"pa_materiaal-papier-fr","10":"pa_merk-aca-rop-fr","11":"pa_toepassing-durete","12":"pa_toepassing-mesure-de-profil","13":"pa_toepassing-rouler","15":"first","16":"instock","17":"shipping-taxable","18":"purchasable","19":"product-type-simple"},"acf":[],"yoast_head":"<!-- This site is optimized with the Yoast SEO plugin v26.9 - https:\/\/yoast.com\/product\/yoast-seo-wordpress\/ -->\n<title>ACA, testeur de duret\u00e9, papier, film - Artec Testnology<\/title>\n<meta name=\"robots\" content=\"index, follow, max-snippet:-1, max-image-preview:large, max-video-preview:-1\" \/>\n<link rel=\"canonical\" href=\"https:\/\/artec-testapparatuur.nl\/fr\/produit\/aca-testeur-de-durete-papier-film\/\" \/>\n<meta property=\"og:locale\" content=\"fr_FR\" \/>\n<meta property=\"og:type\" content=\"article\" \/>\n<meta property=\"og:title\" content=\"ACA, testeur de duret\u00e9, papier, film - Artec Testnology\" \/>\n<meta property=\"og:description\" content=\"ACA RoQ \u2013 Profileur de duret\u00e9 au rouleau  Le profil de duret\u00e9 du rouleau est un param\u00e8tre important qui d\u00e9finit un bon rouleau. L&#039;analyseur de qualit\u00e9 de rouleau RoQ est la derni\u00e8re innovation en mati\u00e8re de mesure de profil de rouleau. Le RoQ g\u00e9n\u00e8re automatiquement des profils reproductibles \u00e0 haute r\u00e9solution avec une proc\u00e9dure de mesure simple.  Top 3 des avantages ACA RoQ  \u00c9conomies de co\u00fbts gr\u00e2ce \u00e0 moins de plaintes concernant la qualit\u00e9 des rouleaux Identification des erreurs de roulement telles que le sac, les marques de corde, les plis et les bords mous Contr\u00f4le du processus bas\u00e9 sur les informations des profils haute r\u00e9solution (les scanners en ligne ne peuvent pas d\u00e9tecter les petites variations de mani\u00e8re suffisamment fiable)\" \/>\n<meta property=\"og:url\" content=\"https:\/\/artec-testapparatuur.nl\/fr\/produit\/aca-testeur-de-durete-papier-film\/\" \/>\n<meta property=\"og:site_name\" content=\"Artec Testnology\" \/>\n<meta property=\"og:image\" content=\"https:\/\/artec-testapparatuur.nl\/wp-content\/uploads\/2021\/02\/ACA-Hardheidsmeter-papier-film.png\" \/>\n\t<meta property=\"og:image:width\" content=\"1000\" \/>\n\t<meta property=\"og:image:height\" content=\"1000\" \/>\n\t<meta property=\"og:image:type\" content=\"image\/png\" \/>\n<meta name=\"twitter:card\" content=\"summary_large_image\" \/>\n<meta name=\"twitter:label1\" content=\"Dur\u00e9e de lecture estim\u00e9e\" \/>\n\t<meta name=\"twitter:data1\" content=\"1 minute\" \/>\n<script type=\"application\/ld+json\" class=\"yoast-schema-graph\">{\"@context\":\"https:\/\/schema.org\",\"@graph\":[{\"@type\":\"WebPage\",\"@id\":\"https:\/\/artec-testapparatuur.nl\/fr\/produit\/aca-testeur-de-durete-papier-film\/\",\"url\":\"https:\/\/artec-testapparatuur.nl\/fr\/produit\/aca-testeur-de-durete-papier-film\/\",\"name\":\"ACA, testeur de duret\u00e9, papier, film - Artec Testnology\",\"isPartOf\":{\"@id\":\"https:\/\/artec-testapparatuur.nl\/fr\/#website\"},\"primaryImageOfPage\":{\"@id\":\"https:\/\/artec-testapparatuur.nl\/fr\/produit\/aca-testeur-de-durete-papier-film\/#primaryimage\"},\"image\":{\"@id\":\"https:\/\/artec-testapparatuur.nl\/fr\/produit\/aca-testeur-de-durete-papier-film\/#primaryimage\"},\"thumbnailUrl\":\"https:\/\/artec-testapparatuur.nl\/wp-content\/uploads\/2021\/02\/ACA-Hardheidsmeter-papier-film.png\",\"datePublished\":\"2021-02-25T13:08:32+00:00\",\"breadcrumb\":{\"@id\":\"https:\/\/artec-testapparatuur.nl\/fr\/produit\/aca-testeur-de-durete-papier-film\/#breadcrumb\"},\"inLanguage\":\"fr-FR\",\"potentialAction\":[{\"@type\":\"ReadAction\",\"target\":[\"https:\/\/artec-testapparatuur.nl\/fr\/produit\/aca-testeur-de-durete-papier-film\/\"]}]},{\"@type\":\"ImageObject\",\"inLanguage\":\"fr-FR\",\"@id\":\"https:\/\/artec-testapparatuur.nl\/fr\/produit\/aca-testeur-de-durete-papier-film\/#primaryimage\",\"url\":\"https:\/\/artec-testapparatuur.nl\/wp-content\/uploads\/2021\/02\/ACA-Hardheidsmeter-papier-film.png\",\"contentUrl\":\"https:\/\/artec-testapparatuur.nl\/wp-content\/uploads\/2021\/02\/ACA-Hardheidsmeter-papier-film.png\",\"width\":1000,\"height\":1000},{\"@type\":\"BreadcrumbList\",\"@id\":\"https:\/\/artec-testapparatuur.nl\/fr\/produit\/aca-testeur-de-durete-papier-film\/#breadcrumb\",\"itemListElement\":[{\"@type\":\"ListItem\",\"position\":1,\"name\":\"Home\",\"item\":\"https:\/\/artec-testapparatuur.nl\/fr\/\"},{\"@type\":\"ListItem\",\"position\":2,\"name\":\"Produits\",\"item\":\"https:\/\/artec-testapparatuur.nl\/fr\/shop\/\"},{\"@type\":\"ListItem\",\"position\":3,\"name\":\"ACA, testeur de duret\u00e9, papier, film\"}]},{\"@type\":\"WebSite\",\"@id\":\"https:\/\/artec-testapparatuur.nl\/fr\/#website\",\"url\":\"https:\/\/artec-testapparatuur.nl\/fr\/\",\"name\":\"Artec Testnology\",\"description\":\"Your link to quality\",\"potentialAction\":[{\"@type\":\"SearchAction\",\"target\":{\"@type\":\"EntryPoint\",\"urlTemplate\":\"https:\/\/artec-testapparatuur.nl\/fr\/?s={search_term_string}\"},\"query-input\":{\"@type\":\"PropertyValueSpecification\",\"valueRequired\":true,\"valueName\":\"search_term_string\"}}],\"inLanguage\":\"fr-FR\"}]}<\/script>\n<!-- \/ Yoast SEO plugin. -->","yoast_head_json":{"title":"ACA, testeur de duret\u00e9, papier, film - Artec Testnology","robots":{"index":"index","follow":"follow","max-snippet":"max-snippet:-1","max-image-preview":"max-image-preview:large","max-video-preview":"max-video-preview:-1"},"canonical":"https:\/\/artec-testapparatuur.nl\/fr\/produit\/aca-testeur-de-durete-papier-film\/","og_locale":"fr_FR","og_type":"article","og_title":"ACA, testeur de duret\u00e9, papier, film - Artec Testnology","og_description":"ACA RoQ \u2013 Profileur de duret\u00e9 au rouleau  Le profil de duret\u00e9 du rouleau est un param\u00e8tre important qui d\u00e9finit un bon rouleau. L'analyseur de qualit\u00e9 de rouleau RoQ est la derni\u00e8re innovation en mati\u00e8re de mesure de profil de rouleau. Le RoQ g\u00e9n\u00e8re automatiquement des profils reproductibles \u00e0 haute r\u00e9solution avec une proc\u00e9dure de mesure simple.  Top 3 des avantages ACA RoQ  \u00c9conomies de co\u00fbts gr\u00e2ce \u00e0 moins de plaintes concernant la qualit\u00e9 des rouleaux Identification des erreurs de roulement telles que le sac, les marques de corde, les plis et les bords mous Contr\u00f4le du processus bas\u00e9 sur les informations des profils haute r\u00e9solution (les scanners en ligne ne peuvent pas d\u00e9tecter les petites variations de mani\u00e8re suffisamment fiable)","og_url":"https:\/\/artec-testapparatuur.nl\/fr\/produit\/aca-testeur-de-durete-papier-film\/","og_site_name":"Artec Testnology","og_image":[{"width":1000,"height":1000,"url":"https:\/\/artec-testapparatuur.nl\/wp-content\/uploads\/2021\/02\/ACA-Hardheidsmeter-papier-film.png","type":"image\/png"}],"twitter_card":"summary_large_image","twitter_misc":{"Dur\u00e9e de lecture estim\u00e9e":"1 minute"},"schema":{"@context":"https:\/\/schema.org","@graph":[{"@type":"WebPage","@id":"https:\/\/artec-testapparatuur.nl\/fr\/produit\/aca-testeur-de-durete-papier-film\/","url":"https:\/\/artec-testapparatuur.nl\/fr\/produit\/aca-testeur-de-durete-papier-film\/","name":"ACA, testeur de duret\u00e9, papier, film - Artec Testnology","isPartOf":{"@id":"https:\/\/artec-testapparatuur.nl\/fr\/#website"},"primaryImageOfPage":{"@id":"https:\/\/artec-testapparatuur.nl\/fr\/produit\/aca-testeur-de-durete-papier-film\/#primaryimage"},"image":{"@id":"https:\/\/artec-testapparatuur.nl\/fr\/produit\/aca-testeur-de-durete-papier-film\/#primaryimage"},"thumbnailUrl":"https:\/\/artec-testapparatuur.nl\/wp-content\/uploads\/2021\/02\/ACA-Hardheidsmeter-papier-film.png","datePublished":"2021-02-25T13:08:32+00:00","breadcrumb":{"@id":"https:\/\/artec-testapparatuur.nl\/fr\/produit\/aca-testeur-de-durete-papier-film\/#breadcrumb"},"inLanguage":"fr-FR","potentialAction":[{"@type":"ReadAction","target":["https:\/\/artec-testapparatuur.nl\/fr\/produit\/aca-testeur-de-durete-papier-film\/"]}]},{"@type":"ImageObject","inLanguage":"fr-FR","@id":"https:\/\/artec-testapparatuur.nl\/fr\/produit\/aca-testeur-de-durete-papier-film\/#primaryimage","url":"https:\/\/artec-testapparatuur.nl\/wp-content\/uploads\/2021\/02\/ACA-Hardheidsmeter-papier-film.png","contentUrl":"https:\/\/artec-testapparatuur.nl\/wp-content\/uploads\/2021\/02\/ACA-Hardheidsmeter-papier-film.png","width":1000,"height":1000},{"@type":"BreadcrumbList","@id":"https:\/\/artec-testapparatuur.nl\/fr\/produit\/aca-testeur-de-durete-papier-film\/#breadcrumb","itemListElement":[{"@type":"ListItem","position":1,"name":"Home","item":"https:\/\/artec-testapparatuur.nl\/fr\/"},{"@type":"ListItem","position":2,"name":"Produits","item":"https:\/\/artec-testapparatuur.nl\/fr\/shop\/"},{"@type":"ListItem","position":3,"name":"ACA, testeur de duret\u00e9, papier, film"}]},{"@type":"WebSite","@id":"https:\/\/artec-testapparatuur.nl\/fr\/#website","url":"https:\/\/artec-testapparatuur.nl\/fr\/","name":"Artec Testnology","description":"Your link to quality","potentialAction":[{"@type":"SearchAction","target":{"@type":"EntryPoint","urlTemplate":"https:\/\/artec-testapparatuur.nl\/fr\/?s={search_term_string}"},"query-input":{"@type":"PropertyValueSpecification","valueRequired":true,"valueName":"search_term_string"}}],"inLanguage":"fr-FR"}]}},"_links":{"self":[{"href":"https:\/\/artec-testapparatuur.nl\/fr\/wp-json\/wp\/v2\/product\/1928","targetHints":{"allow":["GET"]}}],"collection":[{"href":"https:\/\/artec-testapparatuur.nl\/fr\/wp-json\/wp\/v2\/product"}],"about":[{"href":"https:\/\/artec-testapparatuur.nl\/fr\/wp-json\/wp\/v2\/types\/product"}],"wp:featuredmedia":[{"embeddable":true,"href":"https:\/\/artec-testapparatuur.nl\/fr\/wp-json\/wp\/v2\/media\/632"}],"wp:attachment":[{"href":"https:\/\/artec-testapparatuur.nl\/fr\/wp-json\/wp\/v2\/media?parent=1928"}],"wp:term":[{"taxonomy":"product_brand","embeddable":true,"href":"https:\/\/artec-testapparatuur.nl\/fr\/wp-json\/wp\/v2\/product_brand?post=1928"},{"taxonomy":"product_cat","embeddable":true,"href":"https:\/\/artec-testapparatuur.nl\/fr\/wp-json\/wp\/v2\/product_cat?post=1928"},{"taxonomy":"product_tag","embeddable":true,"href":"https:\/\/artec-testapparatuur.nl\/fr\/wp-json\/wp\/v2\/product_tag?post=1928"}],"curies":[{"name":"wp","href":"https:\/\/api.w.org\/{rel}","templated":true}]}}