{"id":1919,"date":"2021-02-25T14:20:05","date_gmt":"2021-02-25T13:20:05","guid":{"rendered":"https:\/\/artec.kopdigitaal-dev.nl\/product\/testeur-de-surface-innowep-universel\/"},"modified":"2021-02-25T14:20:05","modified_gmt":"2021-02-25T13:20:05","slug":"testeur-de-surface-innowep-universel","status":"publish","type":"product","link":"https:\/\/artec-testapparatuur.nl\/fr\/produit\/testeur-de-surface-innowep-universel\/","title":{"rendered":"Testeur de surface Innowep, universel"},"content":{"rendered":"<p>Instrument universel pour la d\u00e9termination des propri\u00e9t\u00e9s microm\u00e9caniques des mat\u00e9riaux et des surfaces. Analyse avec une pr\u00e9cision submicrom\u00e9trique des propri\u00e9t\u00e9s microm\u00e9caniques, microtribologiques et fonctionnelles des mat\u00e9riaux. D\u00e9terminations de l&rsquo;usure, de la r\u00e9sistance aux rayures, des micro-frottements, de la structure et des propri\u00e9t\u00e9s haptiques.<br \/>\nLe champ d&rsquo;application de l&rsquo;UST\u00ae ne se limite pas aux seuls plastiques, peintures, rev\u00eatements et impressions. Au lieu de cela, les c\u00e9ramiques m\u00e9talliques, les textiles, le caoutchouc et en m\u00e9decine, par exemple, le mat\u00e9riel humain ont \u00e9t\u00e9 mesur\u00e9s, \u00e9valu\u00e9s et class\u00e9s avec pr\u00e9cision.<\/p>\n","protected":false},"excerpt":{"rendered":"<p>Instrument universel pour la d\u00e9termination des propri\u00e9t\u00e9s microm\u00e9caniques des mat\u00e9riaux et des surfaces. Analyse avec une pr\u00e9cision submicrom\u00e9trique des propri\u00e9t\u00e9s microm\u00e9caniques, microtribologiques et fonctionnelles des mat\u00e9riaux. D\u00e9terminations de l&rsquo;usure, de la r\u00e9sistance aux rayures, des micro-frottements, de la structure et des propri\u00e9t\u00e9s haptiques.<br \/>\nLe champ d&rsquo;application de l&rsquo;UST\u00ae ne se limite pas aux seuls plastiques, peintures, rev\u00eatements et impressions. Au lieu de cela, les c\u00e9ramiques m\u00e9talliques, les textiles, le caoutchouc et en m\u00e9decine, par exemple, le mat\u00e9riel humain ont \u00e9t\u00e9 mesur\u00e9s, \u00e9valu\u00e9s et class\u00e9s avec pr\u00e9cision.<\/p>\n","protected":false},"featured_media":678,"template":"","meta":[],"product_brand":[],"product_cat":[208],"product_tag":[],"class_list":{"0":"post-1919","1":"product","2":"type-product","3":"status-publish","4":"has-post-thumbnail","6":"product_cat-analyse-de-surface","7":"pa_materiaal-tous-les-materiaux","8":"pa_materiaal-tous-les-produits","9":"pa_merk-innowep-fr","10":"pa_norm-din-en-iso-14577-fr","11":"pa_norm-din-en-iso-4287-fr","12":"pa_toepassing-analyse-de-surface","13":"pa_toepassing-profil","14":"pa_toepassing-rugosite","15":"pa_toepassing-structure-fr","16":"pa_toepassing-topographie","18":"first","19":"instock","20":"shipping-taxable","21":"purchasable","22":"product-type-simple"},"acf":[],"yoast_head":"<!-- This site is optimized with the Yoast SEO plugin v26.9 - https:\/\/yoast.com\/product\/yoast-seo-wordpress\/ -->\n<title>Testeur de surface Innowep, universel - Artec Testnology<\/title>\n<meta name=\"robots\" content=\"index, follow, max-snippet:-1, max-image-preview:large, max-video-preview:-1\" \/>\n<link rel=\"canonical\" href=\"https:\/\/artec-testapparatuur.nl\/fr\/produit\/testeur-de-surface-innowep-universel\/\" \/>\n<meta property=\"og:locale\" content=\"fr_FR\" \/>\n<meta property=\"og:type\" content=\"article\" \/>\n<meta property=\"og:title\" content=\"Testeur de surface Innowep, universel - Artec Testnology\" \/>\n<meta property=\"og:description\" content=\"Instrument universel pour la d\u00e9termination des propri\u00e9t\u00e9s microm\u00e9caniques des mat\u00e9riaux et des surfaces. Analyse avec une pr\u00e9cision submicrom\u00e9trique des propri\u00e9t\u00e9s microm\u00e9caniques, microtribologiques et fonctionnelles des mat\u00e9riaux. D\u00e9terminations de l&#039;usure, de la r\u00e9sistance aux rayures, des micro-frottements, de la structure et des propri\u00e9t\u00e9s haptiques. Le champ d&#039;application de l&#039;UST\u00ae ne se limite pas aux seuls plastiques, peintures, rev\u00eatements et impressions. Au lieu de cela, les c\u00e9ramiques m\u00e9talliques, les textiles, le caoutchouc et en m\u00e9decine, par exemple, le mat\u00e9riel humain ont \u00e9t\u00e9 mesur\u00e9s, \u00e9valu\u00e9s et class\u00e9s avec pr\u00e9cision.\" \/>\n<meta property=\"og:url\" content=\"https:\/\/artec-testapparatuur.nl\/fr\/produit\/testeur-de-surface-innowep-universel\/\" \/>\n<meta property=\"og:site_name\" content=\"Artec Testnology\" \/>\n<meta property=\"og:image\" content=\"https:\/\/artec-testapparatuur.nl\/wp-content\/uploads\/2021\/02\/Innowep-Oppervlak-Tester-universeel.png\" \/>\n\t<meta property=\"og:image:width\" content=\"1000\" \/>\n\t<meta property=\"og:image:height\" content=\"1000\" \/>\n\t<meta property=\"og:image:type\" content=\"image\/png\" \/>\n<meta name=\"twitter:card\" content=\"summary_large_image\" \/>\n<meta name=\"twitter:label1\" content=\"Dur\u00e9e de lecture estim\u00e9e\" \/>\n\t<meta name=\"twitter:data1\" content=\"1 minute\" \/>\n<script type=\"application\/ld+json\" class=\"yoast-schema-graph\">{\"@context\":\"https:\/\/schema.org\",\"@graph\":[{\"@type\":\"WebPage\",\"@id\":\"https:\/\/artec-testapparatuur.nl\/fr\/produit\/testeur-de-surface-innowep-universel\/\",\"url\":\"https:\/\/artec-testapparatuur.nl\/fr\/produit\/testeur-de-surface-innowep-universel\/\",\"name\":\"Testeur de surface Innowep, universel - Artec Testnology\",\"isPartOf\":{\"@id\":\"https:\/\/artec-testapparatuur.nl\/fr\/#website\"},\"primaryImageOfPage\":{\"@id\":\"https:\/\/artec-testapparatuur.nl\/fr\/produit\/testeur-de-surface-innowep-universel\/#primaryimage\"},\"image\":{\"@id\":\"https:\/\/artec-testapparatuur.nl\/fr\/produit\/testeur-de-surface-innowep-universel\/#primaryimage\"},\"thumbnailUrl\":\"https:\/\/artec-testapparatuur.nl\/wp-content\/uploads\/2021\/02\/Innowep-Oppervlak-Tester-universeel.png\",\"datePublished\":\"2021-02-25T13:20:05+00:00\",\"breadcrumb\":{\"@id\":\"https:\/\/artec-testapparatuur.nl\/fr\/produit\/testeur-de-surface-innowep-universel\/#breadcrumb\"},\"inLanguage\":\"fr-FR\",\"potentialAction\":[{\"@type\":\"ReadAction\",\"target\":[\"https:\/\/artec-testapparatuur.nl\/fr\/produit\/testeur-de-surface-innowep-universel\/\"]}]},{\"@type\":\"ImageObject\",\"inLanguage\":\"fr-FR\",\"@id\":\"https:\/\/artec-testapparatuur.nl\/fr\/produit\/testeur-de-surface-innowep-universel\/#primaryimage\",\"url\":\"https:\/\/artec-testapparatuur.nl\/wp-content\/uploads\/2021\/02\/Innowep-Oppervlak-Tester-universeel.png\",\"contentUrl\":\"https:\/\/artec-testapparatuur.nl\/wp-content\/uploads\/2021\/02\/Innowep-Oppervlak-Tester-universeel.png\",\"width\":1000,\"height\":1000},{\"@type\":\"BreadcrumbList\",\"@id\":\"https:\/\/artec-testapparatuur.nl\/fr\/produit\/testeur-de-surface-innowep-universel\/#breadcrumb\",\"itemListElement\":[{\"@type\":\"ListItem\",\"position\":1,\"name\":\"Home\",\"item\":\"https:\/\/artec-testapparatuur.nl\/fr\/\"},{\"@type\":\"ListItem\",\"position\":2,\"name\":\"Produits\",\"item\":\"https:\/\/artec-testapparatuur.nl\/fr\/shop\/\"},{\"@type\":\"ListItem\",\"position\":3,\"name\":\"Testeur de surface Innowep, universel\"}]},{\"@type\":\"WebSite\",\"@id\":\"https:\/\/artec-testapparatuur.nl\/fr\/#website\",\"url\":\"https:\/\/artec-testapparatuur.nl\/fr\/\",\"name\":\"Artec Testnology\",\"description\":\"Your link to quality\",\"potentialAction\":[{\"@type\":\"SearchAction\",\"target\":{\"@type\":\"EntryPoint\",\"urlTemplate\":\"https:\/\/artec-testapparatuur.nl\/fr\/?s={search_term_string}\"},\"query-input\":{\"@type\":\"PropertyValueSpecification\",\"valueRequired\":true,\"valueName\":\"search_term_string\"}}],\"inLanguage\":\"fr-FR\"}]}<\/script>\n<!-- \/ Yoast SEO plugin. -->","yoast_head_json":{"title":"Testeur de surface Innowep, universel - Artec Testnology","robots":{"index":"index","follow":"follow","max-snippet":"max-snippet:-1","max-image-preview":"max-image-preview:large","max-video-preview":"max-video-preview:-1"},"canonical":"https:\/\/artec-testapparatuur.nl\/fr\/produit\/testeur-de-surface-innowep-universel\/","og_locale":"fr_FR","og_type":"article","og_title":"Testeur de surface Innowep, universel - Artec Testnology","og_description":"Instrument universel pour la d\u00e9termination des propri\u00e9t\u00e9s microm\u00e9caniques des mat\u00e9riaux et des surfaces. Analyse avec une pr\u00e9cision submicrom\u00e9trique des propri\u00e9t\u00e9s microm\u00e9caniques, microtribologiques et fonctionnelles des mat\u00e9riaux. D\u00e9terminations de l'usure, de la r\u00e9sistance aux rayures, des micro-frottements, de la structure et des propri\u00e9t\u00e9s haptiques. Le champ d'application de l'UST\u00ae ne se limite pas aux seuls plastiques, peintures, rev\u00eatements et impressions. Au lieu de cela, les c\u00e9ramiques m\u00e9talliques, les textiles, le caoutchouc et en m\u00e9decine, par exemple, le mat\u00e9riel humain ont \u00e9t\u00e9 mesur\u00e9s, \u00e9valu\u00e9s et class\u00e9s avec pr\u00e9cision.","og_url":"https:\/\/artec-testapparatuur.nl\/fr\/produit\/testeur-de-surface-innowep-universel\/","og_site_name":"Artec Testnology","og_image":[{"width":1000,"height":1000,"url":"https:\/\/artec-testapparatuur.nl\/wp-content\/uploads\/2021\/02\/Innowep-Oppervlak-Tester-universeel.png","type":"image\/png"}],"twitter_card":"summary_large_image","twitter_misc":{"Dur\u00e9e de lecture estim\u00e9e":"1 minute"},"schema":{"@context":"https:\/\/schema.org","@graph":[{"@type":"WebPage","@id":"https:\/\/artec-testapparatuur.nl\/fr\/produit\/testeur-de-surface-innowep-universel\/","url":"https:\/\/artec-testapparatuur.nl\/fr\/produit\/testeur-de-surface-innowep-universel\/","name":"Testeur de surface Innowep, universel - Artec Testnology","isPartOf":{"@id":"https:\/\/artec-testapparatuur.nl\/fr\/#website"},"primaryImageOfPage":{"@id":"https:\/\/artec-testapparatuur.nl\/fr\/produit\/testeur-de-surface-innowep-universel\/#primaryimage"},"image":{"@id":"https:\/\/artec-testapparatuur.nl\/fr\/produit\/testeur-de-surface-innowep-universel\/#primaryimage"},"thumbnailUrl":"https:\/\/artec-testapparatuur.nl\/wp-content\/uploads\/2021\/02\/Innowep-Oppervlak-Tester-universeel.png","datePublished":"2021-02-25T13:20:05+00:00","breadcrumb":{"@id":"https:\/\/artec-testapparatuur.nl\/fr\/produit\/testeur-de-surface-innowep-universel\/#breadcrumb"},"inLanguage":"fr-FR","potentialAction":[{"@type":"ReadAction","target":["https:\/\/artec-testapparatuur.nl\/fr\/produit\/testeur-de-surface-innowep-universel\/"]}]},{"@type":"ImageObject","inLanguage":"fr-FR","@id":"https:\/\/artec-testapparatuur.nl\/fr\/produit\/testeur-de-surface-innowep-universel\/#primaryimage","url":"https:\/\/artec-testapparatuur.nl\/wp-content\/uploads\/2021\/02\/Innowep-Oppervlak-Tester-universeel.png","contentUrl":"https:\/\/artec-testapparatuur.nl\/wp-content\/uploads\/2021\/02\/Innowep-Oppervlak-Tester-universeel.png","width":1000,"height":1000},{"@type":"BreadcrumbList","@id":"https:\/\/artec-testapparatuur.nl\/fr\/produit\/testeur-de-surface-innowep-universel\/#breadcrumb","itemListElement":[{"@type":"ListItem","position":1,"name":"Home","item":"https:\/\/artec-testapparatuur.nl\/fr\/"},{"@type":"ListItem","position":2,"name":"Produits","item":"https:\/\/artec-testapparatuur.nl\/fr\/shop\/"},{"@type":"ListItem","position":3,"name":"Testeur de surface Innowep, universel"}]},{"@type":"WebSite","@id":"https:\/\/artec-testapparatuur.nl\/fr\/#website","url":"https:\/\/artec-testapparatuur.nl\/fr\/","name":"Artec Testnology","description":"Your link to quality","potentialAction":[{"@type":"SearchAction","target":{"@type":"EntryPoint","urlTemplate":"https:\/\/artec-testapparatuur.nl\/fr\/?s={search_term_string}"},"query-input":{"@type":"PropertyValueSpecification","valueRequired":true,"valueName":"search_term_string"}}],"inLanguage":"fr-FR"}]}},"_links":{"self":[{"href":"https:\/\/artec-testapparatuur.nl\/fr\/wp-json\/wp\/v2\/product\/1919","targetHints":{"allow":["GET"]}}],"collection":[{"href":"https:\/\/artec-testapparatuur.nl\/fr\/wp-json\/wp\/v2\/product"}],"about":[{"href":"https:\/\/artec-testapparatuur.nl\/fr\/wp-json\/wp\/v2\/types\/product"}],"wp:featuredmedia":[{"embeddable":true,"href":"https:\/\/artec-testapparatuur.nl\/fr\/wp-json\/wp\/v2\/media\/678"}],"wp:attachment":[{"href":"https:\/\/artec-testapparatuur.nl\/fr\/wp-json\/wp\/v2\/media?parent=1919"}],"wp:term":[{"taxonomy":"product_brand","embeddable":true,"href":"https:\/\/artec-testapparatuur.nl\/fr\/wp-json\/wp\/v2\/product_brand?post=1919"},{"taxonomy":"product_cat","embeddable":true,"href":"https:\/\/artec-testapparatuur.nl\/fr\/wp-json\/wp\/v2\/product_cat?post=1919"},{"taxonomy":"product_tag","embeddable":true,"href":"https:\/\/artec-testapparatuur.nl\/fr\/wp-json\/wp\/v2\/product_tag?post=1919"}],"curies":[{"name":"wp","href":"https:\/\/api.w.org\/{rel}","templated":true}]}}