{"id":1897,"date":"2021-06-14T13:16:08","date_gmt":"2021-06-14T11:16:08","guid":{"rendered":"https:\/\/artec.kopdigitaal-dev.nl\/product\/matrices-a-decouper-elastocon\/"},"modified":"2021-06-14T13:16:08","modified_gmt":"2021-06-14T11:16:08","slug":"matrices-a-decouper-elastocon","status":"publish","type":"product","link":"https:\/\/artec-testapparatuur.nl\/fr\/produit\/matrices-a-decouper-elastocon\/","title":{"rendered":"Matrices \u00e0 d\u00e9couper Elastocon"},"content":{"rendered":"<p>Une gamme de matrices conformes aux normes ou sp\u00e9cifiques au client. Disponible avec un accouplement appropri\u00e9 pour nos machines de d\u00e9coupe, type EP 02 et EP 08, ou votre propre machine de d\u00e9coupe de toute autre marque. Les lames sont en acier tremp\u00e9 et disposent d&rsquo;un m\u00e9canisme d&rsquo;\u00e9jection \u00e0 ressort. La garantie d&rsquo;une qualit\u00e9 de coupe parfaite et conforme aux normes et d&rsquo;une pr\u00e9paration efficace de vos \u00e9chantillons d&rsquo;essai.<\/p>\n","protected":false},"excerpt":{"rendered":"<p>Une gamme de matrices conformes aux normes ou sp\u00e9cifiques au client. Disponible avec un accouplement appropri\u00e9 pour nos machines de d\u00e9coupe, type EP 02 et EP 08, ou votre propre machine de d\u00e9coupe de toute autre marque. Les lames sont en acier tremp\u00e9 et disposent d&rsquo;un m\u00e9canisme d&rsquo;\u00e9jection \u00e0 ressort. La garantie d&rsquo;une qualit\u00e9 de coupe parfaite et conforme aux normes et d&rsquo;une pr\u00e9paration efficace de vos \u00e9chantillons d&rsquo;essai.<\/p>\n","protected":false},"featured_media":1105,"template":"","meta":[],"product_brand":[],"product_cat":[198,2924],"product_tag":[],"class_list":{"0":"post-1897","1":"product","2":"type-product","3":"status-publish","4":"has-post-thumbnail","6":"product_cat-preparation-echantillons","7":"product_cat-rubber-fr","8":"pa_materiaal-caoutchouc","9":"pa_materiaal-plastique","10":"pa_materiaal-polymeres","11":"pa_merk-elastocon-fr","12":"pa_norm-astm-d-412-c-fr","13":"pa_norm-astm-d-624-b-fr","14":"pa_norm-astm-d-624-c-fr","15":"pa_norm-astm-d-624-t-fr","16":"pa_norm-iso-2285-fr","17":"pa_norm-iso-34-a-fr","18":"pa_norm-iso-34-b-fr","19":"pa_norm-iso-34-c-fr","20":"pa_norm-iso-37-1-fr","21":"pa_norm-iso-37-2-fr","22":"pa_norm-iso-527-1a-fr","23":"pa_norm-iso-527-1b-fr","24":"pa_norm-iso-527-1ba-fr","25":"pa_norm-iso-527-5-fr","26":"pa_norm-iso-527-5b-fr","27":"pa_toepassing-automobile","28":"pa_toepassing-la-preparation-des-echantillons","29":"pa_toepassing-selon-les-normes","31":"first","32":"instock","33":"shipping-taxable","34":"purchasable","35":"product-type-simple"},"acf":[],"yoast_head":"<!-- This site is optimized with the Yoast SEO plugin v26.9 - https:\/\/yoast.com\/product\/yoast-seo-wordpress\/ -->\n<title>Matrices \u00e0 d\u00e9couper Elastocon - Artec Testnology<\/title>\n<meta name=\"robots\" content=\"index, follow, max-snippet:-1, max-image-preview:large, max-video-preview:-1\" \/>\n<link rel=\"canonical\" href=\"https:\/\/artec-testapparatuur.nl\/fr\/produit\/matrices-a-decouper-elastocon\/\" \/>\n<meta property=\"og:locale\" content=\"fr_FR\" \/>\n<meta property=\"og:type\" content=\"article\" \/>\n<meta property=\"og:title\" content=\"Matrices \u00e0 d\u00e9couper Elastocon - Artec Testnology\" \/>\n<meta property=\"og:description\" content=\"Une gamme de matrices conformes aux normes ou sp\u00e9cifiques au client. Disponible avec un accouplement appropri\u00e9 pour nos machines de d\u00e9coupe, type EP 02 et EP 08, ou votre propre machine de d\u00e9coupe de toute autre marque. Les lames sont en acier tremp\u00e9 et disposent d&#039;un m\u00e9canisme d&#039;\u00e9jection \u00e0 ressort. La garantie d&#039;une qualit\u00e9 de coupe parfaite et conforme aux normes et d&#039;une pr\u00e9paration efficace de vos \u00e9chantillons d&#039;essai.\" \/>\n<meta property=\"og:url\" content=\"https:\/\/artec-testapparatuur.nl\/fr\/produit\/matrices-a-decouper-elastocon\/\" \/>\n<meta property=\"og:site_name\" content=\"Artec Testnology\" \/>\n<meta property=\"og:image\" content=\"https:\/\/artec-testapparatuur.nl\/wp-content\/uploads\/2021\/06\/Elastocon-Stansmessen.jpg\" \/>\n\t<meta property=\"og:image:width\" content=\"1000\" \/>\n\t<meta property=\"og:image:height\" content=\"1000\" \/>\n\t<meta property=\"og:image:type\" content=\"image\/jpeg\" \/>\n<meta name=\"twitter:card\" content=\"summary_large_image\" \/>\n<script type=\"application\/ld+json\" class=\"yoast-schema-graph\">{\"@context\":\"https:\/\/schema.org\",\"@graph\":[{\"@type\":\"WebPage\",\"@id\":\"https:\/\/artec-testapparatuur.nl\/fr\/produit\/matrices-a-decouper-elastocon\/\",\"url\":\"https:\/\/artec-testapparatuur.nl\/fr\/produit\/matrices-a-decouper-elastocon\/\",\"name\":\"Matrices \u00e0 d\u00e9couper Elastocon - Artec Testnology\",\"isPartOf\":{\"@id\":\"https:\/\/artec-testapparatuur.nl\/fr\/#website\"},\"primaryImageOfPage\":{\"@id\":\"https:\/\/artec-testapparatuur.nl\/fr\/produit\/matrices-a-decouper-elastocon\/#primaryimage\"},\"image\":{\"@id\":\"https:\/\/artec-testapparatuur.nl\/fr\/produit\/matrices-a-decouper-elastocon\/#primaryimage\"},\"thumbnailUrl\":\"https:\/\/artec-testapparatuur.nl\/wp-content\/uploads\/2021\/06\/Elastocon-Stansmessen.jpg\",\"datePublished\":\"2021-06-14T11:16:08+00:00\",\"breadcrumb\":{\"@id\":\"https:\/\/artec-testapparatuur.nl\/fr\/produit\/matrices-a-decouper-elastocon\/#breadcrumb\"},\"inLanguage\":\"fr-FR\",\"potentialAction\":[{\"@type\":\"ReadAction\",\"target\":[\"https:\/\/artec-testapparatuur.nl\/fr\/produit\/matrices-a-decouper-elastocon\/\"]}]},{\"@type\":\"ImageObject\",\"inLanguage\":\"fr-FR\",\"@id\":\"https:\/\/artec-testapparatuur.nl\/fr\/produit\/matrices-a-decouper-elastocon\/#primaryimage\",\"url\":\"https:\/\/artec-testapparatuur.nl\/wp-content\/uploads\/2021\/06\/Elastocon-Stansmessen.jpg\",\"contentUrl\":\"https:\/\/artec-testapparatuur.nl\/wp-content\/uploads\/2021\/06\/Elastocon-Stansmessen.jpg\",\"width\":1000,\"height\":1000},{\"@type\":\"BreadcrumbList\",\"@id\":\"https:\/\/artec-testapparatuur.nl\/fr\/produit\/matrices-a-decouper-elastocon\/#breadcrumb\",\"itemListElement\":[{\"@type\":\"ListItem\",\"position\":1,\"name\":\"Home\",\"item\":\"https:\/\/artec-testapparatuur.nl\/fr\/\"},{\"@type\":\"ListItem\",\"position\":2,\"name\":\"Produits\",\"item\":\"https:\/\/artec-testapparatuur.nl\/fr\/shop\/\"},{\"@type\":\"ListItem\",\"position\":3,\"name\":\"Matrices \u00e0 d\u00e9couper Elastocon\"}]},{\"@type\":\"WebSite\",\"@id\":\"https:\/\/artec-testapparatuur.nl\/fr\/#website\",\"url\":\"https:\/\/artec-testapparatuur.nl\/fr\/\",\"name\":\"Artec Testnology\",\"description\":\"Your link to quality\",\"potentialAction\":[{\"@type\":\"SearchAction\",\"target\":{\"@type\":\"EntryPoint\",\"urlTemplate\":\"https:\/\/artec-testapparatuur.nl\/fr\/?s={search_term_string}\"},\"query-input\":{\"@type\":\"PropertyValueSpecification\",\"valueRequired\":true,\"valueName\":\"search_term_string\"}}],\"inLanguage\":\"fr-FR\"}]}<\/script>\n<!-- \/ Yoast SEO plugin. -->","yoast_head_json":{"title":"Matrices \u00e0 d\u00e9couper Elastocon - Artec Testnology","robots":{"index":"index","follow":"follow","max-snippet":"max-snippet:-1","max-image-preview":"max-image-preview:large","max-video-preview":"max-video-preview:-1"},"canonical":"https:\/\/artec-testapparatuur.nl\/fr\/produit\/matrices-a-decouper-elastocon\/","og_locale":"fr_FR","og_type":"article","og_title":"Matrices \u00e0 d\u00e9couper Elastocon - Artec Testnology","og_description":"Une gamme de matrices conformes aux normes ou sp\u00e9cifiques au client. Disponible avec un accouplement appropri\u00e9 pour nos machines de d\u00e9coupe, type EP 02 et EP 08, ou votre propre machine de d\u00e9coupe de toute autre marque. Les lames sont en acier tremp\u00e9 et disposent d'un m\u00e9canisme d'\u00e9jection \u00e0 ressort. La garantie d'une qualit\u00e9 de coupe parfaite et conforme aux normes et d'une pr\u00e9paration efficace de vos \u00e9chantillons d'essai.","og_url":"https:\/\/artec-testapparatuur.nl\/fr\/produit\/matrices-a-decouper-elastocon\/","og_site_name":"Artec Testnology","og_image":[{"width":1000,"height":1000,"url":"https:\/\/artec-testapparatuur.nl\/wp-content\/uploads\/2021\/06\/Elastocon-Stansmessen.jpg","type":"image\/jpeg"}],"twitter_card":"summary_large_image","schema":{"@context":"https:\/\/schema.org","@graph":[{"@type":"WebPage","@id":"https:\/\/artec-testapparatuur.nl\/fr\/produit\/matrices-a-decouper-elastocon\/","url":"https:\/\/artec-testapparatuur.nl\/fr\/produit\/matrices-a-decouper-elastocon\/","name":"Matrices \u00e0 d\u00e9couper Elastocon - Artec Testnology","isPartOf":{"@id":"https:\/\/artec-testapparatuur.nl\/fr\/#website"},"primaryImageOfPage":{"@id":"https:\/\/artec-testapparatuur.nl\/fr\/produit\/matrices-a-decouper-elastocon\/#primaryimage"},"image":{"@id":"https:\/\/artec-testapparatuur.nl\/fr\/produit\/matrices-a-decouper-elastocon\/#primaryimage"},"thumbnailUrl":"https:\/\/artec-testapparatuur.nl\/wp-content\/uploads\/2021\/06\/Elastocon-Stansmessen.jpg","datePublished":"2021-06-14T11:16:08+00:00","breadcrumb":{"@id":"https:\/\/artec-testapparatuur.nl\/fr\/produit\/matrices-a-decouper-elastocon\/#breadcrumb"},"inLanguage":"fr-FR","potentialAction":[{"@type":"ReadAction","target":["https:\/\/artec-testapparatuur.nl\/fr\/produit\/matrices-a-decouper-elastocon\/"]}]},{"@type":"ImageObject","inLanguage":"fr-FR","@id":"https:\/\/artec-testapparatuur.nl\/fr\/produit\/matrices-a-decouper-elastocon\/#primaryimage","url":"https:\/\/artec-testapparatuur.nl\/wp-content\/uploads\/2021\/06\/Elastocon-Stansmessen.jpg","contentUrl":"https:\/\/artec-testapparatuur.nl\/wp-content\/uploads\/2021\/06\/Elastocon-Stansmessen.jpg","width":1000,"height":1000},{"@type":"BreadcrumbList","@id":"https:\/\/artec-testapparatuur.nl\/fr\/produit\/matrices-a-decouper-elastocon\/#breadcrumb","itemListElement":[{"@type":"ListItem","position":1,"name":"Home","item":"https:\/\/artec-testapparatuur.nl\/fr\/"},{"@type":"ListItem","position":2,"name":"Produits","item":"https:\/\/artec-testapparatuur.nl\/fr\/shop\/"},{"@type":"ListItem","position":3,"name":"Matrices \u00e0 d\u00e9couper Elastocon"}]},{"@type":"WebSite","@id":"https:\/\/artec-testapparatuur.nl\/fr\/#website","url":"https:\/\/artec-testapparatuur.nl\/fr\/","name":"Artec Testnology","description":"Your link to quality","potentialAction":[{"@type":"SearchAction","target":{"@type":"EntryPoint","urlTemplate":"https:\/\/artec-testapparatuur.nl\/fr\/?s={search_term_string}"},"query-input":{"@type":"PropertyValueSpecification","valueRequired":true,"valueName":"search_term_string"}}],"inLanguage":"fr-FR"}]}},"_links":{"self":[{"href":"https:\/\/artec-testapparatuur.nl\/fr\/wp-json\/wp\/v2\/product\/1897","targetHints":{"allow":["GET"]}}],"collection":[{"href":"https:\/\/artec-testapparatuur.nl\/fr\/wp-json\/wp\/v2\/product"}],"about":[{"href":"https:\/\/artec-testapparatuur.nl\/fr\/wp-json\/wp\/v2\/types\/product"}],"wp:featuredmedia":[{"embeddable":true,"href":"https:\/\/artec-testapparatuur.nl\/fr\/wp-json\/wp\/v2\/media\/1105"}],"wp:attachment":[{"href":"https:\/\/artec-testapparatuur.nl\/fr\/wp-json\/wp\/v2\/media?parent=1897"}],"wp:term":[{"taxonomy":"product_brand","embeddable":true,"href":"https:\/\/artec-testapparatuur.nl\/fr\/wp-json\/wp\/v2\/product_brand?post=1897"},{"taxonomy":"product_cat","embeddable":true,"href":"https:\/\/artec-testapparatuur.nl\/fr\/wp-json\/wp\/v2\/product_cat?post=1897"},{"taxonomy":"product_tag","embeddable":true,"href":"https:\/\/artec-testapparatuur.nl\/fr\/wp-json\/wp\/v2\/product_tag?post=1897"}],"curies":[{"name":"wp","href":"https:\/\/api.w.org\/{rel}","templated":true}]}}