{"id":1870,"date":"2021-06-14T15:00:21","date_gmt":"2021-06-14T13:00:21","guid":{"rendered":"https:\/\/artec.kopdigitaal-dev.nl\/product\/appareil-de-mesure-depaisseur-wolf-dm-100\/"},"modified":"2021-06-14T15:00:21","modified_gmt":"2021-06-14T13:00:21","slug":"appareil-de-mesure-depaisseur-wolf-dm-100","status":"publish","type":"product","link":"https:\/\/artec-testapparatuur.nl\/fr\/produit\/appareil-de-mesure-depaisseur-wolf-dm-100\/","title":{"rendered":"Appareil de mesure d&rsquo;\u00e9paisseur Wolf, DM 100"},"content":{"rendered":"<p>Cet appareil de mesure d&rsquo;\u00e9paisseur est utilis\u00e9 dans les laboratoires du monde entier depuis des d\u00e9cennies.<\/p>\n<p>La profondeur de mesure, la forme du pied et la pression d&rsquo;essai sont configur\u00e9es pour tester les mat\u00e9riaux conform\u00e9ment aux sp\u00e9cifications respectives des normes ISO, EN et DIN applicables.<\/p>\n<p>Cette jauge d&rsquo;\u00e9paisseur portative dispose d&rsquo;une interface pour le traitement num\u00e9rique des donn\u00e9es de mesure.<\/p>\n","protected":false},"excerpt":{"rendered":"<p>Cet appareil de mesure d&rsquo;\u00e9paisseur est utilis\u00e9 dans les laboratoires du monde entier depuis des d\u00e9cennies.<\/p>\n<p>La profondeur de mesure, la forme du pied et la pression d&rsquo;essai sont configur\u00e9es pour tester les mat\u00e9riaux conform\u00e9ment aux sp\u00e9cifications respectives des normes ISO, EN et DIN applicables.<\/p>\n<p>Cette jauge d&rsquo;\u00e9paisseur portative dispose d&rsquo;une interface pour le traitement num\u00e9rique des donn\u00e9es de mesure.<\/p>\n","protected":false},"featured_media":1161,"template":"","meta":[],"product_brand":[],"product_cat":[3525,196,2930],"product_tag":[],"class_list":{"0":"post-1870","1":"product","2":"type-product","3":"status-publish","4":"has-post-thumbnail","6":"product_cat-cuir","7":"product_cat-epaisseur-couche","8":"product_cat-non-tisse-fr","9":"pa_materiaal-caoutchouc","10":"pa_materiaal-cuir","11":"pa_materiaal-dejouer","12":"pa_materiaal-films-plastiques","13":"pa_materiaal-geotextile-fr","14":"pa_materiaal-moquette","15":"pa_materiaal-non-tisses-fr","16":"pa_materiaal-papier-fr","17":"pa_materiaal-papier-carton","18":"pa_merk-wolf-fr","19":"pa_norm-din-fr","20":"pa_norm-en-fr","21":"pa_norm-iso-fr","22":"pa_toepassing-din-fr","23":"pa_toepassing-epaisseur-de-couche","24":"pa_toepassing-iso-fr","25":"pa_toepassing-specifique-au-client","27":"first","28":"instock","29":"shipping-taxable","30":"purchasable","31":"product-type-simple"},"acf":[],"yoast_head":"<!-- This site is optimized with the Yoast SEO plugin v26.9 - https:\/\/yoast.com\/product\/yoast-seo-wordpress\/ -->\n<title>Appareil de mesure d&#039;\u00e9paisseur Wolf, DM 100 - Artec Testnology<\/title>\n<meta name=\"robots\" content=\"index, follow, max-snippet:-1, max-image-preview:large, max-video-preview:-1\" \/>\n<link rel=\"canonical\" href=\"https:\/\/artec-testapparatuur.nl\/fr\/produit\/appareil-de-mesure-depaisseur-wolf-dm-100\/\" \/>\n<meta property=\"og:locale\" content=\"fr_FR\" \/>\n<meta property=\"og:type\" content=\"article\" \/>\n<meta property=\"og:title\" content=\"Appareil de mesure d&#039;\u00e9paisseur Wolf, DM 100 - Artec Testnology\" \/>\n<meta property=\"og:description\" content=\"Cet appareil de mesure d&#039;\u00e9paisseur est utilis\u00e9 dans les laboratoires du monde entier depuis des d\u00e9cennies.  La profondeur de mesure, la forme du pied et la pression d&#039;essai sont configur\u00e9es pour tester les mat\u00e9riaux conform\u00e9ment aux sp\u00e9cifications respectives des normes ISO, EN et DIN applicables.  Cette jauge d&#039;\u00e9paisseur portative dispose d&#039;une interface pour le traitement num\u00e9rique des donn\u00e9es de mesure.\" \/>\n<meta property=\"og:url\" content=\"https:\/\/artec-testapparatuur.nl\/fr\/produit\/appareil-de-mesure-depaisseur-wolf-dm-100\/\" \/>\n<meta property=\"og:site_name\" content=\"Artec Testnology\" \/>\n<meta property=\"og:image\" content=\"https:\/\/artec-testapparatuur.nl\/wp-content\/uploads\/2021\/06\/Wolf-Dikte-meetapparaat-DM-100.jpg\" \/>\n\t<meta property=\"og:image:width\" content=\"1000\" \/>\n\t<meta property=\"og:image:height\" content=\"1000\" \/>\n\t<meta property=\"og:image:type\" content=\"image\/jpeg\" \/>\n<meta name=\"twitter:card\" content=\"summary_large_image\" \/>\n<script type=\"application\/ld+json\" class=\"yoast-schema-graph\">{\"@context\":\"https:\/\/schema.org\",\"@graph\":[{\"@type\":\"WebPage\",\"@id\":\"https:\/\/artec-testapparatuur.nl\/fr\/produit\/appareil-de-mesure-depaisseur-wolf-dm-100\/\",\"url\":\"https:\/\/artec-testapparatuur.nl\/fr\/produit\/appareil-de-mesure-depaisseur-wolf-dm-100\/\",\"name\":\"Appareil de mesure d'\u00e9paisseur Wolf, DM 100 - Artec Testnology\",\"isPartOf\":{\"@id\":\"https:\/\/artec-testapparatuur.nl\/fr\/#website\"},\"primaryImageOfPage\":{\"@id\":\"https:\/\/artec-testapparatuur.nl\/fr\/produit\/appareil-de-mesure-depaisseur-wolf-dm-100\/#primaryimage\"},\"image\":{\"@id\":\"https:\/\/artec-testapparatuur.nl\/fr\/produit\/appareil-de-mesure-depaisseur-wolf-dm-100\/#primaryimage\"},\"thumbnailUrl\":\"https:\/\/artec-testapparatuur.nl\/wp-content\/uploads\/2021\/06\/Wolf-Dikte-meetapparaat-DM-100.jpg\",\"datePublished\":\"2021-06-14T13:00:21+00:00\",\"breadcrumb\":{\"@id\":\"https:\/\/artec-testapparatuur.nl\/fr\/produit\/appareil-de-mesure-depaisseur-wolf-dm-100\/#breadcrumb\"},\"inLanguage\":\"fr-FR\",\"potentialAction\":[{\"@type\":\"ReadAction\",\"target\":[\"https:\/\/artec-testapparatuur.nl\/fr\/produit\/appareil-de-mesure-depaisseur-wolf-dm-100\/\"]}]},{\"@type\":\"ImageObject\",\"inLanguage\":\"fr-FR\",\"@id\":\"https:\/\/artec-testapparatuur.nl\/fr\/produit\/appareil-de-mesure-depaisseur-wolf-dm-100\/#primaryimage\",\"url\":\"https:\/\/artec-testapparatuur.nl\/wp-content\/uploads\/2021\/06\/Wolf-Dikte-meetapparaat-DM-100.jpg\",\"contentUrl\":\"https:\/\/artec-testapparatuur.nl\/wp-content\/uploads\/2021\/06\/Wolf-Dikte-meetapparaat-DM-100.jpg\",\"width\":1000,\"height\":1000},{\"@type\":\"BreadcrumbList\",\"@id\":\"https:\/\/artec-testapparatuur.nl\/fr\/produit\/appareil-de-mesure-depaisseur-wolf-dm-100\/#breadcrumb\",\"itemListElement\":[{\"@type\":\"ListItem\",\"position\":1,\"name\":\"Home\",\"item\":\"https:\/\/artec-testapparatuur.nl\/fr\/\"},{\"@type\":\"ListItem\",\"position\":2,\"name\":\"Produits\",\"item\":\"https:\/\/artec-testapparatuur.nl\/fr\/shop\/\"},{\"@type\":\"ListItem\",\"position\":3,\"name\":\"Appareil de mesure d&#8217;\u00e9paisseur Wolf, DM 100\"}]},{\"@type\":\"WebSite\",\"@id\":\"https:\/\/artec-testapparatuur.nl\/fr\/#website\",\"url\":\"https:\/\/artec-testapparatuur.nl\/fr\/\",\"name\":\"Artec Testnology\",\"description\":\"Your link to quality\",\"potentialAction\":[{\"@type\":\"SearchAction\",\"target\":{\"@type\":\"EntryPoint\",\"urlTemplate\":\"https:\/\/artec-testapparatuur.nl\/fr\/?s={search_term_string}\"},\"query-input\":{\"@type\":\"PropertyValueSpecification\",\"valueRequired\":true,\"valueName\":\"search_term_string\"}}],\"inLanguage\":\"fr-FR\"}]}<\/script>\n<!-- \/ Yoast SEO plugin. -->","yoast_head_json":{"title":"Appareil de mesure d'\u00e9paisseur Wolf, DM 100 - Artec Testnology","robots":{"index":"index","follow":"follow","max-snippet":"max-snippet:-1","max-image-preview":"max-image-preview:large","max-video-preview":"max-video-preview:-1"},"canonical":"https:\/\/artec-testapparatuur.nl\/fr\/produit\/appareil-de-mesure-depaisseur-wolf-dm-100\/","og_locale":"fr_FR","og_type":"article","og_title":"Appareil de mesure d'\u00e9paisseur Wolf, DM 100 - Artec Testnology","og_description":"Cet appareil de mesure d'\u00e9paisseur est utilis\u00e9 dans les laboratoires du monde entier depuis des d\u00e9cennies.  La profondeur de mesure, la forme du pied et la pression d'essai sont configur\u00e9es pour tester les mat\u00e9riaux conform\u00e9ment aux sp\u00e9cifications respectives des normes ISO, EN et DIN applicables.  Cette jauge d'\u00e9paisseur portative dispose d'une interface pour le traitement num\u00e9rique des donn\u00e9es de mesure.","og_url":"https:\/\/artec-testapparatuur.nl\/fr\/produit\/appareil-de-mesure-depaisseur-wolf-dm-100\/","og_site_name":"Artec Testnology","og_image":[{"width":1000,"height":1000,"url":"https:\/\/artec-testapparatuur.nl\/wp-content\/uploads\/2021\/06\/Wolf-Dikte-meetapparaat-DM-100.jpg","type":"image\/jpeg"}],"twitter_card":"summary_large_image","schema":{"@context":"https:\/\/schema.org","@graph":[{"@type":"WebPage","@id":"https:\/\/artec-testapparatuur.nl\/fr\/produit\/appareil-de-mesure-depaisseur-wolf-dm-100\/","url":"https:\/\/artec-testapparatuur.nl\/fr\/produit\/appareil-de-mesure-depaisseur-wolf-dm-100\/","name":"Appareil de mesure d'\u00e9paisseur Wolf, DM 100 - Artec Testnology","isPartOf":{"@id":"https:\/\/artec-testapparatuur.nl\/fr\/#website"},"primaryImageOfPage":{"@id":"https:\/\/artec-testapparatuur.nl\/fr\/produit\/appareil-de-mesure-depaisseur-wolf-dm-100\/#primaryimage"},"image":{"@id":"https:\/\/artec-testapparatuur.nl\/fr\/produit\/appareil-de-mesure-depaisseur-wolf-dm-100\/#primaryimage"},"thumbnailUrl":"https:\/\/artec-testapparatuur.nl\/wp-content\/uploads\/2021\/06\/Wolf-Dikte-meetapparaat-DM-100.jpg","datePublished":"2021-06-14T13:00:21+00:00","breadcrumb":{"@id":"https:\/\/artec-testapparatuur.nl\/fr\/produit\/appareil-de-mesure-depaisseur-wolf-dm-100\/#breadcrumb"},"inLanguage":"fr-FR","potentialAction":[{"@type":"ReadAction","target":["https:\/\/artec-testapparatuur.nl\/fr\/produit\/appareil-de-mesure-depaisseur-wolf-dm-100\/"]}]},{"@type":"ImageObject","inLanguage":"fr-FR","@id":"https:\/\/artec-testapparatuur.nl\/fr\/produit\/appareil-de-mesure-depaisseur-wolf-dm-100\/#primaryimage","url":"https:\/\/artec-testapparatuur.nl\/wp-content\/uploads\/2021\/06\/Wolf-Dikte-meetapparaat-DM-100.jpg","contentUrl":"https:\/\/artec-testapparatuur.nl\/wp-content\/uploads\/2021\/06\/Wolf-Dikte-meetapparaat-DM-100.jpg","width":1000,"height":1000},{"@type":"BreadcrumbList","@id":"https:\/\/artec-testapparatuur.nl\/fr\/produit\/appareil-de-mesure-depaisseur-wolf-dm-100\/#breadcrumb","itemListElement":[{"@type":"ListItem","position":1,"name":"Home","item":"https:\/\/artec-testapparatuur.nl\/fr\/"},{"@type":"ListItem","position":2,"name":"Produits","item":"https:\/\/artec-testapparatuur.nl\/fr\/shop\/"},{"@type":"ListItem","position":3,"name":"Appareil de mesure d&#8217;\u00e9paisseur Wolf, DM 100"}]},{"@type":"WebSite","@id":"https:\/\/artec-testapparatuur.nl\/fr\/#website","url":"https:\/\/artec-testapparatuur.nl\/fr\/","name":"Artec Testnology","description":"Your link to quality","potentialAction":[{"@type":"SearchAction","target":{"@type":"EntryPoint","urlTemplate":"https:\/\/artec-testapparatuur.nl\/fr\/?s={search_term_string}"},"query-input":{"@type":"PropertyValueSpecification","valueRequired":true,"valueName":"search_term_string"}}],"inLanguage":"fr-FR"}]}},"_links":{"self":[{"href":"https:\/\/artec-testapparatuur.nl\/fr\/wp-json\/wp\/v2\/product\/1870","targetHints":{"allow":["GET"]}}],"collection":[{"href":"https:\/\/artec-testapparatuur.nl\/fr\/wp-json\/wp\/v2\/product"}],"about":[{"href":"https:\/\/artec-testapparatuur.nl\/fr\/wp-json\/wp\/v2\/types\/product"}],"wp:featuredmedia":[{"embeddable":true,"href":"https:\/\/artec-testapparatuur.nl\/fr\/wp-json\/wp\/v2\/media\/1161"}],"wp:attachment":[{"href":"https:\/\/artec-testapparatuur.nl\/fr\/wp-json\/wp\/v2\/media?parent=1870"}],"wp:term":[{"taxonomy":"product_brand","embeddable":true,"href":"https:\/\/artec-testapparatuur.nl\/fr\/wp-json\/wp\/v2\/product_brand?post=1870"},{"taxonomy":"product_cat","embeddable":true,"href":"https:\/\/artec-testapparatuur.nl\/fr\/wp-json\/wp\/v2\/product_cat?post=1870"},{"taxonomy":"product_tag","embeddable":true,"href":"https:\/\/artec-testapparatuur.nl\/fr\/wp-json\/wp\/v2\/product_tag?post=1870"}],"curies":[{"name":"wp","href":"https:\/\/api.w.org\/{rel}","templated":true}]}}