{"id":1856,"date":"2021-06-14T15:25:25","date_gmt":"2021-06-14T13:25:25","guid":{"rendered":"https:\/\/artec.kopdigitaal-dev.nl\/product\/textest-airbag-tester\/"},"modified":"2021-06-14T15:25:25","modified_gmt":"2021-06-14T13:25:25","slug":"textest-airbag-tester","status":"publish","type":"product","link":"https:\/\/artec-testapparatuur.nl\/fr\/produit\/textest-airbag-tester\/","title":{"rendered":"Textest, Airbag tester"},"content":{"rendered":"<p>Le C-Therm Tx utilise la technologie brevet\u00e9e Modified Transient Plane Source (MTPS). Le capteur de chaleur unilat\u00e9ral applique une source de chaleur constante instantan\u00e9e \u00e0 l&rsquo;\u00e9chantillon.<\/p>\n<p>La conductivit\u00e9 thermique et l&rsquo;effusivit\u00e9 sont mesur\u00e9es directement, fournissant un aper\u00e7u d\u00e9taill\u00e9 des propri\u00e9t\u00e9s thermiques de l&rsquo;\u00e9chantillon.<\/p>\n","protected":false},"excerpt":{"rendered":"<p>Le C-Therm Tx utilise la technologie brevet\u00e9e Modified Transient Plane Source (MTPS). Le capteur de chaleur unilat\u00e9ral applique une source de chaleur constante instantan\u00e9e \u00e0 l&rsquo;\u00e9chantillon.<\/p>\n<p>La conductivit\u00e9 thermique et l&rsquo;effusivit\u00e9 sont mesur\u00e9es directement, fournissant un aper\u00e7u d\u00e9taill\u00e9 des propri\u00e9t\u00e9s thermiques de l&rsquo;\u00e9chantillon.<\/p>\n","protected":false},"featured_media":1189,"template":"","meta":[],"product_brand":[],"product_cat":[197],"product_tag":[],"class_list":{"0":"post-1856","1":"product","2":"type-product","3":"status-publish","4":"has-post-thumbnail","6":"product_cat-permeabilite-a-air","7":"pa_materiaal-automobile","8":"pa_materiaal-humidite-absolue-fr","9":"pa_merk-textest-fr","10":"pa_norm-automotive-fr","11":"pa_norm-norme-acceptee-dans-le-monde-entier","12":"pa_toepassing-mesure-de-la-permeabilite-a-lair","13":"pa_toepassing-permeabilite-a-lair","15":"first","16":"instock","17":"shipping-taxable","18":"purchasable","19":"product-type-simple"},"acf":[],"yoast_head":"<!-- This site is optimized with the Yoast SEO plugin v26.9 - https:\/\/yoast.com\/product\/yoast-seo-wordpress\/ -->\n<title>Textest, Airbag tester - Artec Testnology<\/title>\n<meta name=\"robots\" content=\"index, follow, max-snippet:-1, max-image-preview:large, max-video-preview:-1\" \/>\n<link rel=\"canonical\" href=\"https:\/\/artec-testapparatuur.nl\/fr\/produit\/textest-airbag-tester\/\" \/>\n<meta property=\"og:locale\" content=\"fr_FR\" \/>\n<meta property=\"og:type\" content=\"article\" \/>\n<meta property=\"og:title\" content=\"Textest, Airbag tester - Artec Testnology\" \/>\n<meta property=\"og:description\" content=\"Le C-Therm Tx utilise la technologie brevet\u00e9e Modified Transient Plane Source (MTPS). Le capteur de chaleur unilat\u00e9ral applique une source de chaleur constante instantan\u00e9e \u00e0 l&#039;\u00e9chantillon.  La conductivit\u00e9 thermique et l&#039;effusivit\u00e9 sont mesur\u00e9es directement, fournissant un aper\u00e7u d\u00e9taill\u00e9 des propri\u00e9t\u00e9s thermiques de l&#039;\u00e9chantillon.\" \/>\n<meta property=\"og:url\" content=\"https:\/\/artec-testapparatuur.nl\/fr\/produit\/textest-airbag-tester\/\" \/>\n<meta property=\"og:site_name\" content=\"Artec Testnology\" \/>\n<meta property=\"og:image\" content=\"https:\/\/artec-testapparatuur.nl\/wp-content\/uploads\/2021\/06\/Textest-Airbag-tester.jpg\" \/>\n\t<meta property=\"og:image:width\" content=\"1000\" \/>\n\t<meta property=\"og:image:height\" content=\"1000\" \/>\n\t<meta property=\"og:image:type\" content=\"image\/jpeg\" \/>\n<meta name=\"twitter:card\" content=\"summary_large_image\" \/>\n<script type=\"application\/ld+json\" class=\"yoast-schema-graph\">{\"@context\":\"https:\/\/schema.org\",\"@graph\":[{\"@type\":\"WebPage\",\"@id\":\"https:\/\/artec-testapparatuur.nl\/fr\/produit\/textest-airbag-tester\/\",\"url\":\"https:\/\/artec-testapparatuur.nl\/fr\/produit\/textest-airbag-tester\/\",\"name\":\"Textest, Airbag tester - Artec Testnology\",\"isPartOf\":{\"@id\":\"https:\/\/artec-testapparatuur.nl\/fr\/#website\"},\"primaryImageOfPage\":{\"@id\":\"https:\/\/artec-testapparatuur.nl\/fr\/produit\/textest-airbag-tester\/#primaryimage\"},\"image\":{\"@id\":\"https:\/\/artec-testapparatuur.nl\/fr\/produit\/textest-airbag-tester\/#primaryimage\"},\"thumbnailUrl\":\"https:\/\/artec-testapparatuur.nl\/wp-content\/uploads\/2021\/06\/Textest-Airbag-tester.jpg\",\"datePublished\":\"2021-06-14T13:25:25+00:00\",\"breadcrumb\":{\"@id\":\"https:\/\/artec-testapparatuur.nl\/fr\/produit\/textest-airbag-tester\/#breadcrumb\"},\"inLanguage\":\"fr-FR\",\"potentialAction\":[{\"@type\":\"ReadAction\",\"target\":[\"https:\/\/artec-testapparatuur.nl\/fr\/produit\/textest-airbag-tester\/\"]}]},{\"@type\":\"ImageObject\",\"inLanguage\":\"fr-FR\",\"@id\":\"https:\/\/artec-testapparatuur.nl\/fr\/produit\/textest-airbag-tester\/#primaryimage\",\"url\":\"https:\/\/artec-testapparatuur.nl\/wp-content\/uploads\/2021\/06\/Textest-Airbag-tester.jpg\",\"contentUrl\":\"https:\/\/artec-testapparatuur.nl\/wp-content\/uploads\/2021\/06\/Textest-Airbag-tester.jpg\",\"width\":1000,\"height\":1000},{\"@type\":\"BreadcrumbList\",\"@id\":\"https:\/\/artec-testapparatuur.nl\/fr\/produit\/textest-airbag-tester\/#breadcrumb\",\"itemListElement\":[{\"@type\":\"ListItem\",\"position\":1,\"name\":\"Home\",\"item\":\"https:\/\/artec-testapparatuur.nl\/fr\/\"},{\"@type\":\"ListItem\",\"position\":2,\"name\":\"Produits\",\"item\":\"https:\/\/artec-testapparatuur.nl\/fr\/shop\/\"},{\"@type\":\"ListItem\",\"position\":3,\"name\":\"Textest, Airbag tester\"}]},{\"@type\":\"WebSite\",\"@id\":\"https:\/\/artec-testapparatuur.nl\/fr\/#website\",\"url\":\"https:\/\/artec-testapparatuur.nl\/fr\/\",\"name\":\"Artec Testnology\",\"description\":\"Your link to quality\",\"potentialAction\":[{\"@type\":\"SearchAction\",\"target\":{\"@type\":\"EntryPoint\",\"urlTemplate\":\"https:\/\/artec-testapparatuur.nl\/fr\/?s={search_term_string}\"},\"query-input\":{\"@type\":\"PropertyValueSpecification\",\"valueRequired\":true,\"valueName\":\"search_term_string\"}}],\"inLanguage\":\"fr-FR\"}]}<\/script>\n<!-- \/ Yoast SEO plugin. -->","yoast_head_json":{"title":"Textest, Airbag tester - Artec Testnology","robots":{"index":"index","follow":"follow","max-snippet":"max-snippet:-1","max-image-preview":"max-image-preview:large","max-video-preview":"max-video-preview:-1"},"canonical":"https:\/\/artec-testapparatuur.nl\/fr\/produit\/textest-airbag-tester\/","og_locale":"fr_FR","og_type":"article","og_title":"Textest, Airbag tester - Artec Testnology","og_description":"Le C-Therm Tx utilise la technologie brevet\u00e9e Modified Transient Plane Source (MTPS). Le capteur de chaleur unilat\u00e9ral applique une source de chaleur constante instantan\u00e9e \u00e0 l'\u00e9chantillon.  La conductivit\u00e9 thermique et l'effusivit\u00e9 sont mesur\u00e9es directement, fournissant un aper\u00e7u d\u00e9taill\u00e9 des propri\u00e9t\u00e9s thermiques de l'\u00e9chantillon.","og_url":"https:\/\/artec-testapparatuur.nl\/fr\/produit\/textest-airbag-tester\/","og_site_name":"Artec Testnology","og_image":[{"width":1000,"height":1000,"url":"https:\/\/artec-testapparatuur.nl\/wp-content\/uploads\/2021\/06\/Textest-Airbag-tester.jpg","type":"image\/jpeg"}],"twitter_card":"summary_large_image","schema":{"@context":"https:\/\/schema.org","@graph":[{"@type":"WebPage","@id":"https:\/\/artec-testapparatuur.nl\/fr\/produit\/textest-airbag-tester\/","url":"https:\/\/artec-testapparatuur.nl\/fr\/produit\/textest-airbag-tester\/","name":"Textest, Airbag tester - Artec Testnology","isPartOf":{"@id":"https:\/\/artec-testapparatuur.nl\/fr\/#website"},"primaryImageOfPage":{"@id":"https:\/\/artec-testapparatuur.nl\/fr\/produit\/textest-airbag-tester\/#primaryimage"},"image":{"@id":"https:\/\/artec-testapparatuur.nl\/fr\/produit\/textest-airbag-tester\/#primaryimage"},"thumbnailUrl":"https:\/\/artec-testapparatuur.nl\/wp-content\/uploads\/2021\/06\/Textest-Airbag-tester.jpg","datePublished":"2021-06-14T13:25:25+00:00","breadcrumb":{"@id":"https:\/\/artec-testapparatuur.nl\/fr\/produit\/textest-airbag-tester\/#breadcrumb"},"inLanguage":"fr-FR","potentialAction":[{"@type":"ReadAction","target":["https:\/\/artec-testapparatuur.nl\/fr\/produit\/textest-airbag-tester\/"]}]},{"@type":"ImageObject","inLanguage":"fr-FR","@id":"https:\/\/artec-testapparatuur.nl\/fr\/produit\/textest-airbag-tester\/#primaryimage","url":"https:\/\/artec-testapparatuur.nl\/wp-content\/uploads\/2021\/06\/Textest-Airbag-tester.jpg","contentUrl":"https:\/\/artec-testapparatuur.nl\/wp-content\/uploads\/2021\/06\/Textest-Airbag-tester.jpg","width":1000,"height":1000},{"@type":"BreadcrumbList","@id":"https:\/\/artec-testapparatuur.nl\/fr\/produit\/textest-airbag-tester\/#breadcrumb","itemListElement":[{"@type":"ListItem","position":1,"name":"Home","item":"https:\/\/artec-testapparatuur.nl\/fr\/"},{"@type":"ListItem","position":2,"name":"Produits","item":"https:\/\/artec-testapparatuur.nl\/fr\/shop\/"},{"@type":"ListItem","position":3,"name":"Textest, Airbag tester"}]},{"@type":"WebSite","@id":"https:\/\/artec-testapparatuur.nl\/fr\/#website","url":"https:\/\/artec-testapparatuur.nl\/fr\/","name":"Artec Testnology","description":"Your link to quality","potentialAction":[{"@type":"SearchAction","target":{"@type":"EntryPoint","urlTemplate":"https:\/\/artec-testapparatuur.nl\/fr\/?s={search_term_string}"},"query-input":{"@type":"PropertyValueSpecification","valueRequired":true,"valueName":"search_term_string"}}],"inLanguage":"fr-FR"}]}},"_links":{"self":[{"href":"https:\/\/artec-testapparatuur.nl\/fr\/wp-json\/wp\/v2\/product\/1856","targetHints":{"allow":["GET"]}}],"collection":[{"href":"https:\/\/artec-testapparatuur.nl\/fr\/wp-json\/wp\/v2\/product"}],"about":[{"href":"https:\/\/artec-testapparatuur.nl\/fr\/wp-json\/wp\/v2\/types\/product"}],"wp:featuredmedia":[{"embeddable":true,"href":"https:\/\/artec-testapparatuur.nl\/fr\/wp-json\/wp\/v2\/media\/1189"}],"wp:attachment":[{"href":"https:\/\/artec-testapparatuur.nl\/fr\/wp-json\/wp\/v2\/media?parent=1856"}],"wp:term":[{"taxonomy":"product_brand","embeddable":true,"href":"https:\/\/artec-testapparatuur.nl\/fr\/wp-json\/wp\/v2\/product_brand?post=1856"},{"taxonomy":"product_cat","embeddable":true,"href":"https:\/\/artec-testapparatuur.nl\/fr\/wp-json\/wp\/v2\/product_cat?post=1856"},{"taxonomy":"product_tag","embeddable":true,"href":"https:\/\/artec-testapparatuur.nl\/fr\/wp-json\/wp\/v2\/product_tag?post=1856"}],"curies":[{"name":"wp","href":"https:\/\/api.w.org\/{rel}","templated":true}]}}