{"id":1849,"date":"2021-06-14T15:36:34","date_gmt":"2021-06-14T13:36:34","guid":{"rendered":"https:\/\/artec.kopdigitaal-dev.nl\/product\/elastocon-fogging-tester\/"},"modified":"2021-06-14T15:36:34","modified_gmt":"2021-06-14T13:36:34","slug":"elastocon-fogging-tester","status":"publish","type":"product","link":"https:\/\/artec-testapparatuur.nl\/fr\/produit\/elastocon-fogging-tester\/","title":{"rendered":"Elastocon Fogging tester"},"content":{"rendered":"<p>Test de bu\u00e9e selon ISO 6452, ASTM D5393, DIN, VOLVO et autres normes sp\u00e9cifiques pour les tests de bu\u00e9e.<br \/>\nCet appareil compact dispose d&rsquo;un bain de refroidissement et de chauffage dans un seul bo\u00eetier.<br \/>\nVous avez le choix entre deux syst\u00e8mes de refroidissement :<\/p>\n<p>EB 03, Refroidissement eau du robinet, la temp\u00e9rature de l&rsquo;eau ne doit pas d\u00e9passer 18\u00b0C \u200b\u200bpour cela.<br \/>\nEB 03C, \u00e9l\u00e9ments de refroidissement Peltier int\u00e9gr\u00e9s<\/p>\n<p>L&rsquo;EB 03 est livr\u00e9 avec un ensemble standard d&rsquo;accessoires. Vous trouverez un aper\u00e7u complet de ceux-ci et des accessoires en option dans la brochure.<\/p>\n","protected":false},"excerpt":{"rendered":"<p>Test de bu\u00e9e selon ISO 6452, ASTM D5393, DIN, VOLVO et autres normes sp\u00e9cifiques pour les tests de bu\u00e9e.<br \/>\nCet appareil compact dispose d&rsquo;un bain de refroidissement et de chauffage dans un seul bo\u00eetier.<br \/>\nVous avez le choix entre deux syst\u00e8mes de refroidissement :<\/p>\n<p>EB 03, Refroidissement eau du robinet, la temp\u00e9rature de l&rsquo;eau ne doit pas d\u00e9passer 18\u00b0C \u200b\u200bpour cela.<br \/>\nEB 03C, \u00e9l\u00e9ments de refroidissement Peltier int\u00e9gr\u00e9s<\/p>\n<p>L&rsquo;EB 03 est livr\u00e9 avec un ensemble standard d&rsquo;accessoires. Vous trouverez un aper\u00e7u complet de ceux-ci et des accessoires en option dans la brochure.<\/p>\n","protected":false},"featured_media":1201,"template":"","meta":[],"product_brand":[],"product_cat":[200,2924],"product_tag":[],"class_list":{"0":"post-1849","1":"product","2":"type-product","3":"status-publish","4":"has-post-thumbnail","6":"product_cat-caracteristiques-thermiques","7":"product_cat-rubber-fr","8":"pa_materiaal-caoutchouc","9":"pa_materiaal-cuir","10":"pa_materiaal-plastique","11":"pa_materiaal-polymeres","12":"pa_materiaal-textile-fr","13":"pa_merk-elastocon-fr","14":"pa_norm-astm-d5393-fr","15":"pa_norm-iso-6452-fr","16":"pa_norm-volvo-fr","17":"pa_toepassing-automobile","18":"pa_toepassing-essai-de-buee","20":"first","21":"onbackorder","22":"shipping-taxable","23":"purchasable","24":"product-type-simple"},"acf":[],"yoast_head":"<!-- This site is optimized with the Yoast SEO plugin v26.9 - https:\/\/yoast.com\/product\/yoast-seo-wordpress\/ -->\n<title>Elastocon Fogging tester - Artec Testnology<\/title>\n<meta name=\"robots\" content=\"index, follow, max-snippet:-1, max-image-preview:large, max-video-preview:-1\" \/>\n<link rel=\"canonical\" href=\"https:\/\/artec-testapparatuur.nl\/fr\/produit\/elastocon-fogging-tester\/\" \/>\n<meta property=\"og:locale\" content=\"fr_FR\" \/>\n<meta property=\"og:type\" content=\"article\" \/>\n<meta property=\"og:title\" content=\"Elastocon Fogging tester - Artec Testnology\" \/>\n<meta property=\"og:description\" content=\"Test de bu\u00e9e selon ISO 6452, ASTM D5393, DIN, VOLVO et autres normes sp\u00e9cifiques pour les tests de bu\u00e9e. Cet appareil compact dispose d&#039;un bain de refroidissement et de chauffage dans un seul bo\u00eetier. Vous avez le choix entre deux syst\u00e8mes de refroidissement :  EB 03, Refroidissement eau du robinet, la temp\u00e9rature de l&#039;eau ne doit pas d\u00e9passer 18\u00b0C \u200b\u200bpour cela. EB 03C, \u00e9l\u00e9ments de refroidissement Peltier int\u00e9gr\u00e9s  L&#039;EB 03 est livr\u00e9 avec un ensemble standard d&#039;accessoires. Vous trouverez un aper\u00e7u complet de ceux-ci et des accessoires en option dans la brochure.\" \/>\n<meta property=\"og:url\" content=\"https:\/\/artec-testapparatuur.nl\/fr\/produit\/elastocon-fogging-tester\/\" \/>\n<meta property=\"og:site_name\" content=\"Artec Testnology\" \/>\n<meta property=\"og:image\" content=\"https:\/\/artec-testapparatuur.nl\/wp-content\/uploads\/2021\/06\/Elastocon-Fogging-tester.jpg\" \/>\n\t<meta property=\"og:image:width\" content=\"1000\" \/>\n\t<meta property=\"og:image:height\" content=\"1000\" \/>\n\t<meta property=\"og:image:type\" content=\"image\/jpeg\" \/>\n<meta name=\"twitter:card\" content=\"summary_large_image\" \/>\n<script type=\"application\/ld+json\" class=\"yoast-schema-graph\">{\"@context\":\"https:\/\/schema.org\",\"@graph\":[{\"@type\":\"WebPage\",\"@id\":\"https:\/\/artec-testapparatuur.nl\/fr\/produit\/elastocon-fogging-tester\/\",\"url\":\"https:\/\/artec-testapparatuur.nl\/fr\/produit\/elastocon-fogging-tester\/\",\"name\":\"Elastocon Fogging tester - Artec Testnology\",\"isPartOf\":{\"@id\":\"https:\/\/artec-testapparatuur.nl\/fr\/#website\"},\"primaryImageOfPage\":{\"@id\":\"https:\/\/artec-testapparatuur.nl\/fr\/produit\/elastocon-fogging-tester\/#primaryimage\"},\"image\":{\"@id\":\"https:\/\/artec-testapparatuur.nl\/fr\/produit\/elastocon-fogging-tester\/#primaryimage\"},\"thumbnailUrl\":\"https:\/\/artec-testapparatuur.nl\/wp-content\/uploads\/2021\/06\/Elastocon-Fogging-tester.jpg\",\"datePublished\":\"2021-06-14T13:36:34+00:00\",\"breadcrumb\":{\"@id\":\"https:\/\/artec-testapparatuur.nl\/fr\/produit\/elastocon-fogging-tester\/#breadcrumb\"},\"inLanguage\":\"fr-FR\",\"potentialAction\":[{\"@type\":\"ReadAction\",\"target\":[\"https:\/\/artec-testapparatuur.nl\/fr\/produit\/elastocon-fogging-tester\/\"]}]},{\"@type\":\"ImageObject\",\"inLanguage\":\"fr-FR\",\"@id\":\"https:\/\/artec-testapparatuur.nl\/fr\/produit\/elastocon-fogging-tester\/#primaryimage\",\"url\":\"https:\/\/artec-testapparatuur.nl\/wp-content\/uploads\/2021\/06\/Elastocon-Fogging-tester.jpg\",\"contentUrl\":\"https:\/\/artec-testapparatuur.nl\/wp-content\/uploads\/2021\/06\/Elastocon-Fogging-tester.jpg\",\"width\":1000,\"height\":1000},{\"@type\":\"BreadcrumbList\",\"@id\":\"https:\/\/artec-testapparatuur.nl\/fr\/produit\/elastocon-fogging-tester\/#breadcrumb\",\"itemListElement\":[{\"@type\":\"ListItem\",\"position\":1,\"name\":\"Home\",\"item\":\"https:\/\/artec-testapparatuur.nl\/fr\/\"},{\"@type\":\"ListItem\",\"position\":2,\"name\":\"Produits\",\"item\":\"https:\/\/artec-testapparatuur.nl\/fr\/shop\/\"},{\"@type\":\"ListItem\",\"position\":3,\"name\":\"Elastocon Fogging tester\"}]},{\"@type\":\"WebSite\",\"@id\":\"https:\/\/artec-testapparatuur.nl\/fr\/#website\",\"url\":\"https:\/\/artec-testapparatuur.nl\/fr\/\",\"name\":\"Artec Testnology\",\"description\":\"Your link to quality\",\"potentialAction\":[{\"@type\":\"SearchAction\",\"target\":{\"@type\":\"EntryPoint\",\"urlTemplate\":\"https:\/\/artec-testapparatuur.nl\/fr\/?s={search_term_string}\"},\"query-input\":{\"@type\":\"PropertyValueSpecification\",\"valueRequired\":true,\"valueName\":\"search_term_string\"}}],\"inLanguage\":\"fr-FR\"}]}<\/script>\n<!-- \/ Yoast SEO plugin. -->","yoast_head_json":{"title":"Elastocon Fogging tester - Artec Testnology","robots":{"index":"index","follow":"follow","max-snippet":"max-snippet:-1","max-image-preview":"max-image-preview:large","max-video-preview":"max-video-preview:-1"},"canonical":"https:\/\/artec-testapparatuur.nl\/fr\/produit\/elastocon-fogging-tester\/","og_locale":"fr_FR","og_type":"article","og_title":"Elastocon Fogging tester - Artec Testnology","og_description":"Test de bu\u00e9e selon ISO 6452, ASTM D5393, DIN, VOLVO et autres normes sp\u00e9cifiques pour les tests de bu\u00e9e. Cet appareil compact dispose d'un bain de refroidissement et de chauffage dans un seul bo\u00eetier. Vous avez le choix entre deux syst\u00e8mes de refroidissement :  EB 03, Refroidissement eau du robinet, la temp\u00e9rature de l'eau ne doit pas d\u00e9passer 18\u00b0C \u200b\u200bpour cela. EB 03C, \u00e9l\u00e9ments de refroidissement Peltier int\u00e9gr\u00e9s  L'EB 03 est livr\u00e9 avec un ensemble standard d'accessoires. Vous trouverez un aper\u00e7u complet de ceux-ci et des accessoires en option dans la brochure.","og_url":"https:\/\/artec-testapparatuur.nl\/fr\/produit\/elastocon-fogging-tester\/","og_site_name":"Artec Testnology","og_image":[{"width":1000,"height":1000,"url":"https:\/\/artec-testapparatuur.nl\/wp-content\/uploads\/2021\/06\/Elastocon-Fogging-tester.jpg","type":"image\/jpeg"}],"twitter_card":"summary_large_image","schema":{"@context":"https:\/\/schema.org","@graph":[{"@type":"WebPage","@id":"https:\/\/artec-testapparatuur.nl\/fr\/produit\/elastocon-fogging-tester\/","url":"https:\/\/artec-testapparatuur.nl\/fr\/produit\/elastocon-fogging-tester\/","name":"Elastocon Fogging tester - Artec Testnology","isPartOf":{"@id":"https:\/\/artec-testapparatuur.nl\/fr\/#website"},"primaryImageOfPage":{"@id":"https:\/\/artec-testapparatuur.nl\/fr\/produit\/elastocon-fogging-tester\/#primaryimage"},"image":{"@id":"https:\/\/artec-testapparatuur.nl\/fr\/produit\/elastocon-fogging-tester\/#primaryimage"},"thumbnailUrl":"https:\/\/artec-testapparatuur.nl\/wp-content\/uploads\/2021\/06\/Elastocon-Fogging-tester.jpg","datePublished":"2021-06-14T13:36:34+00:00","breadcrumb":{"@id":"https:\/\/artec-testapparatuur.nl\/fr\/produit\/elastocon-fogging-tester\/#breadcrumb"},"inLanguage":"fr-FR","potentialAction":[{"@type":"ReadAction","target":["https:\/\/artec-testapparatuur.nl\/fr\/produit\/elastocon-fogging-tester\/"]}]},{"@type":"ImageObject","inLanguage":"fr-FR","@id":"https:\/\/artec-testapparatuur.nl\/fr\/produit\/elastocon-fogging-tester\/#primaryimage","url":"https:\/\/artec-testapparatuur.nl\/wp-content\/uploads\/2021\/06\/Elastocon-Fogging-tester.jpg","contentUrl":"https:\/\/artec-testapparatuur.nl\/wp-content\/uploads\/2021\/06\/Elastocon-Fogging-tester.jpg","width":1000,"height":1000},{"@type":"BreadcrumbList","@id":"https:\/\/artec-testapparatuur.nl\/fr\/produit\/elastocon-fogging-tester\/#breadcrumb","itemListElement":[{"@type":"ListItem","position":1,"name":"Home","item":"https:\/\/artec-testapparatuur.nl\/fr\/"},{"@type":"ListItem","position":2,"name":"Produits","item":"https:\/\/artec-testapparatuur.nl\/fr\/shop\/"},{"@type":"ListItem","position":3,"name":"Elastocon Fogging tester"}]},{"@type":"WebSite","@id":"https:\/\/artec-testapparatuur.nl\/fr\/#website","url":"https:\/\/artec-testapparatuur.nl\/fr\/","name":"Artec Testnology","description":"Your link to quality","potentialAction":[{"@type":"SearchAction","target":{"@type":"EntryPoint","urlTemplate":"https:\/\/artec-testapparatuur.nl\/fr\/?s={search_term_string}"},"query-input":{"@type":"PropertyValueSpecification","valueRequired":true,"valueName":"search_term_string"}}],"inLanguage":"fr-FR"}]}},"_links":{"self":[{"href":"https:\/\/artec-testapparatuur.nl\/fr\/wp-json\/wp\/v2\/product\/1849","targetHints":{"allow":["GET"]}}],"collection":[{"href":"https:\/\/artec-testapparatuur.nl\/fr\/wp-json\/wp\/v2\/product"}],"about":[{"href":"https:\/\/artec-testapparatuur.nl\/fr\/wp-json\/wp\/v2\/types\/product"}],"wp:featuredmedia":[{"embeddable":true,"href":"https:\/\/artec-testapparatuur.nl\/fr\/wp-json\/wp\/v2\/media\/1201"}],"wp:attachment":[{"href":"https:\/\/artec-testapparatuur.nl\/fr\/wp-json\/wp\/v2\/media?parent=1849"}],"wp:term":[{"taxonomy":"product_brand","embeddable":true,"href":"https:\/\/artec-testapparatuur.nl\/fr\/wp-json\/wp\/v2\/product_brand?post=1849"},{"taxonomy":"product_cat","embeddable":true,"href":"https:\/\/artec-testapparatuur.nl\/fr\/wp-json\/wp\/v2\/product_cat?post=1849"},{"taxonomy":"product_tag","embeddable":true,"href":"https:\/\/artec-testapparatuur.nl\/fr\/wp-json\/wp\/v2\/product_tag?post=1849"}],"curies":[{"name":"wp","href":"https:\/\/api.w.org\/{rel}","templated":true}]}}