{"id":1845,"date":"2021-06-14T15:41:06","date_gmt":"2021-06-14T13:41:06","guid":{"rendered":"https:\/\/artec.kopdigitaal-dev.nl\/product\/mi-tech-hdt-vicat-tester\/"},"modified":"2022-07-06T16:02:28","modified_gmt":"2022-07-06T14:02:28","slug":"mi-tech-hdt-vicat-tester","status":"publish","type":"product","link":"https:\/\/artec-testapparatuur.nl\/fr\/produit\/mi-tech-hdt-vicat-tester\/","title":{"rendered":"Mi-Tech HDT Vicat Tester"},"content":{"rendered":"<p>Le testeur HDT-Vicat est con\u00e7u pour des tests simples et ind\u00e9pendants des plastiques, selon les normes mentionn\u00e9es.<\/p>\n<p>Le fonctionnement n\u00e9cessite peu de formation. L&rsquo;appareil permet de mesurer les variations de rigidit\u00e9 d&rsquo;un mat\u00e9riau (polym\u00e8re, composite, &#8230;) \u00e0 des niveaux de temp\u00e9rature \u00e9lev\u00e9s.<br \/>\nAussi les performances de diff\u00e9rents mat\u00e9riaux peuvent \u00eatre compar\u00e9es sur des crit\u00e8res de r\u00e9sistance m\u00e9canique de la temp\u00e9rature.<\/p>\n<p>Cet instrument est avant tout un instrument de contr\u00f4le, r\u00e9alisant des tests HDT ou Vicat, simplement en changeant certains accessoires.<\/p>\n","protected":false},"excerpt":{"rendered":"<p>Le testeur HDT-Vicat est con\u00e7u pour des tests simples et ind\u00e9pendants des plastiques, selon les normes mentionn\u00e9es.<\/p>\n<p>Le fonctionnement n\u00e9cessite peu de formation. L&rsquo;appareil permet de mesurer les variations de rigidit\u00e9 d&rsquo;un mat\u00e9riau (polym\u00e8re, composite, &#8230;) \u00e0 des niveaux de temp\u00e9rature \u00e9lev\u00e9s.<br \/>\nAussi les performances de diff\u00e9rents mat\u00e9riaux peuvent \u00eatre compar\u00e9es sur des crit\u00e8res de r\u00e9sistance m\u00e9canique de la temp\u00e9rature.<\/p>\n<p>Cet instrument est avant tout un instrument de contr\u00f4le, r\u00e9alisant des tests HDT ou Vicat, simplement en changeant certains accessoires.<\/p>\n","protected":false},"featured_media":1209,"template":"","meta":[],"product_brand":[],"product_cat":[200],"product_tag":[],"class_list":{"0":"post-1845","1":"product","2":"type-product","3":"status-publish","4":"has-post-thumbnail","6":"product_cat-caracteristiques-thermiques","7":"pa_materiaal-composite-fr","8":"pa_materiaal-plastique-fr","9":"pa_materiaal-polymeres","10":"pa_merk-materiau-ingenierie-fr","11":"pa_norm-astm-d1525-fr","12":"pa_norm-astm-d648-fr","13":"pa_norm-iso-306-fr","14":"pa_norm-iso-75-fr","16":"first","17":"instock","18":"shipping-taxable","19":"purchasable","20":"product-type-simple"},"acf":[],"yoast_head":"<!-- This site is optimized with the Yoast SEO plugin v26.9 - https:\/\/yoast.com\/product\/yoast-seo-wordpress\/ -->\n<title>Mi-Tech HDT Vicat Tester - Artec Testnology<\/title>\n<meta name=\"robots\" content=\"index, follow, max-snippet:-1, max-image-preview:large, max-video-preview:-1\" \/>\n<link rel=\"canonical\" href=\"https:\/\/artec-testapparatuur.nl\/fr\/produit\/mi-tech-hdt-vicat-tester\/\" \/>\n<meta property=\"og:locale\" content=\"fr_FR\" \/>\n<meta property=\"og:type\" content=\"article\" \/>\n<meta property=\"og:title\" content=\"Mi-Tech HDT Vicat Tester - Artec Testnology\" \/>\n<meta property=\"og:description\" content=\"Le testeur HDT-Vicat est con\u00e7u pour des tests simples et ind\u00e9pendants des plastiques, selon les normes mentionn\u00e9es.  Le fonctionnement n\u00e9cessite peu de formation. L&#039;appareil permet de mesurer les variations de rigidit\u00e9 d&#039;un mat\u00e9riau (polym\u00e8re, composite, ...) \u00e0 des niveaux de temp\u00e9rature \u00e9lev\u00e9s. Aussi les performances de diff\u00e9rents mat\u00e9riaux peuvent \u00eatre compar\u00e9es sur des crit\u00e8res de r\u00e9sistance m\u00e9canique de la temp\u00e9rature.  Cet instrument est avant tout un instrument de contr\u00f4le, r\u00e9alisant des tests HDT ou Vicat, simplement en changeant certains accessoires.\" \/>\n<meta property=\"og:url\" content=\"https:\/\/artec-testapparatuur.nl\/fr\/produit\/mi-tech-hdt-vicat-tester\/\" \/>\n<meta property=\"og:site_name\" content=\"Artec Testnology\" \/>\n<meta property=\"article:modified_time\" content=\"2022-07-06T14:02:28+00:00\" \/>\n<meta property=\"og:image\" content=\"https:\/\/artec-testapparatuur.nl\/wp-content\/uploads\/2021\/06\/Mi-Tech-HDT-Vicat-Tester.jpg\" \/>\n\t<meta property=\"og:image:width\" content=\"1000\" \/>\n\t<meta property=\"og:image:height\" content=\"1000\" \/>\n\t<meta property=\"og:image:type\" content=\"image\/jpeg\" \/>\n<meta name=\"twitter:card\" content=\"summary_large_image\" \/>\n<script type=\"application\/ld+json\" class=\"yoast-schema-graph\">{\"@context\":\"https:\/\/schema.org\",\"@graph\":[{\"@type\":\"WebPage\",\"@id\":\"https:\/\/artec-testapparatuur.nl\/fr\/produit\/mi-tech-hdt-vicat-tester\/\",\"url\":\"https:\/\/artec-testapparatuur.nl\/fr\/produit\/mi-tech-hdt-vicat-tester\/\",\"name\":\"Mi-Tech HDT Vicat Tester - Artec Testnology\",\"isPartOf\":{\"@id\":\"https:\/\/artec-testapparatuur.nl\/fr\/#website\"},\"primaryImageOfPage\":{\"@id\":\"https:\/\/artec-testapparatuur.nl\/fr\/produit\/mi-tech-hdt-vicat-tester\/#primaryimage\"},\"image\":{\"@id\":\"https:\/\/artec-testapparatuur.nl\/fr\/produit\/mi-tech-hdt-vicat-tester\/#primaryimage\"},\"thumbnailUrl\":\"https:\/\/artec-testapparatuur.nl\/wp-content\/uploads\/2021\/06\/Mi-Tech-HDT-Vicat-Tester.jpg\",\"datePublished\":\"2021-06-14T13:41:06+00:00\",\"dateModified\":\"2022-07-06T14:02:28+00:00\",\"breadcrumb\":{\"@id\":\"https:\/\/artec-testapparatuur.nl\/fr\/produit\/mi-tech-hdt-vicat-tester\/#breadcrumb\"},\"inLanguage\":\"fr-FR\",\"potentialAction\":[{\"@type\":\"ReadAction\",\"target\":[\"https:\/\/artec-testapparatuur.nl\/fr\/produit\/mi-tech-hdt-vicat-tester\/\"]}]},{\"@type\":\"ImageObject\",\"inLanguage\":\"fr-FR\",\"@id\":\"https:\/\/artec-testapparatuur.nl\/fr\/produit\/mi-tech-hdt-vicat-tester\/#primaryimage\",\"url\":\"https:\/\/artec-testapparatuur.nl\/wp-content\/uploads\/2021\/06\/Mi-Tech-HDT-Vicat-Tester.jpg\",\"contentUrl\":\"https:\/\/artec-testapparatuur.nl\/wp-content\/uploads\/2021\/06\/Mi-Tech-HDT-Vicat-Tester.jpg\",\"width\":1000,\"height\":1000},{\"@type\":\"BreadcrumbList\",\"@id\":\"https:\/\/artec-testapparatuur.nl\/fr\/produit\/mi-tech-hdt-vicat-tester\/#breadcrumb\",\"itemListElement\":[{\"@type\":\"ListItem\",\"position\":1,\"name\":\"Home\",\"item\":\"https:\/\/artec-testapparatuur.nl\/fr\/\"},{\"@type\":\"ListItem\",\"position\":2,\"name\":\"Produits\",\"item\":\"https:\/\/artec-testapparatuur.nl\/fr\/shop\/\"},{\"@type\":\"ListItem\",\"position\":3,\"name\":\"Mi-Tech HDT Vicat Tester\"}]},{\"@type\":\"WebSite\",\"@id\":\"https:\/\/artec-testapparatuur.nl\/fr\/#website\",\"url\":\"https:\/\/artec-testapparatuur.nl\/fr\/\",\"name\":\"Artec Testnology\",\"description\":\"Your link to quality\",\"potentialAction\":[{\"@type\":\"SearchAction\",\"target\":{\"@type\":\"EntryPoint\",\"urlTemplate\":\"https:\/\/artec-testapparatuur.nl\/fr\/?s={search_term_string}\"},\"query-input\":{\"@type\":\"PropertyValueSpecification\",\"valueRequired\":true,\"valueName\":\"search_term_string\"}}],\"inLanguage\":\"fr-FR\"}]}<\/script>\n<!-- \/ Yoast SEO plugin. -->","yoast_head_json":{"title":"Mi-Tech HDT Vicat Tester - Artec Testnology","robots":{"index":"index","follow":"follow","max-snippet":"max-snippet:-1","max-image-preview":"max-image-preview:large","max-video-preview":"max-video-preview:-1"},"canonical":"https:\/\/artec-testapparatuur.nl\/fr\/produit\/mi-tech-hdt-vicat-tester\/","og_locale":"fr_FR","og_type":"article","og_title":"Mi-Tech HDT Vicat Tester - Artec Testnology","og_description":"Le testeur HDT-Vicat est con\u00e7u pour des tests simples et ind\u00e9pendants des plastiques, selon les normes mentionn\u00e9es.  Le fonctionnement n\u00e9cessite peu de formation. L'appareil permet de mesurer les variations de rigidit\u00e9 d'un mat\u00e9riau (polym\u00e8re, composite, ...) \u00e0 des niveaux de temp\u00e9rature \u00e9lev\u00e9s. Aussi les performances de diff\u00e9rents mat\u00e9riaux peuvent \u00eatre compar\u00e9es sur des crit\u00e8res de r\u00e9sistance m\u00e9canique de la temp\u00e9rature.  Cet instrument est avant tout un instrument de contr\u00f4le, r\u00e9alisant des tests HDT ou Vicat, simplement en changeant certains accessoires.","og_url":"https:\/\/artec-testapparatuur.nl\/fr\/produit\/mi-tech-hdt-vicat-tester\/","og_site_name":"Artec Testnology","article_modified_time":"2022-07-06T14:02:28+00:00","og_image":[{"width":1000,"height":1000,"url":"https:\/\/artec-testapparatuur.nl\/wp-content\/uploads\/2021\/06\/Mi-Tech-HDT-Vicat-Tester.jpg","type":"image\/jpeg"}],"twitter_card":"summary_large_image","schema":{"@context":"https:\/\/schema.org","@graph":[{"@type":"WebPage","@id":"https:\/\/artec-testapparatuur.nl\/fr\/produit\/mi-tech-hdt-vicat-tester\/","url":"https:\/\/artec-testapparatuur.nl\/fr\/produit\/mi-tech-hdt-vicat-tester\/","name":"Mi-Tech HDT Vicat Tester - Artec Testnology","isPartOf":{"@id":"https:\/\/artec-testapparatuur.nl\/fr\/#website"},"primaryImageOfPage":{"@id":"https:\/\/artec-testapparatuur.nl\/fr\/produit\/mi-tech-hdt-vicat-tester\/#primaryimage"},"image":{"@id":"https:\/\/artec-testapparatuur.nl\/fr\/produit\/mi-tech-hdt-vicat-tester\/#primaryimage"},"thumbnailUrl":"https:\/\/artec-testapparatuur.nl\/wp-content\/uploads\/2021\/06\/Mi-Tech-HDT-Vicat-Tester.jpg","datePublished":"2021-06-14T13:41:06+00:00","dateModified":"2022-07-06T14:02:28+00:00","breadcrumb":{"@id":"https:\/\/artec-testapparatuur.nl\/fr\/produit\/mi-tech-hdt-vicat-tester\/#breadcrumb"},"inLanguage":"fr-FR","potentialAction":[{"@type":"ReadAction","target":["https:\/\/artec-testapparatuur.nl\/fr\/produit\/mi-tech-hdt-vicat-tester\/"]}]},{"@type":"ImageObject","inLanguage":"fr-FR","@id":"https:\/\/artec-testapparatuur.nl\/fr\/produit\/mi-tech-hdt-vicat-tester\/#primaryimage","url":"https:\/\/artec-testapparatuur.nl\/wp-content\/uploads\/2021\/06\/Mi-Tech-HDT-Vicat-Tester.jpg","contentUrl":"https:\/\/artec-testapparatuur.nl\/wp-content\/uploads\/2021\/06\/Mi-Tech-HDT-Vicat-Tester.jpg","width":1000,"height":1000},{"@type":"BreadcrumbList","@id":"https:\/\/artec-testapparatuur.nl\/fr\/produit\/mi-tech-hdt-vicat-tester\/#breadcrumb","itemListElement":[{"@type":"ListItem","position":1,"name":"Home","item":"https:\/\/artec-testapparatuur.nl\/fr\/"},{"@type":"ListItem","position":2,"name":"Produits","item":"https:\/\/artec-testapparatuur.nl\/fr\/shop\/"},{"@type":"ListItem","position":3,"name":"Mi-Tech HDT Vicat Tester"}]},{"@type":"WebSite","@id":"https:\/\/artec-testapparatuur.nl\/fr\/#website","url":"https:\/\/artec-testapparatuur.nl\/fr\/","name":"Artec Testnology","description":"Your link to quality","potentialAction":[{"@type":"SearchAction","target":{"@type":"EntryPoint","urlTemplate":"https:\/\/artec-testapparatuur.nl\/fr\/?s={search_term_string}"},"query-input":{"@type":"PropertyValueSpecification","valueRequired":true,"valueName":"search_term_string"}}],"inLanguage":"fr-FR"}]}},"_links":{"self":[{"href":"https:\/\/artec-testapparatuur.nl\/fr\/wp-json\/wp\/v2\/product\/1845","targetHints":{"allow":["GET"]}}],"collection":[{"href":"https:\/\/artec-testapparatuur.nl\/fr\/wp-json\/wp\/v2\/product"}],"about":[{"href":"https:\/\/artec-testapparatuur.nl\/fr\/wp-json\/wp\/v2\/types\/product"}],"wp:featuredmedia":[{"embeddable":true,"href":"https:\/\/artec-testapparatuur.nl\/fr\/wp-json\/wp\/v2\/media\/1209"}],"wp:attachment":[{"href":"https:\/\/artec-testapparatuur.nl\/fr\/wp-json\/wp\/v2\/media?parent=1845"}],"wp:term":[{"taxonomy":"product_brand","embeddable":true,"href":"https:\/\/artec-testapparatuur.nl\/fr\/wp-json\/wp\/v2\/product_brand?post=1845"},{"taxonomy":"product_cat","embeddable":true,"href":"https:\/\/artec-testapparatuur.nl\/fr\/wp-json\/wp\/v2\/product_cat?post=1845"},{"taxonomy":"product_tag","embeddable":true,"href":"https:\/\/artec-testapparatuur.nl\/fr\/wp-json\/wp\/v2\/product_tag?post=1845"}],"curies":[{"name":"wp","href":"https:\/\/api.w.org\/{rel}","templated":true}]}}