{"id":1801,"date":"2021-06-15T14:43:58","date_gmt":"2021-06-15T12:43:58","guid":{"rendered":"https:\/\/artec.kopdigitaal-dev.nl\/product\/delmhorst-restauration-reparation-de-dommages-humidimetre\/"},"modified":"2021-06-15T14:43:58","modified_gmt":"2021-06-15T12:43:58","slug":"delmhorst-restauration-reparation-de-dommages-humidimetre","status":"publish","type":"product","link":"https:\/\/artec-testapparatuur.nl\/fr\/produit\/delmhorst-restauration-reparation-de-dommages-humidimetre\/","title":{"rendered":"Delmhorst Restauration, r\u00e9paration de dommages, humidim\u00e8tre"},"content":{"rendered":"<p>QuickNav, Humidim\u00e8tre pour travaux de construction et de restauration.<\/p>\n<p>Humidim\u00e8tre 3-en-1 :<\/p>\n<p>Humidim\u00e8tre \u00e0 broches<br \/>\nScanner d&rsquo;humidit\u00e9 non destructif<br \/>\nThermohygrom\u00e8tre, humidit\u00e9 (HR), temp\u00e9rature, point de ros\u00e9e, etc.<\/p>\n<p>Si vous recherchez la polyvalence d&rsquo;un humidim\u00e8tre 3 en 1, mais que le stockage des r\u00e9sultats de mesure n&rsquo;est pas important pour vous, le QuickNav offre la solution !<\/p>\n<p>Avec cet humidim\u00e8tre 3-en-1, vous pouvez num\u00e9riser, prendre des mesures par broche et mesurer la temp\u00e9rature, l&rsquo;humidit\u00e9. Le point de ros\u00e9e et le poids d&rsquo;eau par kg d&rsquo;air sont \u00e9galement calcul\u00e9s.<\/p>\n<p>Le nom QuickNav d\u00e9crit exactement ce que cet humidim\u00e8tre a \u00e0 offrir. Gr\u00e2ce \u00e0 la structure de menu simple, vous pouvez naviguer rapidement dans le menu et d\u00e9couvrir les avantages des 3 fonctions de mesure de cet humidim\u00e8tre.<\/p>\n<p>Les entreprises de d\u00e9g\u00e2ts d&rsquo;eau, les sp\u00e9cialistes de la restauration et les propri\u00e9taires savent qu&rsquo;il est essentiel d&rsquo;utiliser un humidim\u00e8tre fiable pour identifier les probl\u00e8mes d&rsquo;humidit\u00e9 et surveiller le processus de s\u00e9chage.<\/p>\n","protected":false},"excerpt":{"rendered":"<p>QuickNav, Humidim\u00e8tre pour travaux de construction et de restauration.<\/p>\n<p>Humidim\u00e8tre 3-en-1 :<\/p>\n<p>Humidim\u00e8tre \u00e0 broches<br \/>\nScanner d&rsquo;humidit\u00e9 non destructif<br \/>\nThermohygrom\u00e8tre, humidit\u00e9 (HR), temp\u00e9rature, point de ros\u00e9e, etc.<\/p>\n<p>Si vous recherchez la polyvalence d&rsquo;un humidim\u00e8tre 3 en 1, mais que le stockage des r\u00e9sultats de mesure n&rsquo;est pas important pour vous, le QuickNav offre la solution !<\/p>\n<p>Avec cet humidim\u00e8tre 3-en-1, vous pouvez num\u00e9riser, prendre des mesures par broche et mesurer la temp\u00e9rature, l&rsquo;humidit\u00e9. Le point de ros\u00e9e et le poids d&rsquo;eau par kg d&rsquo;air sont \u00e9galement calcul\u00e9s.<\/p>\n<p>Le nom QuickNav d\u00e9crit exactement ce que cet humidim\u00e8tre a \u00e0 offrir. Gr\u00e2ce \u00e0 la structure de menu simple, vous pouvez naviguer rapidement dans le menu et d\u00e9couvrir les avantages des 3 fonctions de mesure de cet humidim\u00e8tre.<\/p>\n<p>Les entreprises de d\u00e9g\u00e2ts d&rsquo;eau, les sp\u00e9cialistes de la restauration et les propri\u00e9taires savent qu&rsquo;il est essentiel d&rsquo;utiliser un humidim\u00e8tre fiable pour identifier les probl\u00e8mes d&rsquo;humidit\u00e9 et surveiller le processus de s\u00e9chage.<\/p>\n","protected":false},"featured_media":1301,"template":"","meta":[],"product_brand":[],"product_cat":[156,2926,222],"product_tag":[],"class_list":{"0":"post-1801","1":"product","2":"type-product","3":"status-publish","4":"has-post-thumbnail","6":"product_cat-bouw-fr","7":"product_cat-isolation","8":"product_cat-testeurs-dhumidite","9":"pa_materiaal-bois","10":"pa_materiaal-cloison-seche","11":"pa_materiaal-materiaux-de-construction","12":"pa_merk-delmhorst-fr","13":"pa_toepassing-mesure-de-lhumidite","14":"pa_toepassing-travaux-de-construction-et-de-restauration","16":"first","17":"instock","18":"shipping-taxable","19":"purchasable","20":"product-type-simple"},"acf":[],"yoast_head":"<!-- This site is optimized with the Yoast SEO plugin v26.9 - https:\/\/yoast.com\/product\/yoast-seo-wordpress\/ -->\n<title>Delmhorst Restauration, r\u00e9paration de dommages, humidim\u00e8tre - Artec Testnology<\/title>\n<meta name=\"robots\" content=\"index, follow, max-snippet:-1, max-image-preview:large, max-video-preview:-1\" \/>\n<link rel=\"canonical\" href=\"https:\/\/artec-testapparatuur.nl\/fr\/produit\/delmhorst-restauration-reparation-de-dommages-humidimetre\/\" \/>\n<meta property=\"og:locale\" content=\"fr_FR\" \/>\n<meta property=\"og:type\" content=\"article\" \/>\n<meta property=\"og:title\" content=\"Delmhorst Restauration, r\u00e9paration de dommages, humidim\u00e8tre - Artec Testnology\" \/>\n<meta property=\"og:description\" content=\"QuickNav, Humidim\u00e8tre pour travaux de construction et de restauration.  Humidim\u00e8tre 3-en-1 :  Humidim\u00e8tre \u00e0 broches Scanner d&#039;humidit\u00e9 non destructif Thermohygrom\u00e8tre, humidit\u00e9 (HR), temp\u00e9rature, point de ros\u00e9e, etc.  Si vous recherchez la polyvalence d&#039;un humidim\u00e8tre 3 en 1, mais que le stockage des r\u00e9sultats de mesure n&#039;est pas important pour vous, le QuickNav offre la solution !  Avec cet humidim\u00e8tre 3-en-1, vous pouvez num\u00e9riser, prendre des mesures par broche et mesurer la temp\u00e9rature, l&#039;humidit\u00e9. Le point de ros\u00e9e et le poids d&#039;eau par kg d&#039;air sont \u00e9galement calcul\u00e9s.  Le nom QuickNav d\u00e9crit exactement ce que cet humidim\u00e8tre a \u00e0 offrir. Gr\u00e2ce \u00e0 la structure de menu simple, vous pouvez naviguer rapidement dans le menu et d\u00e9couvrir les avantages des 3 fonctions de mesure de cet humidim\u00e8tre.  Les entreprises de d\u00e9g\u00e2ts d&#039;eau, les sp\u00e9cialistes de la restauration et les propri\u00e9taires savent qu&#039;il est essentiel d&#039;utiliser un humidim\u00e8tre fiable pour identifier les probl\u00e8mes d&#039;humidit\u00e9 et surveiller le processus de s\u00e9chage.\" \/>\n<meta property=\"og:url\" content=\"https:\/\/artec-testapparatuur.nl\/fr\/produit\/delmhorst-restauration-reparation-de-dommages-humidimetre\/\" \/>\n<meta property=\"og:site_name\" content=\"Artec Testnology\" \/>\n<meta property=\"og:image\" content=\"https:\/\/artec-testapparatuur.nl\/wp-content\/uploads\/2021\/06\/1.png\" \/>\n\t<meta property=\"og:image:width\" content=\"1000\" \/>\n\t<meta property=\"og:image:height\" content=\"1000\" \/>\n\t<meta property=\"og:image:type\" content=\"image\/png\" \/>\n<meta name=\"twitter:card\" content=\"summary_large_image\" \/>\n<meta name=\"twitter:label1\" content=\"Dur\u00e9e de lecture estim\u00e9e\" \/>\n\t<meta name=\"twitter:data1\" content=\"1 minute\" \/>\n<script type=\"application\/ld+json\" class=\"yoast-schema-graph\">{\"@context\":\"https:\/\/schema.org\",\"@graph\":[{\"@type\":\"WebPage\",\"@id\":\"https:\/\/artec-testapparatuur.nl\/fr\/produit\/delmhorst-restauration-reparation-de-dommages-humidimetre\/\",\"url\":\"https:\/\/artec-testapparatuur.nl\/fr\/produit\/delmhorst-restauration-reparation-de-dommages-humidimetre\/\",\"name\":\"Delmhorst Restauration, r\u00e9paration de dommages, humidim\u00e8tre - Artec Testnology\",\"isPartOf\":{\"@id\":\"https:\/\/artec-testapparatuur.nl\/fr\/#website\"},\"primaryImageOfPage\":{\"@id\":\"https:\/\/artec-testapparatuur.nl\/fr\/produit\/delmhorst-restauration-reparation-de-dommages-humidimetre\/#primaryimage\"},\"image\":{\"@id\":\"https:\/\/artec-testapparatuur.nl\/fr\/produit\/delmhorst-restauration-reparation-de-dommages-humidimetre\/#primaryimage\"},\"thumbnailUrl\":\"https:\/\/artec-testapparatuur.nl\/wp-content\/uploads\/2021\/06\/1.png\",\"datePublished\":\"2021-06-15T12:43:58+00:00\",\"breadcrumb\":{\"@id\":\"https:\/\/artec-testapparatuur.nl\/fr\/produit\/delmhorst-restauration-reparation-de-dommages-humidimetre\/#breadcrumb\"},\"inLanguage\":\"fr-FR\",\"potentialAction\":[{\"@type\":\"ReadAction\",\"target\":[\"https:\/\/artec-testapparatuur.nl\/fr\/produit\/delmhorst-restauration-reparation-de-dommages-humidimetre\/\"]}]},{\"@type\":\"ImageObject\",\"inLanguage\":\"fr-FR\",\"@id\":\"https:\/\/artec-testapparatuur.nl\/fr\/produit\/delmhorst-restauration-reparation-de-dommages-humidimetre\/#primaryimage\",\"url\":\"https:\/\/artec-testapparatuur.nl\/wp-content\/uploads\/2021\/06\/1.png\",\"contentUrl\":\"https:\/\/artec-testapparatuur.nl\/wp-content\/uploads\/2021\/06\/1.png\",\"width\":1000,\"height\":1000},{\"@type\":\"BreadcrumbList\",\"@id\":\"https:\/\/artec-testapparatuur.nl\/fr\/produit\/delmhorst-restauration-reparation-de-dommages-humidimetre\/#breadcrumb\",\"itemListElement\":[{\"@type\":\"ListItem\",\"position\":1,\"name\":\"Home\",\"item\":\"https:\/\/artec-testapparatuur.nl\/fr\/\"},{\"@type\":\"ListItem\",\"position\":2,\"name\":\"Produits\",\"item\":\"https:\/\/artec-testapparatuur.nl\/fr\/shop\/\"},{\"@type\":\"ListItem\",\"position\":3,\"name\":\"Delmhorst Restauration, r\u00e9paration de dommages, humidim\u00e8tre\"}]},{\"@type\":\"WebSite\",\"@id\":\"https:\/\/artec-testapparatuur.nl\/fr\/#website\",\"url\":\"https:\/\/artec-testapparatuur.nl\/fr\/\",\"name\":\"Artec Testnology\",\"description\":\"Your link to quality\",\"potentialAction\":[{\"@type\":\"SearchAction\",\"target\":{\"@type\":\"EntryPoint\",\"urlTemplate\":\"https:\/\/artec-testapparatuur.nl\/fr\/?s={search_term_string}\"},\"query-input\":{\"@type\":\"PropertyValueSpecification\",\"valueRequired\":true,\"valueName\":\"search_term_string\"}}],\"inLanguage\":\"fr-FR\"}]}<\/script>\n<!-- \/ Yoast SEO plugin. -->","yoast_head_json":{"title":"Delmhorst Restauration, r\u00e9paration de dommages, humidim\u00e8tre - Artec Testnology","robots":{"index":"index","follow":"follow","max-snippet":"max-snippet:-1","max-image-preview":"max-image-preview:large","max-video-preview":"max-video-preview:-1"},"canonical":"https:\/\/artec-testapparatuur.nl\/fr\/produit\/delmhorst-restauration-reparation-de-dommages-humidimetre\/","og_locale":"fr_FR","og_type":"article","og_title":"Delmhorst Restauration, r\u00e9paration de dommages, humidim\u00e8tre - Artec Testnology","og_description":"QuickNav, Humidim\u00e8tre pour travaux de construction et de restauration.  Humidim\u00e8tre 3-en-1 :  Humidim\u00e8tre \u00e0 broches Scanner d'humidit\u00e9 non destructif Thermohygrom\u00e8tre, humidit\u00e9 (HR), temp\u00e9rature, point de ros\u00e9e, etc.  Si vous recherchez la polyvalence d'un humidim\u00e8tre 3 en 1, mais que le stockage des r\u00e9sultats de mesure n'est pas important pour vous, le QuickNav offre la solution !  Avec cet humidim\u00e8tre 3-en-1, vous pouvez num\u00e9riser, prendre des mesures par broche et mesurer la temp\u00e9rature, l'humidit\u00e9. Le point de ros\u00e9e et le poids d'eau par kg d'air sont \u00e9galement calcul\u00e9s.  Le nom QuickNav d\u00e9crit exactement ce que cet humidim\u00e8tre a \u00e0 offrir. Gr\u00e2ce \u00e0 la structure de menu simple, vous pouvez naviguer rapidement dans le menu et d\u00e9couvrir les avantages des 3 fonctions de mesure de cet humidim\u00e8tre.  Les entreprises de d\u00e9g\u00e2ts d'eau, les sp\u00e9cialistes de la restauration et les propri\u00e9taires savent qu'il est essentiel d'utiliser un humidim\u00e8tre fiable pour identifier les probl\u00e8mes d'humidit\u00e9 et surveiller le processus de s\u00e9chage.","og_url":"https:\/\/artec-testapparatuur.nl\/fr\/produit\/delmhorst-restauration-reparation-de-dommages-humidimetre\/","og_site_name":"Artec Testnology","og_image":[{"width":1000,"height":1000,"url":"https:\/\/artec-testapparatuur.nl\/wp-content\/uploads\/2021\/06\/1.png","type":"image\/png"}],"twitter_card":"summary_large_image","twitter_misc":{"Dur\u00e9e de lecture estim\u00e9e":"1 minute"},"schema":{"@context":"https:\/\/schema.org","@graph":[{"@type":"WebPage","@id":"https:\/\/artec-testapparatuur.nl\/fr\/produit\/delmhorst-restauration-reparation-de-dommages-humidimetre\/","url":"https:\/\/artec-testapparatuur.nl\/fr\/produit\/delmhorst-restauration-reparation-de-dommages-humidimetre\/","name":"Delmhorst Restauration, r\u00e9paration de dommages, humidim\u00e8tre - Artec Testnology","isPartOf":{"@id":"https:\/\/artec-testapparatuur.nl\/fr\/#website"},"primaryImageOfPage":{"@id":"https:\/\/artec-testapparatuur.nl\/fr\/produit\/delmhorst-restauration-reparation-de-dommages-humidimetre\/#primaryimage"},"image":{"@id":"https:\/\/artec-testapparatuur.nl\/fr\/produit\/delmhorst-restauration-reparation-de-dommages-humidimetre\/#primaryimage"},"thumbnailUrl":"https:\/\/artec-testapparatuur.nl\/wp-content\/uploads\/2021\/06\/1.png","datePublished":"2021-06-15T12:43:58+00:00","breadcrumb":{"@id":"https:\/\/artec-testapparatuur.nl\/fr\/produit\/delmhorst-restauration-reparation-de-dommages-humidimetre\/#breadcrumb"},"inLanguage":"fr-FR","potentialAction":[{"@type":"ReadAction","target":["https:\/\/artec-testapparatuur.nl\/fr\/produit\/delmhorst-restauration-reparation-de-dommages-humidimetre\/"]}]},{"@type":"ImageObject","inLanguage":"fr-FR","@id":"https:\/\/artec-testapparatuur.nl\/fr\/produit\/delmhorst-restauration-reparation-de-dommages-humidimetre\/#primaryimage","url":"https:\/\/artec-testapparatuur.nl\/wp-content\/uploads\/2021\/06\/1.png","contentUrl":"https:\/\/artec-testapparatuur.nl\/wp-content\/uploads\/2021\/06\/1.png","width":1000,"height":1000},{"@type":"BreadcrumbList","@id":"https:\/\/artec-testapparatuur.nl\/fr\/produit\/delmhorst-restauration-reparation-de-dommages-humidimetre\/#breadcrumb","itemListElement":[{"@type":"ListItem","position":1,"name":"Home","item":"https:\/\/artec-testapparatuur.nl\/fr\/"},{"@type":"ListItem","position":2,"name":"Produits","item":"https:\/\/artec-testapparatuur.nl\/fr\/shop\/"},{"@type":"ListItem","position":3,"name":"Delmhorst Restauration, r\u00e9paration de dommages, humidim\u00e8tre"}]},{"@type":"WebSite","@id":"https:\/\/artec-testapparatuur.nl\/fr\/#website","url":"https:\/\/artec-testapparatuur.nl\/fr\/","name":"Artec Testnology","description":"Your link to quality","potentialAction":[{"@type":"SearchAction","target":{"@type":"EntryPoint","urlTemplate":"https:\/\/artec-testapparatuur.nl\/fr\/?s={search_term_string}"},"query-input":{"@type":"PropertyValueSpecification","valueRequired":true,"valueName":"search_term_string"}}],"inLanguage":"fr-FR"}]}},"_links":{"self":[{"href":"https:\/\/artec-testapparatuur.nl\/fr\/wp-json\/wp\/v2\/product\/1801","targetHints":{"allow":["GET"]}}],"collection":[{"href":"https:\/\/artec-testapparatuur.nl\/fr\/wp-json\/wp\/v2\/product"}],"about":[{"href":"https:\/\/artec-testapparatuur.nl\/fr\/wp-json\/wp\/v2\/types\/product"}],"wp:featuredmedia":[{"embeddable":true,"href":"https:\/\/artec-testapparatuur.nl\/fr\/wp-json\/wp\/v2\/media\/1301"}],"wp:attachment":[{"href":"https:\/\/artec-testapparatuur.nl\/fr\/wp-json\/wp\/v2\/media?parent=1801"}],"wp:term":[{"taxonomy":"product_brand","embeddable":true,"href":"https:\/\/artec-testapparatuur.nl\/fr\/wp-json\/wp\/v2\/product_brand?post=1801"},{"taxonomy":"product_cat","embeddable":true,"href":"https:\/\/artec-testapparatuur.nl\/fr\/wp-json\/wp\/v2\/product_cat?post=1801"},{"taxonomy":"product_tag","embeddable":true,"href":"https:\/\/artec-testapparatuur.nl\/fr\/wp-json\/wp\/v2\/product_tag?post=1801"}],"curies":[{"name":"wp","href":"https:\/\/api.w.org\/{rel}","templated":true}]}}