{"id":1784,"date":"2021-06-15T15:53:48","date_gmt":"2021-06-15T13:53:48","guid":{"rendered":"https:\/\/artec.kopdigitaal-dev.nl\/product\/humidimetre-delmhorst-wood-j-2000\/"},"modified":"2021-06-15T15:53:48","modified_gmt":"2021-06-15T13:53:48","slug":"humidimetre-delmhorst-wood-j-2000","status":"publish","type":"product","link":"https:\/\/artec-testapparatuur.nl\/fr\/produit\/humidimetre-delmhorst-wood-j-2000\/","title":{"rendered":"Humidim\u00e8tre Delmhorst Wood, J-2000"},"content":{"rendered":"<p>Cet humidim\u00e8tre \u00e0 bois gagne sa popularit\u00e9 en raison de son fonctionnement pratique et simple. Le r\u00e9sultat de la mesure d&rsquo;humidit\u00e9 peut \u00eatre lu imm\u00e9diatement.<\/p>\n<p>Un humidim\u00e8tre id\u00e9al lors du traitement ou du traitement du bois, par exemple pour la fabrication de meubles, d&rsquo;escaliers, de cadres de fen\u00eatres, etc.<\/p>\n<p>Mesure de l&rsquo;humidit\u00e9 bas\u00e9e sur la technologie de r\u00e9sistance. R\u00e9sultats pr\u00e9cis et rapides.<\/p>\n<p>Cet humidim\u00e8tre \u00e0 bois est \u00e9quip\u00e9 de broches standard, mais peut \u00e9galement \u00eatre associ\u00e9 \u00e0 une \u00e9lectrode marteau (b\u00e9lier). De plus, vous pouvez choisir parmi diff\u00e9rentes \u00e9lectrodes pour la mesure de l&rsquo;humidit\u00e9 du bois \u00e0 presque toutes les \u00e9tapes du processus de transformation du bois.<\/p>\n","protected":false},"excerpt":{"rendered":"<p>Cet humidim\u00e8tre \u00e0 bois gagne sa popularit\u00e9 en raison de son fonctionnement pratique et simple. Le r\u00e9sultat de la mesure d&rsquo;humidit\u00e9 peut \u00eatre lu imm\u00e9diatement.<\/p>\n<p>Un humidim\u00e8tre id\u00e9al lors du traitement ou du traitement du bois, par exemple pour la fabrication de meubles, d&rsquo;escaliers, de cadres de fen\u00eatres, etc.<\/p>\n<p>Mesure de l&rsquo;humidit\u00e9 bas\u00e9e sur la technologie de r\u00e9sistance. R\u00e9sultats pr\u00e9cis et rapides.<\/p>\n<p>Cet humidim\u00e8tre \u00e0 bois est \u00e9quip\u00e9 de broches standard, mais peut \u00e9galement \u00eatre associ\u00e9 \u00e0 une \u00e9lectrode marteau (b\u00e9lier). De plus, vous pouvez choisir parmi diff\u00e9rentes \u00e9lectrodes pour la mesure de l&rsquo;humidit\u00e9 du bois \u00e0 presque toutes les \u00e9tapes du processus de transformation du bois.<\/p>\n","protected":false},"featured_media":1371,"template":"","meta":[],"product_brand":[],"product_cat":[1199,155,222],"product_tag":[],"class_list":{"0":"post-1784","1":"product","2":"type-product","3":"status-publish","4":"has-post-thumbnail","6":"product_cat-bois","7":"product_cat-humidimetres-du-bois","8":"product_cat-testeurs-dhumidite","9":"pa_materiaal-bois","10":"pa_materiaal-copeaux","11":"pa_materiaal-les-copeaux-de-bois","12":"pa_materiaal-pellets-fr","13":"pa_materiaal-sciure","14":"pa_merk-delmhorst-fr","15":"pa_toepassing-bois","16":"pa_toepassing-humidimetre","17":"pa_toepassing-mesure-de-lhumidite","19":"first","20":"instock","21":"shipping-taxable","22":"purchasable","23":"product-type-simple"},"acf":[],"yoast_head":"<!-- This site is optimized with the Yoast SEO plugin v26.9 - https:\/\/yoast.com\/product\/yoast-seo-wordpress\/ -->\n<title>Humidim\u00e8tre Delmhorst Wood, J-2000 - Artec Testnology<\/title>\n<meta name=\"robots\" content=\"index, follow, max-snippet:-1, max-image-preview:large, max-video-preview:-1\" \/>\n<link rel=\"canonical\" href=\"https:\/\/artec-testapparatuur.nl\/fr\/produit\/humidimetre-delmhorst-wood-j-2000\/\" \/>\n<meta property=\"og:locale\" content=\"fr_FR\" \/>\n<meta property=\"og:type\" content=\"article\" \/>\n<meta property=\"og:title\" content=\"Humidim\u00e8tre Delmhorst Wood, J-2000 - Artec Testnology\" \/>\n<meta property=\"og:description\" content=\"Cet humidim\u00e8tre \u00e0 bois gagne sa popularit\u00e9 en raison de son fonctionnement pratique et simple. Le r\u00e9sultat de la mesure d&#039;humidit\u00e9 peut \u00eatre lu imm\u00e9diatement.  Un humidim\u00e8tre id\u00e9al lors du traitement ou du traitement du bois, par exemple pour la fabrication de meubles, d&#039;escaliers, de cadres de fen\u00eatres, etc.  Mesure de l&#039;humidit\u00e9 bas\u00e9e sur la technologie de r\u00e9sistance. R\u00e9sultats pr\u00e9cis et rapides.  Cet humidim\u00e8tre \u00e0 bois est \u00e9quip\u00e9 de broches standard, mais peut \u00e9galement \u00eatre associ\u00e9 \u00e0 une \u00e9lectrode marteau (b\u00e9lier). De plus, vous pouvez choisir parmi diff\u00e9rentes \u00e9lectrodes pour la mesure de l&#039;humidit\u00e9 du bois \u00e0 presque toutes les \u00e9tapes du processus de transformation du bois.\" \/>\n<meta property=\"og:url\" content=\"https:\/\/artec-testapparatuur.nl\/fr\/produit\/humidimetre-delmhorst-wood-j-2000\/\" \/>\n<meta property=\"og:site_name\" content=\"Artec Testnology\" \/>\n<meta property=\"og:image\" content=\"https:\/\/artec-testapparatuur.nl\/wp-content\/uploads\/2021\/06\/4-1.png\" \/>\n\t<meta property=\"og:image:width\" content=\"1000\" \/>\n\t<meta property=\"og:image:height\" content=\"1000\" \/>\n\t<meta property=\"og:image:type\" content=\"image\/png\" \/>\n<meta name=\"twitter:card\" content=\"summary_large_image\" \/>\n<meta name=\"twitter:label1\" content=\"Dur\u00e9e de lecture estim\u00e9e\" \/>\n\t<meta name=\"twitter:data1\" content=\"1 minute\" \/>\n<script type=\"application\/ld+json\" class=\"yoast-schema-graph\">{\"@context\":\"https:\/\/schema.org\",\"@graph\":[{\"@type\":\"WebPage\",\"@id\":\"https:\/\/artec-testapparatuur.nl\/fr\/produit\/humidimetre-delmhorst-wood-j-2000\/\",\"url\":\"https:\/\/artec-testapparatuur.nl\/fr\/produit\/humidimetre-delmhorst-wood-j-2000\/\",\"name\":\"Humidim\u00e8tre Delmhorst Wood, J-2000 - Artec Testnology\",\"isPartOf\":{\"@id\":\"https:\/\/artec-testapparatuur.nl\/fr\/#website\"},\"primaryImageOfPage\":{\"@id\":\"https:\/\/artec-testapparatuur.nl\/fr\/produit\/humidimetre-delmhorst-wood-j-2000\/#primaryimage\"},\"image\":{\"@id\":\"https:\/\/artec-testapparatuur.nl\/fr\/produit\/humidimetre-delmhorst-wood-j-2000\/#primaryimage\"},\"thumbnailUrl\":\"https:\/\/artec-testapparatuur.nl\/wp-content\/uploads\/2021\/06\/4-1.png\",\"datePublished\":\"2021-06-15T13:53:48+00:00\",\"breadcrumb\":{\"@id\":\"https:\/\/artec-testapparatuur.nl\/fr\/produit\/humidimetre-delmhorst-wood-j-2000\/#breadcrumb\"},\"inLanguage\":\"fr-FR\",\"potentialAction\":[{\"@type\":\"ReadAction\",\"target\":[\"https:\/\/artec-testapparatuur.nl\/fr\/produit\/humidimetre-delmhorst-wood-j-2000\/\"]}]},{\"@type\":\"ImageObject\",\"inLanguage\":\"fr-FR\",\"@id\":\"https:\/\/artec-testapparatuur.nl\/fr\/produit\/humidimetre-delmhorst-wood-j-2000\/#primaryimage\",\"url\":\"https:\/\/artec-testapparatuur.nl\/wp-content\/uploads\/2021\/06\/4-1.png\",\"contentUrl\":\"https:\/\/artec-testapparatuur.nl\/wp-content\/uploads\/2021\/06\/4-1.png\",\"width\":1000,\"height\":1000},{\"@type\":\"BreadcrumbList\",\"@id\":\"https:\/\/artec-testapparatuur.nl\/fr\/produit\/humidimetre-delmhorst-wood-j-2000\/#breadcrumb\",\"itemListElement\":[{\"@type\":\"ListItem\",\"position\":1,\"name\":\"Home\",\"item\":\"https:\/\/artec-testapparatuur.nl\/fr\/\"},{\"@type\":\"ListItem\",\"position\":2,\"name\":\"Produits\",\"item\":\"https:\/\/artec-testapparatuur.nl\/fr\/shop\/\"},{\"@type\":\"ListItem\",\"position\":3,\"name\":\"Humidim\u00e8tre Delmhorst Wood, J-2000\"}]},{\"@type\":\"WebSite\",\"@id\":\"https:\/\/artec-testapparatuur.nl\/fr\/#website\",\"url\":\"https:\/\/artec-testapparatuur.nl\/fr\/\",\"name\":\"Artec Testnology\",\"description\":\"Your link to quality\",\"potentialAction\":[{\"@type\":\"SearchAction\",\"target\":{\"@type\":\"EntryPoint\",\"urlTemplate\":\"https:\/\/artec-testapparatuur.nl\/fr\/?s={search_term_string}\"},\"query-input\":{\"@type\":\"PropertyValueSpecification\",\"valueRequired\":true,\"valueName\":\"search_term_string\"}}],\"inLanguage\":\"fr-FR\"}]}<\/script>\n<!-- \/ Yoast SEO plugin. -->","yoast_head_json":{"title":"Humidim\u00e8tre Delmhorst Wood, J-2000 - Artec Testnology","robots":{"index":"index","follow":"follow","max-snippet":"max-snippet:-1","max-image-preview":"max-image-preview:large","max-video-preview":"max-video-preview:-1"},"canonical":"https:\/\/artec-testapparatuur.nl\/fr\/produit\/humidimetre-delmhorst-wood-j-2000\/","og_locale":"fr_FR","og_type":"article","og_title":"Humidim\u00e8tre Delmhorst Wood, J-2000 - Artec Testnology","og_description":"Cet humidim\u00e8tre \u00e0 bois gagne sa popularit\u00e9 en raison de son fonctionnement pratique et simple. Le r\u00e9sultat de la mesure d'humidit\u00e9 peut \u00eatre lu imm\u00e9diatement.  Un humidim\u00e8tre id\u00e9al lors du traitement ou du traitement du bois, par exemple pour la fabrication de meubles, d'escaliers, de cadres de fen\u00eatres, etc.  Mesure de l'humidit\u00e9 bas\u00e9e sur la technologie de r\u00e9sistance. R\u00e9sultats pr\u00e9cis et rapides.  Cet humidim\u00e8tre \u00e0 bois est \u00e9quip\u00e9 de broches standard, mais peut \u00e9galement \u00eatre associ\u00e9 \u00e0 une \u00e9lectrode marteau (b\u00e9lier). De plus, vous pouvez choisir parmi diff\u00e9rentes \u00e9lectrodes pour la mesure de l'humidit\u00e9 du bois \u00e0 presque toutes les \u00e9tapes du processus de transformation du bois.","og_url":"https:\/\/artec-testapparatuur.nl\/fr\/produit\/humidimetre-delmhorst-wood-j-2000\/","og_site_name":"Artec Testnology","og_image":[{"width":1000,"height":1000,"url":"https:\/\/artec-testapparatuur.nl\/wp-content\/uploads\/2021\/06\/4-1.png","type":"image\/png"}],"twitter_card":"summary_large_image","twitter_misc":{"Dur\u00e9e de lecture estim\u00e9e":"1 minute"},"schema":{"@context":"https:\/\/schema.org","@graph":[{"@type":"WebPage","@id":"https:\/\/artec-testapparatuur.nl\/fr\/produit\/humidimetre-delmhorst-wood-j-2000\/","url":"https:\/\/artec-testapparatuur.nl\/fr\/produit\/humidimetre-delmhorst-wood-j-2000\/","name":"Humidim\u00e8tre Delmhorst Wood, J-2000 - Artec Testnology","isPartOf":{"@id":"https:\/\/artec-testapparatuur.nl\/fr\/#website"},"primaryImageOfPage":{"@id":"https:\/\/artec-testapparatuur.nl\/fr\/produit\/humidimetre-delmhorst-wood-j-2000\/#primaryimage"},"image":{"@id":"https:\/\/artec-testapparatuur.nl\/fr\/produit\/humidimetre-delmhorst-wood-j-2000\/#primaryimage"},"thumbnailUrl":"https:\/\/artec-testapparatuur.nl\/wp-content\/uploads\/2021\/06\/4-1.png","datePublished":"2021-06-15T13:53:48+00:00","breadcrumb":{"@id":"https:\/\/artec-testapparatuur.nl\/fr\/produit\/humidimetre-delmhorst-wood-j-2000\/#breadcrumb"},"inLanguage":"fr-FR","potentialAction":[{"@type":"ReadAction","target":["https:\/\/artec-testapparatuur.nl\/fr\/produit\/humidimetre-delmhorst-wood-j-2000\/"]}]},{"@type":"ImageObject","inLanguage":"fr-FR","@id":"https:\/\/artec-testapparatuur.nl\/fr\/produit\/humidimetre-delmhorst-wood-j-2000\/#primaryimage","url":"https:\/\/artec-testapparatuur.nl\/wp-content\/uploads\/2021\/06\/4-1.png","contentUrl":"https:\/\/artec-testapparatuur.nl\/wp-content\/uploads\/2021\/06\/4-1.png","width":1000,"height":1000},{"@type":"BreadcrumbList","@id":"https:\/\/artec-testapparatuur.nl\/fr\/produit\/humidimetre-delmhorst-wood-j-2000\/#breadcrumb","itemListElement":[{"@type":"ListItem","position":1,"name":"Home","item":"https:\/\/artec-testapparatuur.nl\/fr\/"},{"@type":"ListItem","position":2,"name":"Produits","item":"https:\/\/artec-testapparatuur.nl\/fr\/shop\/"},{"@type":"ListItem","position":3,"name":"Humidim\u00e8tre Delmhorst Wood, J-2000"}]},{"@type":"WebSite","@id":"https:\/\/artec-testapparatuur.nl\/fr\/#website","url":"https:\/\/artec-testapparatuur.nl\/fr\/","name":"Artec Testnology","description":"Your link to quality","potentialAction":[{"@type":"SearchAction","target":{"@type":"EntryPoint","urlTemplate":"https:\/\/artec-testapparatuur.nl\/fr\/?s={search_term_string}"},"query-input":{"@type":"PropertyValueSpecification","valueRequired":true,"valueName":"search_term_string"}}],"inLanguage":"fr-FR"}]}},"_links":{"self":[{"href":"https:\/\/artec-testapparatuur.nl\/fr\/wp-json\/wp\/v2\/product\/1784","targetHints":{"allow":["GET"]}}],"collection":[{"href":"https:\/\/artec-testapparatuur.nl\/fr\/wp-json\/wp\/v2\/product"}],"about":[{"href":"https:\/\/artec-testapparatuur.nl\/fr\/wp-json\/wp\/v2\/types\/product"}],"wp:featuredmedia":[{"embeddable":true,"href":"https:\/\/artec-testapparatuur.nl\/fr\/wp-json\/wp\/v2\/media\/1371"}],"wp:attachment":[{"href":"https:\/\/artec-testapparatuur.nl\/fr\/wp-json\/wp\/v2\/media?parent=1784"}],"wp:term":[{"taxonomy":"product_brand","embeddable":true,"href":"https:\/\/artec-testapparatuur.nl\/fr\/wp-json\/wp\/v2\/product_brand?post=1784"},{"taxonomy":"product_cat","embeddable":true,"href":"https:\/\/artec-testapparatuur.nl\/fr\/wp-json\/wp\/v2\/product_cat?post=1784"},{"taxonomy":"product_tag","embeddable":true,"href":"https:\/\/artec-testapparatuur.nl\/fr\/wp-json\/wp\/v2\/product_tag?post=1784"}],"curies":[{"name":"wp","href":"https:\/\/api.w.org\/{rel}","templated":true}]}}