{"id":1759,"date":"2021-06-15T17:00:28","date_gmt":"2021-06-15T15:00:28","guid":{"rendered":"https:\/\/artec.kopdigitaal-dev.nl\/product\/humimetre-rp6-humidimetre-recyclage-papier-balles\/"},"modified":"2021-06-15T17:00:28","modified_gmt":"2021-06-15T15:00:28","slug":"humimetre-rp6-humidimetre-recyclage-papier-balles","status":"publish","type":"product","link":"https:\/\/artec-testapparatuur.nl\/fr\/produit\/humimetre-rp6-humidimetre-recyclage-papier-balles\/","title":{"rendered":"Humim\u00e8tre RP6 Humidim\u00e8tre, recyclage, papier, balles"},"content":{"rendered":"<p>Humidim\u00e8tre simple, rapide et non destructif pour la mesure de l&rsquo;humidit\u00e9 in situ dans les balles de papier recycl\u00e9. Avec connexion pour capteur de point en option pour la mesure dans du papier empil\u00e9 en vrac<\/p>\n<p>Comprend LogMemorizer. Stockage manuel et enregistrement automatique des donn\u00e9es jusqu&rsquo;\u00e0 10 000 mesures avec rapport de mesure.<br \/>\nEn particulier dans les balles de papier recycl\u00e9, il peut y avoir des diff\u00e9rences d&rsquo;humidit\u00e9 extr\u00eamement \u00e9lev\u00e9es. Le RP6 permet de mesurer la teneur en eau absolue du papier en quelques secondes.<\/p>\n<p>Le RP6 dispose d&rsquo;une m\u00e9moire pour stocker environ 10 000 mesures qui peuvent \u00eatre document\u00e9es et pr\u00e9sent\u00e9es comme preuve de qualit\u00e9.<\/p>\n<p>L&rsquo;humidim\u00e8tre \u00e0 papier recycl\u00e9 RP6 est livr\u00e9 avec des piles rechargeables, un certificat d&rsquo;\u00e9talonnage, un module d&rsquo;interface de donn\u00e9es USB avec logiciel LogMemorizer sur cl\u00e9 USB, y compris USB, c\u00e2ble pour PC, dans un bo\u00eetier en plastique.<\/p>\n","protected":false},"excerpt":{"rendered":"<p>Humidim\u00e8tre simple, rapide et non destructif pour la mesure de l&rsquo;humidit\u00e9 in situ dans les balles de papier recycl\u00e9. Avec connexion pour capteur de point en option pour la mesure dans du papier empil\u00e9 en vrac<\/p>\n<p>Comprend LogMemorizer. Stockage manuel et enregistrement automatique des donn\u00e9es jusqu&rsquo;\u00e0 10 000 mesures avec rapport de mesure.<br \/>\nEn particulier dans les balles de papier recycl\u00e9, il peut y avoir des diff\u00e9rences d&rsquo;humidit\u00e9 extr\u00eamement \u00e9lev\u00e9es. Le RP6 permet de mesurer la teneur en eau absolue du papier en quelques secondes.<\/p>\n<p>Le RP6 dispose d&rsquo;une m\u00e9moire pour stocker environ 10 000 mesures qui peuvent \u00eatre document\u00e9es et pr\u00e9sent\u00e9es comme preuve de qualit\u00e9.<\/p>\n<p>L&rsquo;humidim\u00e8tre \u00e0 papier recycl\u00e9 RP6 est livr\u00e9 avec des piles rechargeables, un certificat d&rsquo;\u00e9talonnage, un module d&rsquo;interface de donn\u00e9es USB avec logiciel LogMemorizer sur cl\u00e9 USB, y compris USB, c\u00e2ble pour PC, dans un bo\u00eetier en plastique.<\/p>\n","protected":false},"featured_media":1441,"template":"","meta":[],"product_brand":[],"product_cat":[153,2931,222],"product_tag":[],"class_list":{"0":"post-1759","1":"product","2":"type-product","3":"status-publish","4":"has-post-thumbnail","6":"product_cat-humidimetres-du-papier-carton","7":"product_cat-papier-fr","8":"product_cat-testeurs-dhumidite","9":"pa_materiaal-balles-de-papier","10":"pa_materiaal-papier-carton","11":"pa_materiaal-papier-recycle","12":"pa_merk-schaller-messtechnik-fr","13":"pa_toepassing-mesure-de-lhumidite","14":"pa_toepassing-mesure-de-lhumidite-dans-les-balles-de-papier","15":"pa_toepassing-recyclage","16":"pa_toepassing-vochtgehalte-fr","18":"first","19":"instock","20":"shipping-taxable","21":"purchasable","22":"product-type-simple"},"acf":[],"yoast_head":"<!-- This site is optimized with the Yoast SEO plugin v26.9 - https:\/\/yoast.com\/product\/yoast-seo-wordpress\/ -->\n<title>Humim\u00e8tre RP6 Humidim\u00e8tre, recyclage, papier, balles - Artec Testnology<\/title>\n<meta name=\"robots\" content=\"index, follow, max-snippet:-1, max-image-preview:large, max-video-preview:-1\" \/>\n<link rel=\"canonical\" href=\"https:\/\/artec-testapparatuur.nl\/fr\/produit\/humimetre-rp6-humidimetre-recyclage-papier-balles\/\" \/>\n<meta property=\"og:locale\" content=\"fr_FR\" \/>\n<meta property=\"og:type\" content=\"article\" \/>\n<meta property=\"og:title\" content=\"Humim\u00e8tre RP6 Humidim\u00e8tre, recyclage, papier, balles - Artec Testnology\" \/>\n<meta property=\"og:description\" content=\"Humidim\u00e8tre simple, rapide et non destructif pour la mesure de l&#039;humidit\u00e9 in situ dans les balles de papier recycl\u00e9. Avec connexion pour capteur de point en option pour la mesure dans du papier empil\u00e9 en vrac  Comprend LogMemorizer. Stockage manuel et enregistrement automatique des donn\u00e9es jusqu&#039;\u00e0 10 000 mesures avec rapport de mesure. En particulier dans les balles de papier recycl\u00e9, il peut y avoir des diff\u00e9rences d&#039;humidit\u00e9 extr\u00eamement \u00e9lev\u00e9es. Le RP6 permet de mesurer la teneur en eau absolue du papier en quelques secondes.  Le RP6 dispose d&#039;une m\u00e9moire pour stocker environ 10 000 mesures qui peuvent \u00eatre document\u00e9es et pr\u00e9sent\u00e9es comme preuve de qualit\u00e9.  L&#039;humidim\u00e8tre \u00e0 papier recycl\u00e9 RP6 est livr\u00e9 avec des piles rechargeables, un certificat d&#039;\u00e9talonnage, un module d&#039;interface de donn\u00e9es USB avec logiciel LogMemorizer sur cl\u00e9 USB, y compris USB, c\u00e2ble pour PC, dans un bo\u00eetier en plastique.\" \/>\n<meta property=\"og:url\" content=\"https:\/\/artec-testapparatuur.nl\/fr\/produit\/humimetre-rp6-humidimetre-recyclage-papier-balles\/\" \/>\n<meta property=\"og:site_name\" content=\"Artec Testnology\" \/>\n<meta property=\"og:image\" content=\"https:\/\/artec-testapparatuur.nl\/wp-content\/uploads\/2021\/06\/1-3.png\" \/>\n\t<meta property=\"og:image:width\" content=\"1000\" \/>\n\t<meta property=\"og:image:height\" content=\"1000\" \/>\n\t<meta property=\"og:image:type\" content=\"image\/png\" \/>\n<meta name=\"twitter:card\" content=\"summary_large_image\" \/>\n<meta name=\"twitter:label1\" content=\"Dur\u00e9e de lecture estim\u00e9e\" \/>\n\t<meta name=\"twitter:data1\" content=\"1 minute\" \/>\n<script type=\"application\/ld+json\" class=\"yoast-schema-graph\">{\"@context\":\"https:\/\/schema.org\",\"@graph\":[{\"@type\":\"WebPage\",\"@id\":\"https:\/\/artec-testapparatuur.nl\/fr\/produit\/humimetre-rp6-humidimetre-recyclage-papier-balles\/\",\"url\":\"https:\/\/artec-testapparatuur.nl\/fr\/produit\/humimetre-rp6-humidimetre-recyclage-papier-balles\/\",\"name\":\"Humim\u00e8tre RP6 Humidim\u00e8tre, recyclage, papier, balles - Artec Testnology\",\"isPartOf\":{\"@id\":\"https:\/\/artec-testapparatuur.nl\/fr\/#website\"},\"primaryImageOfPage\":{\"@id\":\"https:\/\/artec-testapparatuur.nl\/fr\/produit\/humimetre-rp6-humidimetre-recyclage-papier-balles\/#primaryimage\"},\"image\":{\"@id\":\"https:\/\/artec-testapparatuur.nl\/fr\/produit\/humimetre-rp6-humidimetre-recyclage-papier-balles\/#primaryimage\"},\"thumbnailUrl\":\"https:\/\/artec-testapparatuur.nl\/wp-content\/uploads\/2021\/06\/1-3.png\",\"datePublished\":\"2021-06-15T15:00:28+00:00\",\"breadcrumb\":{\"@id\":\"https:\/\/artec-testapparatuur.nl\/fr\/produit\/humimetre-rp6-humidimetre-recyclage-papier-balles\/#breadcrumb\"},\"inLanguage\":\"fr-FR\",\"potentialAction\":[{\"@type\":\"ReadAction\",\"target\":[\"https:\/\/artec-testapparatuur.nl\/fr\/produit\/humimetre-rp6-humidimetre-recyclage-papier-balles\/\"]}]},{\"@type\":\"ImageObject\",\"inLanguage\":\"fr-FR\",\"@id\":\"https:\/\/artec-testapparatuur.nl\/fr\/produit\/humimetre-rp6-humidimetre-recyclage-papier-balles\/#primaryimage\",\"url\":\"https:\/\/artec-testapparatuur.nl\/wp-content\/uploads\/2021\/06\/1-3.png\",\"contentUrl\":\"https:\/\/artec-testapparatuur.nl\/wp-content\/uploads\/2021\/06\/1-3.png\",\"width\":1000,\"height\":1000},{\"@type\":\"BreadcrumbList\",\"@id\":\"https:\/\/artec-testapparatuur.nl\/fr\/produit\/humimetre-rp6-humidimetre-recyclage-papier-balles\/#breadcrumb\",\"itemListElement\":[{\"@type\":\"ListItem\",\"position\":1,\"name\":\"Home\",\"item\":\"https:\/\/artec-testapparatuur.nl\/fr\/\"},{\"@type\":\"ListItem\",\"position\":2,\"name\":\"Produits\",\"item\":\"https:\/\/artec-testapparatuur.nl\/fr\/shop\/\"},{\"@type\":\"ListItem\",\"position\":3,\"name\":\"Humim\u00e8tre RP6 Humidim\u00e8tre, recyclage, papier, balles\"}]},{\"@type\":\"WebSite\",\"@id\":\"https:\/\/artec-testapparatuur.nl\/fr\/#website\",\"url\":\"https:\/\/artec-testapparatuur.nl\/fr\/\",\"name\":\"Artec Testnology\",\"description\":\"Your link to quality\",\"potentialAction\":[{\"@type\":\"SearchAction\",\"target\":{\"@type\":\"EntryPoint\",\"urlTemplate\":\"https:\/\/artec-testapparatuur.nl\/fr\/?s={search_term_string}\"},\"query-input\":{\"@type\":\"PropertyValueSpecification\",\"valueRequired\":true,\"valueName\":\"search_term_string\"}}],\"inLanguage\":\"fr-FR\"}]}<\/script>\n<!-- \/ Yoast SEO plugin. -->","yoast_head_json":{"title":"Humim\u00e8tre RP6 Humidim\u00e8tre, recyclage, papier, balles - Artec Testnology","robots":{"index":"index","follow":"follow","max-snippet":"max-snippet:-1","max-image-preview":"max-image-preview:large","max-video-preview":"max-video-preview:-1"},"canonical":"https:\/\/artec-testapparatuur.nl\/fr\/produit\/humimetre-rp6-humidimetre-recyclage-papier-balles\/","og_locale":"fr_FR","og_type":"article","og_title":"Humim\u00e8tre RP6 Humidim\u00e8tre, recyclage, papier, balles - Artec Testnology","og_description":"Humidim\u00e8tre simple, rapide et non destructif pour la mesure de l'humidit\u00e9 in situ dans les balles de papier recycl\u00e9. Avec connexion pour capteur de point en option pour la mesure dans du papier empil\u00e9 en vrac  Comprend LogMemorizer. Stockage manuel et enregistrement automatique des donn\u00e9es jusqu'\u00e0 10 000 mesures avec rapport de mesure. En particulier dans les balles de papier recycl\u00e9, il peut y avoir des diff\u00e9rences d'humidit\u00e9 extr\u00eamement \u00e9lev\u00e9es. Le RP6 permet de mesurer la teneur en eau absolue du papier en quelques secondes.  Le RP6 dispose d'une m\u00e9moire pour stocker environ 10 000 mesures qui peuvent \u00eatre document\u00e9es et pr\u00e9sent\u00e9es comme preuve de qualit\u00e9.  L'humidim\u00e8tre \u00e0 papier recycl\u00e9 RP6 est livr\u00e9 avec des piles rechargeables, un certificat d'\u00e9talonnage, un module d'interface de donn\u00e9es USB avec logiciel LogMemorizer sur cl\u00e9 USB, y compris USB, c\u00e2ble pour PC, dans un bo\u00eetier en plastique.","og_url":"https:\/\/artec-testapparatuur.nl\/fr\/produit\/humimetre-rp6-humidimetre-recyclage-papier-balles\/","og_site_name":"Artec Testnology","og_image":[{"width":1000,"height":1000,"url":"https:\/\/artec-testapparatuur.nl\/wp-content\/uploads\/2021\/06\/1-3.png","type":"image\/png"}],"twitter_card":"summary_large_image","twitter_misc":{"Dur\u00e9e de lecture estim\u00e9e":"1 minute"},"schema":{"@context":"https:\/\/schema.org","@graph":[{"@type":"WebPage","@id":"https:\/\/artec-testapparatuur.nl\/fr\/produit\/humimetre-rp6-humidimetre-recyclage-papier-balles\/","url":"https:\/\/artec-testapparatuur.nl\/fr\/produit\/humimetre-rp6-humidimetre-recyclage-papier-balles\/","name":"Humim\u00e8tre RP6 Humidim\u00e8tre, recyclage, papier, balles - Artec Testnology","isPartOf":{"@id":"https:\/\/artec-testapparatuur.nl\/fr\/#website"},"primaryImageOfPage":{"@id":"https:\/\/artec-testapparatuur.nl\/fr\/produit\/humimetre-rp6-humidimetre-recyclage-papier-balles\/#primaryimage"},"image":{"@id":"https:\/\/artec-testapparatuur.nl\/fr\/produit\/humimetre-rp6-humidimetre-recyclage-papier-balles\/#primaryimage"},"thumbnailUrl":"https:\/\/artec-testapparatuur.nl\/wp-content\/uploads\/2021\/06\/1-3.png","datePublished":"2021-06-15T15:00:28+00:00","breadcrumb":{"@id":"https:\/\/artec-testapparatuur.nl\/fr\/produit\/humimetre-rp6-humidimetre-recyclage-papier-balles\/#breadcrumb"},"inLanguage":"fr-FR","potentialAction":[{"@type":"ReadAction","target":["https:\/\/artec-testapparatuur.nl\/fr\/produit\/humimetre-rp6-humidimetre-recyclage-papier-balles\/"]}]},{"@type":"ImageObject","inLanguage":"fr-FR","@id":"https:\/\/artec-testapparatuur.nl\/fr\/produit\/humimetre-rp6-humidimetre-recyclage-papier-balles\/#primaryimage","url":"https:\/\/artec-testapparatuur.nl\/wp-content\/uploads\/2021\/06\/1-3.png","contentUrl":"https:\/\/artec-testapparatuur.nl\/wp-content\/uploads\/2021\/06\/1-3.png","width":1000,"height":1000},{"@type":"BreadcrumbList","@id":"https:\/\/artec-testapparatuur.nl\/fr\/produit\/humimetre-rp6-humidimetre-recyclage-papier-balles\/#breadcrumb","itemListElement":[{"@type":"ListItem","position":1,"name":"Home","item":"https:\/\/artec-testapparatuur.nl\/fr\/"},{"@type":"ListItem","position":2,"name":"Produits","item":"https:\/\/artec-testapparatuur.nl\/fr\/shop\/"},{"@type":"ListItem","position":3,"name":"Humim\u00e8tre RP6 Humidim\u00e8tre, recyclage, papier, balles"}]},{"@type":"WebSite","@id":"https:\/\/artec-testapparatuur.nl\/fr\/#website","url":"https:\/\/artec-testapparatuur.nl\/fr\/","name":"Artec Testnology","description":"Your link to quality","potentialAction":[{"@type":"SearchAction","target":{"@type":"EntryPoint","urlTemplate":"https:\/\/artec-testapparatuur.nl\/fr\/?s={search_term_string}"},"query-input":{"@type":"PropertyValueSpecification","valueRequired":true,"valueName":"search_term_string"}}],"inLanguage":"fr-FR"}]}},"_links":{"self":[{"href":"https:\/\/artec-testapparatuur.nl\/fr\/wp-json\/wp\/v2\/product\/1759","targetHints":{"allow":["GET"]}}],"collection":[{"href":"https:\/\/artec-testapparatuur.nl\/fr\/wp-json\/wp\/v2\/product"}],"about":[{"href":"https:\/\/artec-testapparatuur.nl\/fr\/wp-json\/wp\/v2\/types\/product"}],"wp:featuredmedia":[{"embeddable":true,"href":"https:\/\/artec-testapparatuur.nl\/fr\/wp-json\/wp\/v2\/media\/1441"}],"wp:attachment":[{"href":"https:\/\/artec-testapparatuur.nl\/fr\/wp-json\/wp\/v2\/media?parent=1759"}],"wp:term":[{"taxonomy":"product_brand","embeddable":true,"href":"https:\/\/artec-testapparatuur.nl\/fr\/wp-json\/wp\/v2\/product_brand?post=1759"},{"taxonomy":"product_cat","embeddable":true,"href":"https:\/\/artec-testapparatuur.nl\/fr\/wp-json\/wp\/v2\/product_cat?post=1759"},{"taxonomy":"product_tag","embeddable":true,"href":"https:\/\/artec-testapparatuur.nl\/fr\/wp-json\/wp\/v2\/product_tag?post=1759"}],"curies":[{"name":"wp","href":"https:\/\/api.w.org\/{rel}","templated":true}]}}