{"id":1751,"date":"2021-06-15T17:19:40","date_gmt":"2021-06-15T15:19:40","guid":{"rendered":"https:\/\/artec.kopdigitaal-dev.nl\/product\/schaller-rh2-thermohygrometre-enregistreur\/"},"modified":"2021-06-15T17:19:40","modified_gmt":"2021-06-15T15:19:40","slug":"schaller-rh2-thermohygrometre-enregistreur","status":"publish","type":"product","link":"https:\/\/artec-testapparatuur.nl\/fr\/produit\/schaller-rh2-thermohygrometre-enregistreur\/","title":{"rendered":"Schaller RH2 Thermohygrom\u00e8tre, enregistreur"},"content":{"rendered":"<p>Humidim\u00e8tre pr\u00e9cis avec m\u00e9moire.<br \/>\nAvec connexion par c\u00e2ble pour :<br \/>\n1. Capteur de pas pour la mesure dans les balles ou les marchandises en vrac ou<br \/>\n2. Capteur d&rsquo;humidit\u00e9 relative et de temp\u00e9rature<\/p>\n<p>En option &#8211; connexion PC, logiciel et imprimante<\/p>\n<p>Le RH2 offre :<\/p>\n<p>Humidit\u00e9 relative (de l&rsquo;air), humidit\u00e9 absolue, point de ros\u00e9e, teneur en humidit\u00e9 r\u00e9siduelle en % et valeur aw (activit\u00e9 de l&rsquo;eau)<br \/>\nCapteurs durablement stables<br \/>\nStockage simple des donn\u00e9es dans un appareil de mesure portable.<\/p>\n","protected":false},"excerpt":{"rendered":"<p>Humidim\u00e8tre pr\u00e9cis avec m\u00e9moire.<br \/>\nAvec connexion par c\u00e2ble pour :<br \/>\n1. Capteur de pas pour la mesure dans les balles ou les marchandises en vrac ou<br \/>\n2. Capteur d&rsquo;humidit\u00e9 relative et de temp\u00e9rature<\/p>\n<p>En option &#8211; connexion PC, logiciel et imprimante<\/p>\n<p>Le RH2 offre :<\/p>\n<p>Humidit\u00e9 relative (de l&rsquo;air), humidit\u00e9 absolue, point de ros\u00e9e, teneur en humidit\u00e9 r\u00e9siduelle en % et valeur aw (activit\u00e9 de l&rsquo;eau)<br \/>\nCapteurs durablement stables<br \/>\nStockage simple des donn\u00e9es dans un appareil de mesure portable.<\/p>\n","protected":false},"featured_media":1476,"template":"","meta":[],"product_brand":[],"product_cat":[154,1197,209,2925,222,151],"product_tag":[],"class_list":{"0":"post-1751","1":"product","2":"type-product","3":"status-publish","4":"has-post-thumbnail","6":"product_cat-agriculture-fr","7":"product_cat-cereales","8":"product_cat-controle-en-ligne","9":"product_cat-des-graines-fr","10":"product_cat-testeurs-dhumidite","11":"product_cat-themohygrometres","12":"pa_materiaal-av-fr","13":"pa_materiaal-ciel","14":"pa_materiaal-point-de-rosee","15":"pa_materiaal-rv-fr","16":"pa_merk-schaller-messtechnik-fr","17":"pa_toepassing-agriculture-fr","18":"pa_toepassing-humidite-relative","19":"pa_toepassing-recyclage","20":"pa_toepassing-temperature-fr","21":"pa_toepassing-teneur-en-humidite-des-balles-et-des-marchandises-en-vrac","23":"first","24":"instock","25":"shipping-taxable","26":"purchasable","27":"product-type-simple"},"acf":[],"yoast_head":"<!-- This site is optimized with the Yoast SEO plugin v26.9 - https:\/\/yoast.com\/product\/yoast-seo-wordpress\/ -->\n<title>Schaller RH2 Thermohygrom\u00e8tre, enregistreur - Artec Testnology<\/title>\n<meta name=\"robots\" content=\"index, follow, max-snippet:-1, max-image-preview:large, max-video-preview:-1\" \/>\n<link rel=\"canonical\" href=\"https:\/\/artec-testapparatuur.nl\/fr\/produit\/schaller-rh2-thermohygrometre-enregistreur\/\" \/>\n<meta property=\"og:locale\" content=\"fr_FR\" \/>\n<meta property=\"og:type\" content=\"article\" \/>\n<meta property=\"og:title\" content=\"Schaller RH2 Thermohygrom\u00e8tre, enregistreur - Artec Testnology\" \/>\n<meta property=\"og:description\" content=\"Humidim\u00e8tre pr\u00e9cis avec m\u00e9moire. Avec connexion par c\u00e2ble pour : 1. Capteur de pas pour la mesure dans les balles ou les marchandises en vrac ou 2. Capteur d&#039;humidit\u00e9 relative et de temp\u00e9rature  En option - connexion PC, logiciel et imprimante  Le RH2 offre :  Humidit\u00e9 relative (de l&#039;air), humidit\u00e9 absolue, point de ros\u00e9e, teneur en humidit\u00e9 r\u00e9siduelle en % et valeur aw (activit\u00e9 de l&#039;eau) Capteurs durablement stables Stockage simple des donn\u00e9es dans un appareil de mesure portable.\" \/>\n<meta property=\"og:url\" content=\"https:\/\/artec-testapparatuur.nl\/fr\/produit\/schaller-rh2-thermohygrometre-enregistreur\/\" \/>\n<meta property=\"og:site_name\" content=\"Artec Testnology\" \/>\n<meta property=\"og:image\" content=\"https:\/\/artec-testapparatuur.nl\/wp-content\/uploads\/2021\/06\/2-4.png\" \/>\n\t<meta property=\"og:image:width\" content=\"1000\" \/>\n\t<meta property=\"og:image:height\" content=\"1000\" \/>\n\t<meta property=\"og:image:type\" content=\"image\/png\" \/>\n<meta name=\"twitter:card\" content=\"summary_large_image\" \/>\n<script type=\"application\/ld+json\" class=\"yoast-schema-graph\">{\"@context\":\"https:\/\/schema.org\",\"@graph\":[{\"@type\":\"WebPage\",\"@id\":\"https:\/\/artec-testapparatuur.nl\/fr\/produit\/schaller-rh2-thermohygrometre-enregistreur\/\",\"url\":\"https:\/\/artec-testapparatuur.nl\/fr\/produit\/schaller-rh2-thermohygrometre-enregistreur\/\",\"name\":\"Schaller RH2 Thermohygrom\u00e8tre, enregistreur - Artec Testnology\",\"isPartOf\":{\"@id\":\"https:\/\/artec-testapparatuur.nl\/fr\/#website\"},\"primaryImageOfPage\":{\"@id\":\"https:\/\/artec-testapparatuur.nl\/fr\/produit\/schaller-rh2-thermohygrometre-enregistreur\/#primaryimage\"},\"image\":{\"@id\":\"https:\/\/artec-testapparatuur.nl\/fr\/produit\/schaller-rh2-thermohygrometre-enregistreur\/#primaryimage\"},\"thumbnailUrl\":\"https:\/\/artec-testapparatuur.nl\/wp-content\/uploads\/2021\/06\/2-4.png\",\"datePublished\":\"2021-06-15T15:19:40+00:00\",\"breadcrumb\":{\"@id\":\"https:\/\/artec-testapparatuur.nl\/fr\/produit\/schaller-rh2-thermohygrometre-enregistreur\/#breadcrumb\"},\"inLanguage\":\"fr-FR\",\"potentialAction\":[{\"@type\":\"ReadAction\",\"target\":[\"https:\/\/artec-testapparatuur.nl\/fr\/produit\/schaller-rh2-thermohygrometre-enregistreur\/\"]}]},{\"@type\":\"ImageObject\",\"inLanguage\":\"fr-FR\",\"@id\":\"https:\/\/artec-testapparatuur.nl\/fr\/produit\/schaller-rh2-thermohygrometre-enregistreur\/#primaryimage\",\"url\":\"https:\/\/artec-testapparatuur.nl\/wp-content\/uploads\/2021\/06\/2-4.png\",\"contentUrl\":\"https:\/\/artec-testapparatuur.nl\/wp-content\/uploads\/2021\/06\/2-4.png\",\"width\":1000,\"height\":1000},{\"@type\":\"BreadcrumbList\",\"@id\":\"https:\/\/artec-testapparatuur.nl\/fr\/produit\/schaller-rh2-thermohygrometre-enregistreur\/#breadcrumb\",\"itemListElement\":[{\"@type\":\"ListItem\",\"position\":1,\"name\":\"Home\",\"item\":\"https:\/\/artec-testapparatuur.nl\/fr\/\"},{\"@type\":\"ListItem\",\"position\":2,\"name\":\"Produits\",\"item\":\"https:\/\/artec-testapparatuur.nl\/fr\/shop\/\"},{\"@type\":\"ListItem\",\"position\":3,\"name\":\"Schaller RH2 Thermohygrom\u00e8tre, enregistreur\"}]},{\"@type\":\"WebSite\",\"@id\":\"https:\/\/artec-testapparatuur.nl\/fr\/#website\",\"url\":\"https:\/\/artec-testapparatuur.nl\/fr\/\",\"name\":\"Artec Testnology\",\"description\":\"Your link to quality\",\"potentialAction\":[{\"@type\":\"SearchAction\",\"target\":{\"@type\":\"EntryPoint\",\"urlTemplate\":\"https:\/\/artec-testapparatuur.nl\/fr\/?s={search_term_string}\"},\"query-input\":{\"@type\":\"PropertyValueSpecification\",\"valueRequired\":true,\"valueName\":\"search_term_string\"}}],\"inLanguage\":\"fr-FR\"}]}<\/script>\n<!-- \/ Yoast SEO plugin. -->","yoast_head_json":{"title":"Schaller RH2 Thermohygrom\u00e8tre, enregistreur - Artec Testnology","robots":{"index":"index","follow":"follow","max-snippet":"max-snippet:-1","max-image-preview":"max-image-preview:large","max-video-preview":"max-video-preview:-1"},"canonical":"https:\/\/artec-testapparatuur.nl\/fr\/produit\/schaller-rh2-thermohygrometre-enregistreur\/","og_locale":"fr_FR","og_type":"article","og_title":"Schaller RH2 Thermohygrom\u00e8tre, enregistreur - Artec Testnology","og_description":"Humidim\u00e8tre pr\u00e9cis avec m\u00e9moire. Avec connexion par c\u00e2ble pour : 1. Capteur de pas pour la mesure dans les balles ou les marchandises en vrac ou 2. Capteur d'humidit\u00e9 relative et de temp\u00e9rature  En option - connexion PC, logiciel et imprimante  Le RH2 offre :  Humidit\u00e9 relative (de l'air), humidit\u00e9 absolue, point de ros\u00e9e, teneur en humidit\u00e9 r\u00e9siduelle en % et valeur aw (activit\u00e9 de l'eau) Capteurs durablement stables Stockage simple des donn\u00e9es dans un appareil de mesure portable.","og_url":"https:\/\/artec-testapparatuur.nl\/fr\/produit\/schaller-rh2-thermohygrometre-enregistreur\/","og_site_name":"Artec Testnology","og_image":[{"width":1000,"height":1000,"url":"https:\/\/artec-testapparatuur.nl\/wp-content\/uploads\/2021\/06\/2-4.png","type":"image\/png"}],"twitter_card":"summary_large_image","schema":{"@context":"https:\/\/schema.org","@graph":[{"@type":"WebPage","@id":"https:\/\/artec-testapparatuur.nl\/fr\/produit\/schaller-rh2-thermohygrometre-enregistreur\/","url":"https:\/\/artec-testapparatuur.nl\/fr\/produit\/schaller-rh2-thermohygrometre-enregistreur\/","name":"Schaller RH2 Thermohygrom\u00e8tre, enregistreur - Artec Testnology","isPartOf":{"@id":"https:\/\/artec-testapparatuur.nl\/fr\/#website"},"primaryImageOfPage":{"@id":"https:\/\/artec-testapparatuur.nl\/fr\/produit\/schaller-rh2-thermohygrometre-enregistreur\/#primaryimage"},"image":{"@id":"https:\/\/artec-testapparatuur.nl\/fr\/produit\/schaller-rh2-thermohygrometre-enregistreur\/#primaryimage"},"thumbnailUrl":"https:\/\/artec-testapparatuur.nl\/wp-content\/uploads\/2021\/06\/2-4.png","datePublished":"2021-06-15T15:19:40+00:00","breadcrumb":{"@id":"https:\/\/artec-testapparatuur.nl\/fr\/produit\/schaller-rh2-thermohygrometre-enregistreur\/#breadcrumb"},"inLanguage":"fr-FR","potentialAction":[{"@type":"ReadAction","target":["https:\/\/artec-testapparatuur.nl\/fr\/produit\/schaller-rh2-thermohygrometre-enregistreur\/"]}]},{"@type":"ImageObject","inLanguage":"fr-FR","@id":"https:\/\/artec-testapparatuur.nl\/fr\/produit\/schaller-rh2-thermohygrometre-enregistreur\/#primaryimage","url":"https:\/\/artec-testapparatuur.nl\/wp-content\/uploads\/2021\/06\/2-4.png","contentUrl":"https:\/\/artec-testapparatuur.nl\/wp-content\/uploads\/2021\/06\/2-4.png","width":1000,"height":1000},{"@type":"BreadcrumbList","@id":"https:\/\/artec-testapparatuur.nl\/fr\/produit\/schaller-rh2-thermohygrometre-enregistreur\/#breadcrumb","itemListElement":[{"@type":"ListItem","position":1,"name":"Home","item":"https:\/\/artec-testapparatuur.nl\/fr\/"},{"@type":"ListItem","position":2,"name":"Produits","item":"https:\/\/artec-testapparatuur.nl\/fr\/shop\/"},{"@type":"ListItem","position":3,"name":"Schaller RH2 Thermohygrom\u00e8tre, enregistreur"}]},{"@type":"WebSite","@id":"https:\/\/artec-testapparatuur.nl\/fr\/#website","url":"https:\/\/artec-testapparatuur.nl\/fr\/","name":"Artec Testnology","description":"Your link to quality","potentialAction":[{"@type":"SearchAction","target":{"@type":"EntryPoint","urlTemplate":"https:\/\/artec-testapparatuur.nl\/fr\/?s={search_term_string}"},"query-input":{"@type":"PropertyValueSpecification","valueRequired":true,"valueName":"search_term_string"}}],"inLanguage":"fr-FR"}]}},"_links":{"self":[{"href":"https:\/\/artec-testapparatuur.nl\/fr\/wp-json\/wp\/v2\/product\/1751","targetHints":{"allow":["GET"]}}],"collection":[{"href":"https:\/\/artec-testapparatuur.nl\/fr\/wp-json\/wp\/v2\/product"}],"about":[{"href":"https:\/\/artec-testapparatuur.nl\/fr\/wp-json\/wp\/v2\/types\/product"}],"wp:featuredmedia":[{"embeddable":true,"href":"https:\/\/artec-testapparatuur.nl\/fr\/wp-json\/wp\/v2\/media\/1476"}],"wp:attachment":[{"href":"https:\/\/artec-testapparatuur.nl\/fr\/wp-json\/wp\/v2\/media?parent=1751"}],"wp:term":[{"taxonomy":"product_brand","embeddable":true,"href":"https:\/\/artec-testapparatuur.nl\/fr\/wp-json\/wp\/v2\/product_brand?post=1751"},{"taxonomy":"product_cat","embeddable":true,"href":"https:\/\/artec-testapparatuur.nl\/fr\/wp-json\/wp\/v2\/product_cat?post=1751"},{"taxonomy":"product_tag","embeddable":true,"href":"https:\/\/artec-testapparatuur.nl\/fr\/wp-json\/wp\/v2\/product_tag?post=1751"}],"curies":[{"name":"wp","href":"https:\/\/api.w.org\/{rel}","templated":true}]}}