{"id":1741,"date":"2021-06-21T17:14:28","date_gmt":"2021-06-21T15:14:28","guid":{"rendered":"https:\/\/artec.kopdigitaal-dev.nl\/product\/tests-de-vieillissement-elastocon-iso-188-iec-811\/"},"modified":"2021-06-21T17:14:28","modified_gmt":"2021-06-21T15:14:28","slug":"tests-de-vieillissement-elastocon-iso-188-iec-811","status":"publish","type":"product","link":"https:\/\/artec-testapparatuur.nl\/fr\/produit\/tests-de-vieillissement-elastocon-iso-188-iec-811\/","title":{"rendered":"Tests de vieillissement Elastocon, ISO 188, IEC 811"},"content":{"rendered":"<p>Four \u00e0 armoire, type EB 04-II, avec appareil de test de vieillissement, Conforme aux sp\u00e9cifications ISO 188, IEC 811 et aux normes techniquement \u00e9quivalentes.<br \/>\nCe four d&rsquo;essai de vieillissement offre des conditions d&rsquo;essai telles qu&rsquo;une tr\u00e8s faible variation de temp\u00e9rature dans le temps et dans l&rsquo;espace, une faible vitesse de l&rsquo;air et un taux de renouvellement d&rsquo;air contr\u00f4l\u00e9. Pour cela, le four est \u00e9quip\u00e9 d&rsquo;une chambre int\u00e9rieure avec une vitesse d&rsquo;air contr\u00f4l\u00e9e.<br \/>\nL&rsquo;EB 04 est id\u00e9al pour les tests de vieillissement de produits finis et de grands \u00e9chantillons de test, qui ne rentrent pas dans les fours cellulaires. La livraison comprend des \u00e9tag\u00e8res et des tiges pour tester pratiquement tout type d&rsquo;\u00e9chantillon.<\/p>\n","protected":false},"excerpt":{"rendered":"<p>Four \u00e0 armoire, type EB 04-II, avec appareil de test de vieillissement, Conforme aux sp\u00e9cifications ISO 188, IEC 811 et aux normes techniquement \u00e9quivalentes.<br \/>\nCe four d&rsquo;essai de vieillissement offre des conditions d&rsquo;essai telles qu&rsquo;une tr\u00e8s faible variation de temp\u00e9rature dans le temps et dans l&rsquo;espace, une faible vitesse de l&rsquo;air et un taux de renouvellement d&rsquo;air contr\u00f4l\u00e9. Pour cela, le four est \u00e9quip\u00e9 d&rsquo;une chambre int\u00e9rieure avec une vitesse d&rsquo;air contr\u00f4l\u00e9e.<br \/>\nL&rsquo;EB 04 est id\u00e9al pour les tests de vieillissement de produits finis et de grands \u00e9chantillons de test, qui ne rentrent pas dans les fours cellulaires. La livraison comprend des \u00e9tag\u00e8res et des tiges pour tester pratiquement tout type d&rsquo;\u00e9chantillon.<\/p>\n","protected":false},"featured_media":4209,"template":"","meta":[],"product_brand":[],"product_cat":[212,211,2924,216],"product_tag":[],"class_list":{"0":"post-1741","1":"product","2":"type-product","3":"status-publish","4":"has-post-thumbnail","6":"product_cat-caoutchouc-polymeres","7":"product_cat-fours-armoires-chauffantes","8":"product_cat-rubber-fr","9":"product_cat-vieillissement","10":"pa_materiaal-caoutchouc","11":"pa_materiaal-elastomeres","12":"pa_materiaal-plastique","13":"pa_merk-elastocon-fr","14":"pa_norm-eb-04-ii-fr","15":"pa_norm-iec-811-fr","16":"pa_norm-iso-188-fr","17":"pa_toepassing-four","18":"pa_toepassing-test-de-vieillissement-fr","19":"pa_toepassing-vieillissement-des-materiaux","21":"first","22":"instock","23":"shipping-taxable","24":"purchasable","25":"product-type-simple"},"acf":[],"yoast_head":"<!-- This site is optimized with the Yoast SEO plugin v26.9 - https:\/\/yoast.com\/product\/yoast-seo-wordpress\/ -->\n<title>Tests de vieillissement Elastocon, ISO 188, IEC 811 - Artec Testnology<\/title>\n<meta name=\"robots\" content=\"index, follow, max-snippet:-1, max-image-preview:large, max-video-preview:-1\" \/>\n<link rel=\"canonical\" href=\"https:\/\/artec-testapparatuur.nl\/fr\/produit\/tests-de-vieillissement-elastocon-iso-188-iec-811\/\" \/>\n<meta property=\"og:locale\" content=\"fr_FR\" \/>\n<meta property=\"og:type\" content=\"article\" \/>\n<meta property=\"og:title\" content=\"Tests de vieillissement Elastocon, ISO 188, IEC 811 - Artec Testnology\" \/>\n<meta property=\"og:description\" content=\"Four \u00e0 armoire, type EB 04-II, avec appareil de test de vieillissement, Conforme aux sp\u00e9cifications ISO 188, IEC 811 et aux normes techniquement \u00e9quivalentes. Ce four d&#039;essai de vieillissement offre des conditions d&#039;essai telles qu&#039;une tr\u00e8s faible variation de temp\u00e9rature dans le temps et dans l&#039;espace, une faible vitesse de l&#039;air et un taux de renouvellement d&#039;air contr\u00f4l\u00e9. Pour cela, le four est \u00e9quip\u00e9 d&#039;une chambre int\u00e9rieure avec une vitesse d&#039;air contr\u00f4l\u00e9e. L&#039;EB 04 est id\u00e9al pour les tests de vieillissement de produits finis et de grands \u00e9chantillons de test, qui ne rentrent pas dans les fours cellulaires. La livraison comprend des \u00e9tag\u00e8res et des tiges pour tester pratiquement tout type d&#039;\u00e9chantillon.\" \/>\n<meta property=\"og:url\" content=\"https:\/\/artec-testapparatuur.nl\/fr\/produit\/tests-de-vieillissement-elastocon-iso-188-iec-811\/\" \/>\n<meta property=\"og:site_name\" content=\"Artec Testnology\" \/>\n<meta property=\"og:image\" content=\"https:\/\/artec-testapparatuur.nl\/wp-content\/uploads\/2021\/06\/EB04IIb.jpg\" \/>\n\t<meta property=\"og:image:width\" content=\"2352\" \/>\n\t<meta property=\"og:image:height\" content=\"1851\" \/>\n\t<meta property=\"og:image:type\" content=\"image\/jpeg\" \/>\n<meta name=\"twitter:card\" content=\"summary_large_image\" \/>\n<meta name=\"twitter:label1\" content=\"Dur\u00e9e de lecture estim\u00e9e\" \/>\n\t<meta name=\"twitter:data1\" content=\"1 minute\" \/>\n<script type=\"application\/ld+json\" class=\"yoast-schema-graph\">{\"@context\":\"https:\/\/schema.org\",\"@graph\":[{\"@type\":\"WebPage\",\"@id\":\"https:\/\/artec-testapparatuur.nl\/fr\/produit\/tests-de-vieillissement-elastocon-iso-188-iec-811\/\",\"url\":\"https:\/\/artec-testapparatuur.nl\/fr\/produit\/tests-de-vieillissement-elastocon-iso-188-iec-811\/\",\"name\":\"Tests de vieillissement Elastocon, ISO 188, IEC 811 - Artec Testnology\",\"isPartOf\":{\"@id\":\"https:\/\/artec-testapparatuur.nl\/fr\/#website\"},\"primaryImageOfPage\":{\"@id\":\"https:\/\/artec-testapparatuur.nl\/fr\/produit\/tests-de-vieillissement-elastocon-iso-188-iec-811\/#primaryimage\"},\"image\":{\"@id\":\"https:\/\/artec-testapparatuur.nl\/fr\/produit\/tests-de-vieillissement-elastocon-iso-188-iec-811\/#primaryimage\"},\"thumbnailUrl\":\"https:\/\/artec-testapparatuur.nl\/wp-content\/uploads\/2021\/06\/EB04IIb.jpg\",\"datePublished\":\"2021-06-21T15:14:28+00:00\",\"breadcrumb\":{\"@id\":\"https:\/\/artec-testapparatuur.nl\/fr\/produit\/tests-de-vieillissement-elastocon-iso-188-iec-811\/#breadcrumb\"},\"inLanguage\":\"fr-FR\",\"potentialAction\":[{\"@type\":\"ReadAction\",\"target\":[\"https:\/\/artec-testapparatuur.nl\/fr\/produit\/tests-de-vieillissement-elastocon-iso-188-iec-811\/\"]}]},{\"@type\":\"ImageObject\",\"inLanguage\":\"fr-FR\",\"@id\":\"https:\/\/artec-testapparatuur.nl\/fr\/produit\/tests-de-vieillissement-elastocon-iso-188-iec-811\/#primaryimage\",\"url\":\"https:\/\/artec-testapparatuur.nl\/wp-content\/uploads\/2021\/06\/EB04IIb.jpg\",\"contentUrl\":\"https:\/\/artec-testapparatuur.nl\/wp-content\/uploads\/2021\/06\/EB04IIb.jpg\",\"width\":2352,\"height\":1851,\"caption\":\"Aging test oven, verouderingstestoven\"},{\"@type\":\"BreadcrumbList\",\"@id\":\"https:\/\/artec-testapparatuur.nl\/fr\/produit\/tests-de-vieillissement-elastocon-iso-188-iec-811\/#breadcrumb\",\"itemListElement\":[{\"@type\":\"ListItem\",\"position\":1,\"name\":\"Home\",\"item\":\"https:\/\/artec-testapparatuur.nl\/fr\/\"},{\"@type\":\"ListItem\",\"position\":2,\"name\":\"Produits\",\"item\":\"https:\/\/artec-testapparatuur.nl\/fr\/shop\/\"},{\"@type\":\"ListItem\",\"position\":3,\"name\":\"Tests de vieillissement Elastocon, ISO 188, IEC 811\"}]},{\"@type\":\"WebSite\",\"@id\":\"https:\/\/artec-testapparatuur.nl\/fr\/#website\",\"url\":\"https:\/\/artec-testapparatuur.nl\/fr\/\",\"name\":\"Artec Testnology\",\"description\":\"Your link to quality\",\"potentialAction\":[{\"@type\":\"SearchAction\",\"target\":{\"@type\":\"EntryPoint\",\"urlTemplate\":\"https:\/\/artec-testapparatuur.nl\/fr\/?s={search_term_string}\"},\"query-input\":{\"@type\":\"PropertyValueSpecification\",\"valueRequired\":true,\"valueName\":\"search_term_string\"}}],\"inLanguage\":\"fr-FR\"}]}<\/script>\n<!-- \/ Yoast SEO plugin. -->","yoast_head_json":{"title":"Tests de vieillissement Elastocon, ISO 188, IEC 811 - Artec Testnology","robots":{"index":"index","follow":"follow","max-snippet":"max-snippet:-1","max-image-preview":"max-image-preview:large","max-video-preview":"max-video-preview:-1"},"canonical":"https:\/\/artec-testapparatuur.nl\/fr\/produit\/tests-de-vieillissement-elastocon-iso-188-iec-811\/","og_locale":"fr_FR","og_type":"article","og_title":"Tests de vieillissement Elastocon, ISO 188, IEC 811 - Artec Testnology","og_description":"Four \u00e0 armoire, type EB 04-II, avec appareil de test de vieillissement, Conforme aux sp\u00e9cifications ISO 188, IEC 811 et aux normes techniquement \u00e9quivalentes. Ce four d'essai de vieillissement offre des conditions d'essai telles qu'une tr\u00e8s faible variation de temp\u00e9rature dans le temps et dans l'espace, une faible vitesse de l'air et un taux de renouvellement d'air contr\u00f4l\u00e9. Pour cela, le four est \u00e9quip\u00e9 d'une chambre int\u00e9rieure avec une vitesse d'air contr\u00f4l\u00e9e. L'EB 04 est id\u00e9al pour les tests de vieillissement de produits finis et de grands \u00e9chantillons de test, qui ne rentrent pas dans les fours cellulaires. La livraison comprend des \u00e9tag\u00e8res et des tiges pour tester pratiquement tout type d'\u00e9chantillon.","og_url":"https:\/\/artec-testapparatuur.nl\/fr\/produit\/tests-de-vieillissement-elastocon-iso-188-iec-811\/","og_site_name":"Artec Testnology","og_image":[{"width":2352,"height":1851,"url":"https:\/\/artec-testapparatuur.nl\/wp-content\/uploads\/2021\/06\/EB04IIb.jpg","type":"image\/jpeg"}],"twitter_card":"summary_large_image","twitter_misc":{"Dur\u00e9e de lecture estim\u00e9e":"1 minute"},"schema":{"@context":"https:\/\/schema.org","@graph":[{"@type":"WebPage","@id":"https:\/\/artec-testapparatuur.nl\/fr\/produit\/tests-de-vieillissement-elastocon-iso-188-iec-811\/","url":"https:\/\/artec-testapparatuur.nl\/fr\/produit\/tests-de-vieillissement-elastocon-iso-188-iec-811\/","name":"Tests de vieillissement Elastocon, ISO 188, IEC 811 - Artec Testnology","isPartOf":{"@id":"https:\/\/artec-testapparatuur.nl\/fr\/#website"},"primaryImageOfPage":{"@id":"https:\/\/artec-testapparatuur.nl\/fr\/produit\/tests-de-vieillissement-elastocon-iso-188-iec-811\/#primaryimage"},"image":{"@id":"https:\/\/artec-testapparatuur.nl\/fr\/produit\/tests-de-vieillissement-elastocon-iso-188-iec-811\/#primaryimage"},"thumbnailUrl":"https:\/\/artec-testapparatuur.nl\/wp-content\/uploads\/2021\/06\/EB04IIb.jpg","datePublished":"2021-06-21T15:14:28+00:00","breadcrumb":{"@id":"https:\/\/artec-testapparatuur.nl\/fr\/produit\/tests-de-vieillissement-elastocon-iso-188-iec-811\/#breadcrumb"},"inLanguage":"fr-FR","potentialAction":[{"@type":"ReadAction","target":["https:\/\/artec-testapparatuur.nl\/fr\/produit\/tests-de-vieillissement-elastocon-iso-188-iec-811\/"]}]},{"@type":"ImageObject","inLanguage":"fr-FR","@id":"https:\/\/artec-testapparatuur.nl\/fr\/produit\/tests-de-vieillissement-elastocon-iso-188-iec-811\/#primaryimage","url":"https:\/\/artec-testapparatuur.nl\/wp-content\/uploads\/2021\/06\/EB04IIb.jpg","contentUrl":"https:\/\/artec-testapparatuur.nl\/wp-content\/uploads\/2021\/06\/EB04IIb.jpg","width":2352,"height":1851,"caption":"Aging test oven, verouderingstestoven"},{"@type":"BreadcrumbList","@id":"https:\/\/artec-testapparatuur.nl\/fr\/produit\/tests-de-vieillissement-elastocon-iso-188-iec-811\/#breadcrumb","itemListElement":[{"@type":"ListItem","position":1,"name":"Home","item":"https:\/\/artec-testapparatuur.nl\/fr\/"},{"@type":"ListItem","position":2,"name":"Produits","item":"https:\/\/artec-testapparatuur.nl\/fr\/shop\/"},{"@type":"ListItem","position":3,"name":"Tests de vieillissement Elastocon, ISO 188, IEC 811"}]},{"@type":"WebSite","@id":"https:\/\/artec-testapparatuur.nl\/fr\/#website","url":"https:\/\/artec-testapparatuur.nl\/fr\/","name":"Artec Testnology","description":"Your link to quality","potentialAction":[{"@type":"SearchAction","target":{"@type":"EntryPoint","urlTemplate":"https:\/\/artec-testapparatuur.nl\/fr\/?s={search_term_string}"},"query-input":{"@type":"PropertyValueSpecification","valueRequired":true,"valueName":"search_term_string"}}],"inLanguage":"fr-FR"}]}},"_links":{"self":[{"href":"https:\/\/artec-testapparatuur.nl\/fr\/wp-json\/wp\/v2\/product\/1741","targetHints":{"allow":["GET"]}}],"collection":[{"href":"https:\/\/artec-testapparatuur.nl\/fr\/wp-json\/wp\/v2\/product"}],"about":[{"href":"https:\/\/artec-testapparatuur.nl\/fr\/wp-json\/wp\/v2\/types\/product"}],"wp:featuredmedia":[{"embeddable":true,"href":"https:\/\/artec-testapparatuur.nl\/fr\/wp-json\/wp\/v2\/media\/4209"}],"wp:attachment":[{"href":"https:\/\/artec-testapparatuur.nl\/fr\/wp-json\/wp\/v2\/media?parent=1741"}],"wp:term":[{"taxonomy":"product_brand","embeddable":true,"href":"https:\/\/artec-testapparatuur.nl\/fr\/wp-json\/wp\/v2\/product_brand?post=1741"},{"taxonomy":"product_cat","embeddable":true,"href":"https:\/\/artec-testapparatuur.nl\/fr\/wp-json\/wp\/v2\/product_cat?post=1741"},{"taxonomy":"product_tag","embeddable":true,"href":"https:\/\/artec-testapparatuur.nl\/fr\/wp-json\/wp\/v2\/product_tag?post=1741"}],"curies":[{"name":"wp","href":"https:\/\/api.w.org\/{rel}","templated":true}]}}