{"id":1735,"date":"2021-06-22T09:42:59","date_gmt":"2021-06-22T07:42:59","guid":{"rendered":"https:\/\/artec.kopdigitaal-dev.nl\/product\/test-de-vieillissement-thermique-elastocon-liquides-air\/"},"modified":"2021-06-22T09:42:59","modified_gmt":"2021-06-22T07:42:59","slug":"test-de-vieillissement-thermique-elastocon-liquides-air","status":"publish","type":"product","link":"https:\/\/artec-testapparatuur.nl\/fr\/produit\/test-de-vieillissement-thermique-elastocon-liquides-air\/","title":{"rendered":"Test de vieillissement thermique Elastocon, liquides, air"},"content":{"rendered":"<p>Test de vieillissement thermique du caoutchouc dans les liquides et l&rsquo;air<br \/>\nCe four tubulaire dispose de quatre compartiments pour des tests simultan\u00e9s \u00e0 diff\u00e9rentes temp\u00e9ratures. Capacit\u00e9, 6 tubes \u00e0 essai par cellule.<\/p>\n<p>Pr\u00e9cision \u00e0 haute temp\u00e9rature<\/p>\n<p>\u00c9cart de temp\u00e9rature:<br \/>\n+ 40 \u00b0C \u00e0 + 200 \u00b0C (EB 11)<br \/>\n+ 40 \u00b0C \u00e0 + 300 \u00b0C (EB 11HT)<\/p>\n<p>Quelques fonctionnalit\u00e9s :<\/p>\n<p>Essais dans les liquides et l&rsquo;air.<br \/>\nStabilit\u00e9 de la temp\u00e9rature dans le temps et l&rsquo;espace, \u00b1 0,25 \u00b0C<br \/>\nContr\u00f4le de la temp\u00e9rature par capteur dans le tube \u00e0 essai<br \/>\nPr\u00e9cision du contr\u00f4le de la temp\u00e9rature, 0,1 \u00b0C<br \/>\nAffichage en cas de coupure de courant.<\/p>\n","protected":false},"excerpt":{"rendered":"<p>Test de vieillissement thermique du caoutchouc dans les liquides et l&rsquo;air<br \/>\nCe four tubulaire dispose de quatre compartiments pour des tests simultan\u00e9s \u00e0 diff\u00e9rentes temp\u00e9ratures. Capacit\u00e9, 6 tubes \u00e0 essai par cellule.<\/p>\n<p>Pr\u00e9cision \u00e0 haute temp\u00e9rature<\/p>\n<p>\u00c9cart de temp\u00e9rature:<br \/>\n+ 40 \u00b0C \u00e0 + 200 \u00b0C (EB 11)<br \/>\n+ 40 \u00b0C \u00e0 + 300 \u00b0C (EB 11HT)<\/p>\n<p>Quelques fonctionnalit\u00e9s :<\/p>\n<p>Essais dans les liquides et l&rsquo;air.<br \/>\nStabilit\u00e9 de la temp\u00e9rature dans le temps et l&rsquo;espace, \u00b1 0,25 \u00b0C<br \/>\nContr\u00f4le de la temp\u00e9rature par capteur dans le tube \u00e0 essai<br \/>\nPr\u00e9cision du contr\u00f4le de la temp\u00e9rature, 0,1 \u00b0C<br \/>\nAffichage en cas de coupure de courant.<\/p>\n","protected":false},"featured_media":1529,"template":"","meta":[],"product_brand":[],"product_cat":[212,216],"product_tag":[],"class_list":{"0":"post-1735","1":"product","2":"type-product","3":"status-publish","4":"has-post-thumbnail","6":"product_cat-caoutchouc-polymeres","7":"product_cat-vieillissement","8":"pa_materiaal-caoutchouc","9":"pa_materiaal-elastomeres","10":"pa_merk-elastocon-fr","11":"pa_norm-astm-d5423-type-2-fr","12":"pa_norm-astm-d573-fr","13":"pa_norm-astm-e145-type-iia-fr","14":"pa_norm-iec-216-4-1-fr","15":"pa_norm-iec-811-1-2-fr","16":"pa_norm-iso-188-method-a-fr","17":"pa_toepassing-vieillissement-accelere-du-caoutchouc-dans-les-liquides-et-lair","19":"first","20":"instock","21":"shipping-taxable","22":"purchasable","23":"product-type-simple"},"acf":[],"yoast_head":"<!-- This site is optimized with the Yoast SEO plugin v26.9 - https:\/\/yoast.com\/product\/yoast-seo-wordpress\/ -->\n<title>Test de vieillissement thermique Elastocon, liquides, air - Artec Testnology<\/title>\n<meta name=\"robots\" content=\"index, follow, max-snippet:-1, max-image-preview:large, max-video-preview:-1\" \/>\n<link rel=\"canonical\" href=\"https:\/\/artec-testapparatuur.nl\/fr\/produit\/test-de-vieillissement-thermique-elastocon-liquides-air\/\" \/>\n<meta property=\"og:locale\" content=\"fr_FR\" \/>\n<meta property=\"og:type\" content=\"article\" \/>\n<meta property=\"og:title\" content=\"Test de vieillissement thermique Elastocon, liquides, air - Artec Testnology\" \/>\n<meta property=\"og:description\" content=\"Test de vieillissement thermique du caoutchouc dans les liquides et l&#039;air Ce four tubulaire dispose de quatre compartiments pour des tests simultan\u00e9s \u00e0 diff\u00e9rentes temp\u00e9ratures. Capacit\u00e9, 6 tubes \u00e0 essai par cellule.  Pr\u00e9cision \u00e0 haute temp\u00e9rature  \u00c9cart de temp\u00e9rature: + 40 \u00b0C \u00e0 + 200 \u00b0C (EB 11) + 40 \u00b0C \u00e0 + 300 \u00b0C (EB 11HT)  Quelques fonctionnalit\u00e9s :  Essais dans les liquides et l&#039;air. Stabilit\u00e9 de la temp\u00e9rature dans le temps et l&#039;espace, \u00b1 0,25 \u00b0C Contr\u00f4le de la temp\u00e9rature par capteur dans le tube \u00e0 essai Pr\u00e9cision du contr\u00f4le de la temp\u00e9rature, 0,1 \u00b0C Affichage en cas de coupure de courant.\" \/>\n<meta property=\"og:url\" content=\"https:\/\/artec-testapparatuur.nl\/fr\/produit\/test-de-vieillissement-thermique-elastocon-liquides-air\/\" \/>\n<meta property=\"og:site_name\" content=\"Artec Testnology\" \/>\n<meta property=\"og:image\" content=\"https:\/\/artec-testapparatuur.nl\/wp-content\/uploads\/2021\/06\/Elastocon-Warmte-verouderingstest-vloeistoffen-lucht.jpg\" \/>\n\t<meta property=\"og:image:width\" content=\"1000\" \/>\n\t<meta property=\"og:image:height\" content=\"1000\" \/>\n\t<meta property=\"og:image:type\" content=\"image\/jpeg\" \/>\n<meta name=\"twitter:card\" content=\"summary_large_image\" \/>\n<script type=\"application\/ld+json\" class=\"yoast-schema-graph\">{\"@context\":\"https:\/\/schema.org\",\"@graph\":[{\"@type\":\"WebPage\",\"@id\":\"https:\/\/artec-testapparatuur.nl\/fr\/produit\/test-de-vieillissement-thermique-elastocon-liquides-air\/\",\"url\":\"https:\/\/artec-testapparatuur.nl\/fr\/produit\/test-de-vieillissement-thermique-elastocon-liquides-air\/\",\"name\":\"Test de vieillissement thermique Elastocon, liquides, air - Artec Testnology\",\"isPartOf\":{\"@id\":\"https:\/\/artec-testapparatuur.nl\/fr\/#website\"},\"primaryImageOfPage\":{\"@id\":\"https:\/\/artec-testapparatuur.nl\/fr\/produit\/test-de-vieillissement-thermique-elastocon-liquides-air\/#primaryimage\"},\"image\":{\"@id\":\"https:\/\/artec-testapparatuur.nl\/fr\/produit\/test-de-vieillissement-thermique-elastocon-liquides-air\/#primaryimage\"},\"thumbnailUrl\":\"https:\/\/artec-testapparatuur.nl\/wp-content\/uploads\/2021\/06\/Elastocon-Warmte-verouderingstest-vloeistoffen-lucht.jpg\",\"datePublished\":\"2021-06-22T07:42:59+00:00\",\"breadcrumb\":{\"@id\":\"https:\/\/artec-testapparatuur.nl\/fr\/produit\/test-de-vieillissement-thermique-elastocon-liquides-air\/#breadcrumb\"},\"inLanguage\":\"fr-FR\",\"potentialAction\":[{\"@type\":\"ReadAction\",\"target\":[\"https:\/\/artec-testapparatuur.nl\/fr\/produit\/test-de-vieillissement-thermique-elastocon-liquides-air\/\"]}]},{\"@type\":\"ImageObject\",\"inLanguage\":\"fr-FR\",\"@id\":\"https:\/\/artec-testapparatuur.nl\/fr\/produit\/test-de-vieillissement-thermique-elastocon-liquides-air\/#primaryimage\",\"url\":\"https:\/\/artec-testapparatuur.nl\/wp-content\/uploads\/2021\/06\/Elastocon-Warmte-verouderingstest-vloeistoffen-lucht.jpg\",\"contentUrl\":\"https:\/\/artec-testapparatuur.nl\/wp-content\/uploads\/2021\/06\/Elastocon-Warmte-verouderingstest-vloeistoffen-lucht.jpg\",\"width\":1000,\"height\":1000},{\"@type\":\"BreadcrumbList\",\"@id\":\"https:\/\/artec-testapparatuur.nl\/fr\/produit\/test-de-vieillissement-thermique-elastocon-liquides-air\/#breadcrumb\",\"itemListElement\":[{\"@type\":\"ListItem\",\"position\":1,\"name\":\"Home\",\"item\":\"https:\/\/artec-testapparatuur.nl\/fr\/\"},{\"@type\":\"ListItem\",\"position\":2,\"name\":\"Produits\",\"item\":\"https:\/\/artec-testapparatuur.nl\/fr\/shop\/\"},{\"@type\":\"ListItem\",\"position\":3,\"name\":\"Test de vieillissement thermique Elastocon, liquides, air\"}]},{\"@type\":\"WebSite\",\"@id\":\"https:\/\/artec-testapparatuur.nl\/fr\/#website\",\"url\":\"https:\/\/artec-testapparatuur.nl\/fr\/\",\"name\":\"Artec Testnology\",\"description\":\"Your link to quality\",\"potentialAction\":[{\"@type\":\"SearchAction\",\"target\":{\"@type\":\"EntryPoint\",\"urlTemplate\":\"https:\/\/artec-testapparatuur.nl\/fr\/?s={search_term_string}\"},\"query-input\":{\"@type\":\"PropertyValueSpecification\",\"valueRequired\":true,\"valueName\":\"search_term_string\"}}],\"inLanguage\":\"fr-FR\"}]}<\/script>\n<!-- \/ Yoast SEO plugin. -->","yoast_head_json":{"title":"Test de vieillissement thermique Elastocon, liquides, air - Artec Testnology","robots":{"index":"index","follow":"follow","max-snippet":"max-snippet:-1","max-image-preview":"max-image-preview:large","max-video-preview":"max-video-preview:-1"},"canonical":"https:\/\/artec-testapparatuur.nl\/fr\/produit\/test-de-vieillissement-thermique-elastocon-liquides-air\/","og_locale":"fr_FR","og_type":"article","og_title":"Test de vieillissement thermique Elastocon, liquides, air - Artec Testnology","og_description":"Test de vieillissement thermique du caoutchouc dans les liquides et l'air Ce four tubulaire dispose de quatre compartiments pour des tests simultan\u00e9s \u00e0 diff\u00e9rentes temp\u00e9ratures. Capacit\u00e9, 6 tubes \u00e0 essai par cellule.  Pr\u00e9cision \u00e0 haute temp\u00e9rature  \u00c9cart de temp\u00e9rature: + 40 \u00b0C \u00e0 + 200 \u00b0C (EB 11) + 40 \u00b0C \u00e0 + 300 \u00b0C (EB 11HT)  Quelques fonctionnalit\u00e9s :  Essais dans les liquides et l'air. Stabilit\u00e9 de la temp\u00e9rature dans le temps et l'espace, \u00b1 0,25 \u00b0C Contr\u00f4le de la temp\u00e9rature par capteur dans le tube \u00e0 essai Pr\u00e9cision du contr\u00f4le de la temp\u00e9rature, 0,1 \u00b0C Affichage en cas de coupure de courant.","og_url":"https:\/\/artec-testapparatuur.nl\/fr\/produit\/test-de-vieillissement-thermique-elastocon-liquides-air\/","og_site_name":"Artec Testnology","og_image":[{"width":1000,"height":1000,"url":"https:\/\/artec-testapparatuur.nl\/wp-content\/uploads\/2021\/06\/Elastocon-Warmte-verouderingstest-vloeistoffen-lucht.jpg","type":"image\/jpeg"}],"twitter_card":"summary_large_image","schema":{"@context":"https:\/\/schema.org","@graph":[{"@type":"WebPage","@id":"https:\/\/artec-testapparatuur.nl\/fr\/produit\/test-de-vieillissement-thermique-elastocon-liquides-air\/","url":"https:\/\/artec-testapparatuur.nl\/fr\/produit\/test-de-vieillissement-thermique-elastocon-liquides-air\/","name":"Test de vieillissement thermique Elastocon, liquides, air - Artec Testnology","isPartOf":{"@id":"https:\/\/artec-testapparatuur.nl\/fr\/#website"},"primaryImageOfPage":{"@id":"https:\/\/artec-testapparatuur.nl\/fr\/produit\/test-de-vieillissement-thermique-elastocon-liquides-air\/#primaryimage"},"image":{"@id":"https:\/\/artec-testapparatuur.nl\/fr\/produit\/test-de-vieillissement-thermique-elastocon-liquides-air\/#primaryimage"},"thumbnailUrl":"https:\/\/artec-testapparatuur.nl\/wp-content\/uploads\/2021\/06\/Elastocon-Warmte-verouderingstest-vloeistoffen-lucht.jpg","datePublished":"2021-06-22T07:42:59+00:00","breadcrumb":{"@id":"https:\/\/artec-testapparatuur.nl\/fr\/produit\/test-de-vieillissement-thermique-elastocon-liquides-air\/#breadcrumb"},"inLanguage":"fr-FR","potentialAction":[{"@type":"ReadAction","target":["https:\/\/artec-testapparatuur.nl\/fr\/produit\/test-de-vieillissement-thermique-elastocon-liquides-air\/"]}]},{"@type":"ImageObject","inLanguage":"fr-FR","@id":"https:\/\/artec-testapparatuur.nl\/fr\/produit\/test-de-vieillissement-thermique-elastocon-liquides-air\/#primaryimage","url":"https:\/\/artec-testapparatuur.nl\/wp-content\/uploads\/2021\/06\/Elastocon-Warmte-verouderingstest-vloeistoffen-lucht.jpg","contentUrl":"https:\/\/artec-testapparatuur.nl\/wp-content\/uploads\/2021\/06\/Elastocon-Warmte-verouderingstest-vloeistoffen-lucht.jpg","width":1000,"height":1000},{"@type":"BreadcrumbList","@id":"https:\/\/artec-testapparatuur.nl\/fr\/produit\/test-de-vieillissement-thermique-elastocon-liquides-air\/#breadcrumb","itemListElement":[{"@type":"ListItem","position":1,"name":"Home","item":"https:\/\/artec-testapparatuur.nl\/fr\/"},{"@type":"ListItem","position":2,"name":"Produits","item":"https:\/\/artec-testapparatuur.nl\/fr\/shop\/"},{"@type":"ListItem","position":3,"name":"Test de vieillissement thermique Elastocon, liquides, air"}]},{"@type":"WebSite","@id":"https:\/\/artec-testapparatuur.nl\/fr\/#website","url":"https:\/\/artec-testapparatuur.nl\/fr\/","name":"Artec Testnology","description":"Your link to quality","potentialAction":[{"@type":"SearchAction","target":{"@type":"EntryPoint","urlTemplate":"https:\/\/artec-testapparatuur.nl\/fr\/?s={search_term_string}"},"query-input":{"@type":"PropertyValueSpecification","valueRequired":true,"valueName":"search_term_string"}}],"inLanguage":"fr-FR"}]}},"_links":{"self":[{"href":"https:\/\/artec-testapparatuur.nl\/fr\/wp-json\/wp\/v2\/product\/1735","targetHints":{"allow":["GET"]}}],"collection":[{"href":"https:\/\/artec-testapparatuur.nl\/fr\/wp-json\/wp\/v2\/product"}],"about":[{"href":"https:\/\/artec-testapparatuur.nl\/fr\/wp-json\/wp\/v2\/types\/product"}],"wp:featuredmedia":[{"embeddable":true,"href":"https:\/\/artec-testapparatuur.nl\/fr\/wp-json\/wp\/v2\/media\/1529"}],"wp:attachment":[{"href":"https:\/\/artec-testapparatuur.nl\/fr\/wp-json\/wp\/v2\/media?parent=1735"}],"wp:term":[{"taxonomy":"product_brand","embeddable":true,"href":"https:\/\/artec-testapparatuur.nl\/fr\/wp-json\/wp\/v2\/product_brand?post=1735"},{"taxonomy":"product_cat","embeddable":true,"href":"https:\/\/artec-testapparatuur.nl\/fr\/wp-json\/wp\/v2\/product_cat?post=1735"},{"taxonomy":"product_tag","embeddable":true,"href":"https:\/\/artec-testapparatuur.nl\/fr\/wp-json\/wp\/v2\/product_tag?post=1735"}],"curies":[{"name":"wp","href":"https:\/\/api.w.org\/{rel}","templated":true}]}}