{"id":1733,"date":"2021-06-22T09:53:07","date_gmt":"2021-06-22T07:53:07","guid":{"rendered":"https:\/\/artec.kopdigitaal-dev.nl\/product\/four-dessai-de-vieillissement-thermique-elastocon\/"},"modified":"2021-06-22T09:53:07","modified_gmt":"2021-06-22T07:53:07","slug":"four-dessai-de-vieillissement-thermique-elastocon","status":"publish","type":"product","link":"https:\/\/artec-testapparatuur.nl\/fr\/produit\/four-dessai-de-vieillissement-thermique-elastocon\/","title":{"rendered":"Four d&rsquo;essai de vieillissement thermique Elastocon"},"content":{"rendered":"<p>Essais de vieillissement thermique selon ISO 188 m\u00e9thode B et ISO 4577.<\/p>\n<p>Four \u00e0 grande vitesse d&rsquo;air et \u00e0 flux d&rsquo;air laminaire de bas en haut.<br \/>\nUne erreur de temp\u00e9rature de 1 \u00b0C correspond \u00e0 environ 10 % d&rsquo;erreur sur la dur\u00e9e du test, la pr\u00e9cision de la temp\u00e9rature est donc tr\u00e8s importante pour les tests de vieillissement thermique.<\/p>\n","protected":false},"excerpt":{"rendered":"<p>Essais de vieillissement thermique selon ISO 188 m\u00e9thode B et ISO 4577.<\/p>\n<p>Four \u00e0 grande vitesse d&rsquo;air et \u00e0 flux d&rsquo;air laminaire de bas en haut.<br \/>\nUne erreur de temp\u00e9rature de 1 \u00b0C correspond \u00e0 environ 10 % d&rsquo;erreur sur la dur\u00e9e du test, la pr\u00e9cision de la temp\u00e9rature est donc tr\u00e8s importante pour les tests de vieillissement thermique.<\/p>\n","protected":false},"featured_media":1533,"template":"","meta":[],"product_brand":[],"product_cat":[212,2924,216],"product_tag":[],"class_list":{"0":"post-1733","1":"product","2":"type-product","3":"status-publish","4":"has-post-thumbnail","6":"product_cat-caoutchouc-polymeres","7":"product_cat-rubber-fr","8":"product_cat-vieillissement","9":"pa_materiaal-caoutchouc","10":"pa_materiaal-plastique","11":"pa_materiaal-polymeres","12":"pa_merk-elastocon-fr","13":"pa_norm-iso-188-method-b-fr","14":"pa_norm-iso-4577-fr","15":"pa_toepassing-test-de-vieillissement-thermique","16":"pa_toepassing-vieillissement-des-materiaux","18":"first","19":"instock","20":"shipping-taxable","21":"purchasable","22":"product-type-simple"},"acf":[],"yoast_head":"<!-- This site is optimized with the Yoast SEO plugin v26.9 - https:\/\/yoast.com\/product\/yoast-seo-wordpress\/ -->\n<title>Four d&#039;essai de vieillissement thermique Elastocon - Artec Testnology<\/title>\n<meta name=\"robots\" content=\"index, follow, max-snippet:-1, max-image-preview:large, max-video-preview:-1\" \/>\n<link rel=\"canonical\" href=\"https:\/\/artec-testapparatuur.nl\/fr\/produit\/four-dessai-de-vieillissement-thermique-elastocon\/\" \/>\n<meta property=\"og:locale\" content=\"fr_FR\" \/>\n<meta property=\"og:type\" content=\"article\" \/>\n<meta property=\"og:title\" content=\"Four d&#039;essai de vieillissement thermique Elastocon - Artec Testnology\" \/>\n<meta property=\"og:description\" content=\"Essais de vieillissement thermique selon ISO 188 m\u00e9thode B et ISO 4577.  Four \u00e0 grande vitesse d&#039;air et \u00e0 flux d&#039;air laminaire de bas en haut. Une erreur de temp\u00e9rature de 1 \u00b0C correspond \u00e0 environ 10 % d&#039;erreur sur la dur\u00e9e du test, la pr\u00e9cision de la temp\u00e9rature est donc tr\u00e8s importante pour les tests de vieillissement thermique.\" \/>\n<meta property=\"og:url\" content=\"https:\/\/artec-testapparatuur.nl\/fr\/produit\/four-dessai-de-vieillissement-thermique-elastocon\/\" \/>\n<meta property=\"og:site_name\" content=\"Artec Testnology\" \/>\n<meta property=\"og:image\" content=\"https:\/\/artec-testapparatuur.nl\/wp-content\/uploads\/2021\/06\/Elastocon-Warmte-verouderingstestoven.jpg\" \/>\n\t<meta property=\"og:image:width\" content=\"1000\" \/>\n\t<meta property=\"og:image:height\" content=\"1000\" \/>\n\t<meta property=\"og:image:type\" content=\"image\/jpeg\" \/>\n<meta name=\"twitter:card\" content=\"summary_large_image\" \/>\n<script type=\"application\/ld+json\" class=\"yoast-schema-graph\">{\"@context\":\"https:\/\/schema.org\",\"@graph\":[{\"@type\":\"WebPage\",\"@id\":\"https:\/\/artec-testapparatuur.nl\/fr\/produit\/four-dessai-de-vieillissement-thermique-elastocon\/\",\"url\":\"https:\/\/artec-testapparatuur.nl\/fr\/produit\/four-dessai-de-vieillissement-thermique-elastocon\/\",\"name\":\"Four d'essai de vieillissement thermique Elastocon - Artec Testnology\",\"isPartOf\":{\"@id\":\"https:\/\/artec-testapparatuur.nl\/fr\/#website\"},\"primaryImageOfPage\":{\"@id\":\"https:\/\/artec-testapparatuur.nl\/fr\/produit\/four-dessai-de-vieillissement-thermique-elastocon\/#primaryimage\"},\"image\":{\"@id\":\"https:\/\/artec-testapparatuur.nl\/fr\/produit\/four-dessai-de-vieillissement-thermique-elastocon\/#primaryimage\"},\"thumbnailUrl\":\"https:\/\/artec-testapparatuur.nl\/wp-content\/uploads\/2021\/06\/Elastocon-Warmte-verouderingstestoven.jpg\",\"datePublished\":\"2021-06-22T07:53:07+00:00\",\"breadcrumb\":{\"@id\":\"https:\/\/artec-testapparatuur.nl\/fr\/produit\/four-dessai-de-vieillissement-thermique-elastocon\/#breadcrumb\"},\"inLanguage\":\"fr-FR\",\"potentialAction\":[{\"@type\":\"ReadAction\",\"target\":[\"https:\/\/artec-testapparatuur.nl\/fr\/produit\/four-dessai-de-vieillissement-thermique-elastocon\/\"]}]},{\"@type\":\"ImageObject\",\"inLanguage\":\"fr-FR\",\"@id\":\"https:\/\/artec-testapparatuur.nl\/fr\/produit\/four-dessai-de-vieillissement-thermique-elastocon\/#primaryimage\",\"url\":\"https:\/\/artec-testapparatuur.nl\/wp-content\/uploads\/2021\/06\/Elastocon-Warmte-verouderingstestoven.jpg\",\"contentUrl\":\"https:\/\/artec-testapparatuur.nl\/wp-content\/uploads\/2021\/06\/Elastocon-Warmte-verouderingstestoven.jpg\",\"width\":1000,\"height\":1000},{\"@type\":\"BreadcrumbList\",\"@id\":\"https:\/\/artec-testapparatuur.nl\/fr\/produit\/four-dessai-de-vieillissement-thermique-elastocon\/#breadcrumb\",\"itemListElement\":[{\"@type\":\"ListItem\",\"position\":1,\"name\":\"Home\",\"item\":\"https:\/\/artec-testapparatuur.nl\/fr\/\"},{\"@type\":\"ListItem\",\"position\":2,\"name\":\"Produits\",\"item\":\"https:\/\/artec-testapparatuur.nl\/fr\/shop\/\"},{\"@type\":\"ListItem\",\"position\":3,\"name\":\"Four d&#8217;essai de vieillissement thermique Elastocon\"}]},{\"@type\":\"WebSite\",\"@id\":\"https:\/\/artec-testapparatuur.nl\/fr\/#website\",\"url\":\"https:\/\/artec-testapparatuur.nl\/fr\/\",\"name\":\"Artec Testnology\",\"description\":\"Your link to quality\",\"potentialAction\":[{\"@type\":\"SearchAction\",\"target\":{\"@type\":\"EntryPoint\",\"urlTemplate\":\"https:\/\/artec-testapparatuur.nl\/fr\/?s={search_term_string}\"},\"query-input\":{\"@type\":\"PropertyValueSpecification\",\"valueRequired\":true,\"valueName\":\"search_term_string\"}}],\"inLanguage\":\"fr-FR\"}]}<\/script>\n<!-- \/ Yoast SEO plugin. -->","yoast_head_json":{"title":"Four d'essai de vieillissement thermique Elastocon - Artec Testnology","robots":{"index":"index","follow":"follow","max-snippet":"max-snippet:-1","max-image-preview":"max-image-preview:large","max-video-preview":"max-video-preview:-1"},"canonical":"https:\/\/artec-testapparatuur.nl\/fr\/produit\/four-dessai-de-vieillissement-thermique-elastocon\/","og_locale":"fr_FR","og_type":"article","og_title":"Four d'essai de vieillissement thermique Elastocon - Artec Testnology","og_description":"Essais de vieillissement thermique selon ISO 188 m\u00e9thode B et ISO 4577.  Four \u00e0 grande vitesse d'air et \u00e0 flux d'air laminaire de bas en haut. Une erreur de temp\u00e9rature de 1 \u00b0C correspond \u00e0 environ 10 % d'erreur sur la dur\u00e9e du test, la pr\u00e9cision de la temp\u00e9rature est donc tr\u00e8s importante pour les tests de vieillissement thermique.","og_url":"https:\/\/artec-testapparatuur.nl\/fr\/produit\/four-dessai-de-vieillissement-thermique-elastocon\/","og_site_name":"Artec Testnology","og_image":[{"width":1000,"height":1000,"url":"https:\/\/artec-testapparatuur.nl\/wp-content\/uploads\/2021\/06\/Elastocon-Warmte-verouderingstestoven.jpg","type":"image\/jpeg"}],"twitter_card":"summary_large_image","schema":{"@context":"https:\/\/schema.org","@graph":[{"@type":"WebPage","@id":"https:\/\/artec-testapparatuur.nl\/fr\/produit\/four-dessai-de-vieillissement-thermique-elastocon\/","url":"https:\/\/artec-testapparatuur.nl\/fr\/produit\/four-dessai-de-vieillissement-thermique-elastocon\/","name":"Four d'essai de vieillissement thermique Elastocon - Artec Testnology","isPartOf":{"@id":"https:\/\/artec-testapparatuur.nl\/fr\/#website"},"primaryImageOfPage":{"@id":"https:\/\/artec-testapparatuur.nl\/fr\/produit\/four-dessai-de-vieillissement-thermique-elastocon\/#primaryimage"},"image":{"@id":"https:\/\/artec-testapparatuur.nl\/fr\/produit\/four-dessai-de-vieillissement-thermique-elastocon\/#primaryimage"},"thumbnailUrl":"https:\/\/artec-testapparatuur.nl\/wp-content\/uploads\/2021\/06\/Elastocon-Warmte-verouderingstestoven.jpg","datePublished":"2021-06-22T07:53:07+00:00","breadcrumb":{"@id":"https:\/\/artec-testapparatuur.nl\/fr\/produit\/four-dessai-de-vieillissement-thermique-elastocon\/#breadcrumb"},"inLanguage":"fr-FR","potentialAction":[{"@type":"ReadAction","target":["https:\/\/artec-testapparatuur.nl\/fr\/produit\/four-dessai-de-vieillissement-thermique-elastocon\/"]}]},{"@type":"ImageObject","inLanguage":"fr-FR","@id":"https:\/\/artec-testapparatuur.nl\/fr\/produit\/four-dessai-de-vieillissement-thermique-elastocon\/#primaryimage","url":"https:\/\/artec-testapparatuur.nl\/wp-content\/uploads\/2021\/06\/Elastocon-Warmte-verouderingstestoven.jpg","contentUrl":"https:\/\/artec-testapparatuur.nl\/wp-content\/uploads\/2021\/06\/Elastocon-Warmte-verouderingstestoven.jpg","width":1000,"height":1000},{"@type":"BreadcrumbList","@id":"https:\/\/artec-testapparatuur.nl\/fr\/produit\/four-dessai-de-vieillissement-thermique-elastocon\/#breadcrumb","itemListElement":[{"@type":"ListItem","position":1,"name":"Home","item":"https:\/\/artec-testapparatuur.nl\/fr\/"},{"@type":"ListItem","position":2,"name":"Produits","item":"https:\/\/artec-testapparatuur.nl\/fr\/shop\/"},{"@type":"ListItem","position":3,"name":"Four d&#8217;essai de vieillissement thermique Elastocon"}]},{"@type":"WebSite","@id":"https:\/\/artec-testapparatuur.nl\/fr\/#website","url":"https:\/\/artec-testapparatuur.nl\/fr\/","name":"Artec Testnology","description":"Your link to quality","potentialAction":[{"@type":"SearchAction","target":{"@type":"EntryPoint","urlTemplate":"https:\/\/artec-testapparatuur.nl\/fr\/?s={search_term_string}"},"query-input":{"@type":"PropertyValueSpecification","valueRequired":true,"valueName":"search_term_string"}}],"inLanguage":"fr-FR"}]}},"_links":{"self":[{"href":"https:\/\/artec-testapparatuur.nl\/fr\/wp-json\/wp\/v2\/product\/1733","targetHints":{"allow":["GET"]}}],"collection":[{"href":"https:\/\/artec-testapparatuur.nl\/fr\/wp-json\/wp\/v2\/product"}],"about":[{"href":"https:\/\/artec-testapparatuur.nl\/fr\/wp-json\/wp\/v2\/types\/product"}],"wp:featuredmedia":[{"embeddable":true,"href":"https:\/\/artec-testapparatuur.nl\/fr\/wp-json\/wp\/v2\/media\/1533"}],"wp:attachment":[{"href":"https:\/\/artec-testapparatuur.nl\/fr\/wp-json\/wp\/v2\/media?parent=1733"}],"wp:term":[{"taxonomy":"product_brand","embeddable":true,"href":"https:\/\/artec-testapparatuur.nl\/fr\/wp-json\/wp\/v2\/product_brand?post=1733"},{"taxonomy":"product_cat","embeddable":true,"href":"https:\/\/artec-testapparatuur.nl\/fr\/wp-json\/wp\/v2\/product_cat?post=1733"},{"taxonomy":"product_tag","embeddable":true,"href":"https:\/\/artec-testapparatuur.nl\/fr\/wp-json\/wp\/v2\/product_tag?post=1733"}],"curies":[{"name":"wp","href":"https:\/\/api.w.org\/{rel}","templated":true}]}}