{"id":1716,"date":"2021-06-22T10:37:49","date_gmt":"2021-06-22T08:37:49","guid":{"rendered":"https:\/\/artec.kopdigitaal-dev.nl\/product\/rugosite-innowep-topographie-3d-optique-portable\/"},"modified":"2021-06-22T10:37:49","modified_gmt":"2021-06-22T08:37:49","slug":"rugosite-innowep-topographie-3d-optique-portable","status":"publish","type":"product","link":"https:\/\/artec-testapparatuur.nl\/fr\/produit\/rugosite-innowep-topographie-3d-optique-portable\/","title":{"rendered":"Rugosit\u00e9 Innowep, Topographie 3D, Optique, Portable"},"content":{"rendered":"<p>Le TRACEiT\u00ae mesure la topographie 3D, les valeurs de rugosit\u00e9, Ra opt, Rq opt, Rz opt et documente les perceptions visuelles telles que vues par l&rsquo;\u0153il humain.<br \/>\nUn syst\u00e8me brevet\u00e9 et portable pour des mesures et des analyses de surfaces sans contact et de haute qualit\u00e9, \u00e0 la fois sur des sites ext\u00e9rieurs et sur la ligne de production.<br \/>\nTRACEiT\u00ae est le premier syst\u00e8me sur le march\u00e9, avec lequel les impressions visuelles et les caract\u00e9ristiques externes peuvent \u00eatre \u00e9valu\u00e9es, analys\u00e9es et document\u00e9es de mani\u00e8re reproductible.<\/p>\n","protected":false},"excerpt":{"rendered":"<p>Le TRACEiT\u00ae mesure la topographie 3D, les valeurs de rugosit\u00e9, Ra opt, Rq opt, Rz opt et documente les perceptions visuelles telles que vues par l&rsquo;\u0153il humain.<br \/>\nUn syst\u00e8me brevet\u00e9 et portable pour des mesures et des analyses de surfaces sans contact et de haute qualit\u00e9, \u00e0 la fois sur des sites ext\u00e9rieurs et sur la ligne de production.<br \/>\nTRACEiT\u00ae est le premier syst\u00e8me sur le march\u00e9, avec lequel les impressions visuelles et les caract\u00e9ristiques externes peuvent \u00eatre \u00e9valu\u00e9es, analys\u00e9es et document\u00e9es de mani\u00e8re reproductible.<\/p>\n","protected":false},"featured_media":1570,"template":"","meta":[],"product_brand":[],"product_cat":[208,209],"product_tag":[],"class_list":{"0":"post-1716","1":"product","2":"type-product","3":"status-publish","4":"has-post-thumbnail","6":"product_cat-analyse-de-surface","7":"product_cat-controle-en-ligne","8":"pa_materiaal-tous-les-materiaux","9":"pa_merk-innowep-fr","10":"pa_toepassing-automobile","11":"pa_toepassing-mesure-in-situ","12":"pa_toepassing-nebulosite","13":"pa_toepassing-rugosite","14":"pa_toepassing-structure-fr","15":"pa_toepassing-topographie-3d","17":"first","18":"instock","19":"shipping-taxable","20":"purchasable","21":"product-type-simple"},"acf":[],"yoast_head":"<!-- This site is optimized with the Yoast SEO plugin v26.9 - https:\/\/yoast.com\/product\/yoast-seo-wordpress\/ -->\n<title>Rugosit\u00e9 Innowep, Topographie 3D, Optique, Portable - Artec Testnology<\/title>\n<meta name=\"robots\" content=\"index, follow, max-snippet:-1, max-image-preview:large, max-video-preview:-1\" \/>\n<link rel=\"canonical\" href=\"https:\/\/artec-testapparatuur.nl\/fr\/produit\/rugosite-innowep-topographie-3d-optique-portable\/\" \/>\n<meta property=\"og:locale\" content=\"fr_FR\" \/>\n<meta property=\"og:type\" content=\"article\" \/>\n<meta property=\"og:title\" content=\"Rugosit\u00e9 Innowep, Topographie 3D, Optique, Portable - Artec Testnology\" \/>\n<meta property=\"og:description\" content=\"Le TRACEiT\u00ae mesure la topographie 3D, les valeurs de rugosit\u00e9, Ra opt, Rq opt, Rz opt et documente les perceptions visuelles telles que vues par l&#039;\u0153il humain. Un syst\u00e8me brevet\u00e9 et portable pour des mesures et des analyses de surfaces sans contact et de haute qualit\u00e9, \u00e0 la fois sur des sites ext\u00e9rieurs et sur la ligne de production. TRACEiT\u00ae est le premier syst\u00e8me sur le march\u00e9, avec lequel les impressions visuelles et les caract\u00e9ristiques externes peuvent \u00eatre \u00e9valu\u00e9es, analys\u00e9es et document\u00e9es de mani\u00e8re reproductible.\" \/>\n<meta property=\"og:url\" content=\"https:\/\/artec-testapparatuur.nl\/fr\/produit\/rugosite-innowep-topographie-3d-optique-portable\/\" \/>\n<meta property=\"og:site_name\" content=\"Artec Testnology\" \/>\n<meta property=\"og:image\" content=\"https:\/\/artec-testapparatuur.nl\/wp-content\/uploads\/2021\/06\/TRACEiT.jpg\" \/>\n\t<meta property=\"og:image:width\" content=\"1000\" \/>\n\t<meta property=\"og:image:height\" content=\"1000\" \/>\n\t<meta property=\"og:image:type\" content=\"image\/jpeg\" \/>\n<meta name=\"twitter:card\" content=\"summary_large_image\" \/>\n<script type=\"application\/ld+json\" class=\"yoast-schema-graph\">{\"@context\":\"https:\/\/schema.org\",\"@graph\":[{\"@type\":\"WebPage\",\"@id\":\"https:\/\/artec-testapparatuur.nl\/fr\/produit\/rugosite-innowep-topographie-3d-optique-portable\/\",\"url\":\"https:\/\/artec-testapparatuur.nl\/fr\/produit\/rugosite-innowep-topographie-3d-optique-portable\/\",\"name\":\"Rugosit\u00e9 Innowep, Topographie 3D, Optique, Portable - Artec Testnology\",\"isPartOf\":{\"@id\":\"https:\/\/artec-testapparatuur.nl\/fr\/#website\"},\"primaryImageOfPage\":{\"@id\":\"https:\/\/artec-testapparatuur.nl\/fr\/produit\/rugosite-innowep-topographie-3d-optique-portable\/#primaryimage\"},\"image\":{\"@id\":\"https:\/\/artec-testapparatuur.nl\/fr\/produit\/rugosite-innowep-topographie-3d-optique-portable\/#primaryimage\"},\"thumbnailUrl\":\"https:\/\/artec-testapparatuur.nl\/wp-content\/uploads\/2021\/06\/TRACEiT.jpg\",\"datePublished\":\"2021-06-22T08:37:49+00:00\",\"breadcrumb\":{\"@id\":\"https:\/\/artec-testapparatuur.nl\/fr\/produit\/rugosite-innowep-topographie-3d-optique-portable\/#breadcrumb\"},\"inLanguage\":\"fr-FR\",\"potentialAction\":[{\"@type\":\"ReadAction\",\"target\":[\"https:\/\/artec-testapparatuur.nl\/fr\/produit\/rugosite-innowep-topographie-3d-optique-portable\/\"]}]},{\"@type\":\"ImageObject\",\"inLanguage\":\"fr-FR\",\"@id\":\"https:\/\/artec-testapparatuur.nl\/fr\/produit\/rugosite-innowep-topographie-3d-optique-portable\/#primaryimage\",\"url\":\"https:\/\/artec-testapparatuur.nl\/wp-content\/uploads\/2021\/06\/TRACEiT.jpg\",\"contentUrl\":\"https:\/\/artec-testapparatuur.nl\/wp-content\/uploads\/2021\/06\/TRACEiT.jpg\",\"width\":1000,\"height\":1000},{\"@type\":\"BreadcrumbList\",\"@id\":\"https:\/\/artec-testapparatuur.nl\/fr\/produit\/rugosite-innowep-topographie-3d-optique-portable\/#breadcrumb\",\"itemListElement\":[{\"@type\":\"ListItem\",\"position\":1,\"name\":\"Home\",\"item\":\"https:\/\/artec-testapparatuur.nl\/fr\/\"},{\"@type\":\"ListItem\",\"position\":2,\"name\":\"Produits\",\"item\":\"https:\/\/artec-testapparatuur.nl\/fr\/shop\/\"},{\"@type\":\"ListItem\",\"position\":3,\"name\":\"Rugosit\u00e9 Innowep, Topographie 3D, Optique, Portable\"}]},{\"@type\":\"WebSite\",\"@id\":\"https:\/\/artec-testapparatuur.nl\/fr\/#website\",\"url\":\"https:\/\/artec-testapparatuur.nl\/fr\/\",\"name\":\"Artec Testnology\",\"description\":\"Your link to quality\",\"potentialAction\":[{\"@type\":\"SearchAction\",\"target\":{\"@type\":\"EntryPoint\",\"urlTemplate\":\"https:\/\/artec-testapparatuur.nl\/fr\/?s={search_term_string}\"},\"query-input\":{\"@type\":\"PropertyValueSpecification\",\"valueRequired\":true,\"valueName\":\"search_term_string\"}}],\"inLanguage\":\"fr-FR\"}]}<\/script>\n<!-- \/ Yoast SEO plugin. -->","yoast_head_json":{"title":"Rugosit\u00e9 Innowep, Topographie 3D, Optique, Portable - Artec Testnology","robots":{"index":"index","follow":"follow","max-snippet":"max-snippet:-1","max-image-preview":"max-image-preview:large","max-video-preview":"max-video-preview:-1"},"canonical":"https:\/\/artec-testapparatuur.nl\/fr\/produit\/rugosite-innowep-topographie-3d-optique-portable\/","og_locale":"fr_FR","og_type":"article","og_title":"Rugosit\u00e9 Innowep, Topographie 3D, Optique, Portable - Artec Testnology","og_description":"Le TRACEiT\u00ae mesure la topographie 3D, les valeurs de rugosit\u00e9, Ra opt, Rq opt, Rz opt et documente les perceptions visuelles telles que vues par l'\u0153il humain. Un syst\u00e8me brevet\u00e9 et portable pour des mesures et des analyses de surfaces sans contact et de haute qualit\u00e9, \u00e0 la fois sur des sites ext\u00e9rieurs et sur la ligne de production. TRACEiT\u00ae est le premier syst\u00e8me sur le march\u00e9, avec lequel les impressions visuelles et les caract\u00e9ristiques externes peuvent \u00eatre \u00e9valu\u00e9es, analys\u00e9es et document\u00e9es de mani\u00e8re reproductible.","og_url":"https:\/\/artec-testapparatuur.nl\/fr\/produit\/rugosite-innowep-topographie-3d-optique-portable\/","og_site_name":"Artec Testnology","og_image":[{"width":1000,"height":1000,"url":"https:\/\/artec-testapparatuur.nl\/wp-content\/uploads\/2021\/06\/TRACEiT.jpg","type":"image\/jpeg"}],"twitter_card":"summary_large_image","schema":{"@context":"https:\/\/schema.org","@graph":[{"@type":"WebPage","@id":"https:\/\/artec-testapparatuur.nl\/fr\/produit\/rugosite-innowep-topographie-3d-optique-portable\/","url":"https:\/\/artec-testapparatuur.nl\/fr\/produit\/rugosite-innowep-topographie-3d-optique-portable\/","name":"Rugosit\u00e9 Innowep, Topographie 3D, Optique, Portable - Artec Testnology","isPartOf":{"@id":"https:\/\/artec-testapparatuur.nl\/fr\/#website"},"primaryImageOfPage":{"@id":"https:\/\/artec-testapparatuur.nl\/fr\/produit\/rugosite-innowep-topographie-3d-optique-portable\/#primaryimage"},"image":{"@id":"https:\/\/artec-testapparatuur.nl\/fr\/produit\/rugosite-innowep-topographie-3d-optique-portable\/#primaryimage"},"thumbnailUrl":"https:\/\/artec-testapparatuur.nl\/wp-content\/uploads\/2021\/06\/TRACEiT.jpg","datePublished":"2021-06-22T08:37:49+00:00","breadcrumb":{"@id":"https:\/\/artec-testapparatuur.nl\/fr\/produit\/rugosite-innowep-topographie-3d-optique-portable\/#breadcrumb"},"inLanguage":"fr-FR","potentialAction":[{"@type":"ReadAction","target":["https:\/\/artec-testapparatuur.nl\/fr\/produit\/rugosite-innowep-topographie-3d-optique-portable\/"]}]},{"@type":"ImageObject","inLanguage":"fr-FR","@id":"https:\/\/artec-testapparatuur.nl\/fr\/produit\/rugosite-innowep-topographie-3d-optique-portable\/#primaryimage","url":"https:\/\/artec-testapparatuur.nl\/wp-content\/uploads\/2021\/06\/TRACEiT.jpg","contentUrl":"https:\/\/artec-testapparatuur.nl\/wp-content\/uploads\/2021\/06\/TRACEiT.jpg","width":1000,"height":1000},{"@type":"BreadcrumbList","@id":"https:\/\/artec-testapparatuur.nl\/fr\/produit\/rugosite-innowep-topographie-3d-optique-portable\/#breadcrumb","itemListElement":[{"@type":"ListItem","position":1,"name":"Home","item":"https:\/\/artec-testapparatuur.nl\/fr\/"},{"@type":"ListItem","position":2,"name":"Produits","item":"https:\/\/artec-testapparatuur.nl\/fr\/shop\/"},{"@type":"ListItem","position":3,"name":"Rugosit\u00e9 Innowep, Topographie 3D, Optique, Portable"}]},{"@type":"WebSite","@id":"https:\/\/artec-testapparatuur.nl\/fr\/#website","url":"https:\/\/artec-testapparatuur.nl\/fr\/","name":"Artec Testnology","description":"Your link to quality","potentialAction":[{"@type":"SearchAction","target":{"@type":"EntryPoint","urlTemplate":"https:\/\/artec-testapparatuur.nl\/fr\/?s={search_term_string}"},"query-input":{"@type":"PropertyValueSpecification","valueRequired":true,"valueName":"search_term_string"}}],"inLanguage":"fr-FR"}]}},"_links":{"self":[{"href":"https:\/\/artec-testapparatuur.nl\/fr\/wp-json\/wp\/v2\/product\/1716","targetHints":{"allow":["GET"]}}],"collection":[{"href":"https:\/\/artec-testapparatuur.nl\/fr\/wp-json\/wp\/v2\/product"}],"about":[{"href":"https:\/\/artec-testapparatuur.nl\/fr\/wp-json\/wp\/v2\/types\/product"}],"wp:featuredmedia":[{"embeddable":true,"href":"https:\/\/artec-testapparatuur.nl\/fr\/wp-json\/wp\/v2\/media\/1570"}],"wp:attachment":[{"href":"https:\/\/artec-testapparatuur.nl\/fr\/wp-json\/wp\/v2\/media?parent=1716"}],"wp:term":[{"taxonomy":"product_brand","embeddable":true,"href":"https:\/\/artec-testapparatuur.nl\/fr\/wp-json\/wp\/v2\/product_brand?post=1716"},{"taxonomy":"product_cat","embeddable":true,"href":"https:\/\/artec-testapparatuur.nl\/fr\/wp-json\/wp\/v2\/product_cat?post=1716"},{"taxonomy":"product_tag","embeddable":true,"href":"https:\/\/artec-testapparatuur.nl\/fr\/wp-json\/wp\/v2\/product_tag?post=1716"}],"curies":[{"name":"wp","href":"https:\/\/api.w.org\/{rel}","templated":true}]}}