{"id":1712,"date":"2021-06-22T13:06:20","date_gmt":"2021-06-22T11:06:20","guid":{"rendered":"https:\/\/artec.kopdigitaal-dev.nl\/product\/boite-a-lumiere-led-verivide-cac-led-120\/"},"modified":"2021-06-22T13:06:20","modified_gmt":"2021-06-22T11:06:20","slug":"boite-a-lumiere-led-verivide-cac-led-120","status":"publish","type":"product","link":"https:\/\/artec-testapparatuur.nl\/fr\/produit\/boite-a-lumiere-led-verivide-cac-led-120\/","title":{"rendered":"Bo\u00eete \u00e0 lumi\u00e8re LED Verivide, CAC-LED 120"},"content":{"rendered":"<p>Le caisson lumineux CAC-LED 120 est le plus petit mod\u00e8le de cette s\u00e9rie de VeriVide. Equip\u00e9 d&rsquo;un \u00e9clairage LED. En plus de la lumi\u00e8re du jour, vous avez le choix entre 3 ou 4 autres sources lumineuses. Un environnement d&rsquo;\u00e9clairage standard est essentiel pour une \u00e9valuation et un contr\u00f4le optimaux des couleurs des mat\u00e9riaux et des produits. Cette bo\u00eete \u00e0 lumi\u00e8re VeriVide r\u00e9pond \u00e9galement aux directives pour l&rsquo;\u00e9quipement d&rsquo;\u00e9valuation de la couleur et du produit, pour l&rsquo;uniformit\u00e9, la solidit\u00e9 des couleurs, le m\u00e9tam\u00e9risme et les r\u00e9sultats des tests. Toutes les sources lumineuses ont un indice de rendu des couleurs \u00ab CRI \u00bb tr\u00e8s \u00e9lev\u00e9.<\/p>\n","protected":false},"excerpt":{"rendered":"<p>Le caisson lumineux CAC-LED 120 est le plus petit mod\u00e8le de cette s\u00e9rie de VeriVide. Equip\u00e9 d&rsquo;un \u00e9clairage LED. En plus de la lumi\u00e8re du jour, vous avez le choix entre 3 ou 4 autres sources lumineuses. Un environnement d&rsquo;\u00e9clairage standard est essentiel pour une \u00e9valuation et un contr\u00f4le optimaux des couleurs des mat\u00e9riaux et des produits. Cette bo\u00eete \u00e0 lumi\u00e8re VeriVide r\u00e9pond \u00e9galement aux directives pour l&rsquo;\u00e9quipement d&rsquo;\u00e9valuation de la couleur et du produit, pour l&rsquo;uniformit\u00e9, la solidit\u00e9 des couleurs, le m\u00e9tam\u00e9risme et les r\u00e9sultats des tests. Toutes les sources lumineuses ont un indice de rendu des couleurs \u00ab CRI \u00bb tr\u00e8s \u00e9lev\u00e9.<\/p>\n","protected":false},"featured_media":1584,"template":"","meta":[],"product_brand":[],"product_cat":[191,163],"product_tag":[],"class_list":{"0":"post-1712","1":"product","2":"type-product","3":"status-publish","4":"has-post-thumbnail","6":"product_cat-cabines-lumiere-verivide","7":"product_cat-evaluation-de-la-couleur","8":"pa_materiaal-tous-les-materiaux","9":"pa_materiaal-tous-les-produits","10":"pa_merk-verivide-fr","11":"pa_norm-aatcc-method-124-fr","12":"pa_norm-aatcc-method-128-fr","13":"pa_norm-aatcc-method-143-fr","14":"pa_norm-aatcc-method-178-fr","15":"pa_norm-aatcc-method-88b-fr","16":"pa_norm-aatcc-method-88c-fr","17":"pa_norm-aatcc-method-93-fr","18":"pa_norm-astm-d1175-fr","19":"pa_norm-bs-950-deel-1-2-fr","20":"pa_norm-en-iso-12945-deel-1-2-3-fr","21":"pa_norm-en-iso-bs-105-fr","22":"pa_norm-iso-3664-fr","23":"pa_toepassing-evaluation-des-couleurs","24":"pa_toepassing-la-qualite-des-produits","25":"pa_toepassing-qualite-des-couleurs","27":"first","28":"instock","29":"shipping-taxable","30":"purchasable","31":"product-type-simple"},"acf":[],"yoast_head":"<!-- This site is optimized with the Yoast SEO plugin v26.9 - https:\/\/yoast.com\/product\/yoast-seo-wordpress\/ -->\n<title>Bo\u00eete \u00e0 lumi\u00e8re LED Verivide, CAC-LED 120 - Artec Testnology<\/title>\n<meta name=\"robots\" content=\"index, follow, max-snippet:-1, max-image-preview:large, max-video-preview:-1\" \/>\n<link rel=\"canonical\" href=\"https:\/\/artec-testapparatuur.nl\/fr\/produit\/boite-a-lumiere-led-verivide-cac-led-120\/\" \/>\n<meta property=\"og:locale\" content=\"fr_FR\" \/>\n<meta property=\"og:type\" content=\"article\" \/>\n<meta property=\"og:title\" content=\"Bo\u00eete \u00e0 lumi\u00e8re LED Verivide, CAC-LED 120 - Artec Testnology\" \/>\n<meta property=\"og:description\" content=\"Le caisson lumineux CAC-LED 120 est le plus petit mod\u00e8le de cette s\u00e9rie de VeriVide. Equip\u00e9 d&#039;un \u00e9clairage LED. En plus de la lumi\u00e8re du jour, vous avez le choix entre 3 ou 4 autres sources lumineuses. Un environnement d&#039;\u00e9clairage standard est essentiel pour une \u00e9valuation et un contr\u00f4le optimaux des couleurs des mat\u00e9riaux et des produits. Cette bo\u00eete \u00e0 lumi\u00e8re VeriVide r\u00e9pond \u00e9galement aux directives pour l&#039;\u00e9quipement d&#039;\u00e9valuation de la couleur et du produit, pour l&#039;uniformit\u00e9, la solidit\u00e9 des couleurs, le m\u00e9tam\u00e9risme et les r\u00e9sultats des tests. Toutes les sources lumineuses ont un indice de rendu des couleurs \u00ab CRI \u00bb tr\u00e8s \u00e9lev\u00e9.\" \/>\n<meta property=\"og:url\" content=\"https:\/\/artec-testapparatuur.nl\/fr\/produit\/boite-a-lumiere-led-verivide-cac-led-120\/\" \/>\n<meta property=\"og:site_name\" content=\"Artec Testnology\" \/>\n<meta property=\"og:image\" content=\"https:\/\/artec-testapparatuur.nl\/wp-content\/uploads\/2021\/06\/Verivide-LED-Lichtkast-CAC-LED-120.jpg\" \/>\n\t<meta property=\"og:image:width\" content=\"1000\" \/>\n\t<meta property=\"og:image:height\" content=\"1000\" \/>\n\t<meta property=\"og:image:type\" content=\"image\/jpeg\" \/>\n<meta name=\"twitter:card\" content=\"summary_large_image\" \/>\n<meta name=\"twitter:label1\" content=\"Dur\u00e9e de lecture estim\u00e9e\" \/>\n\t<meta name=\"twitter:data1\" content=\"1 minute\" \/>\n<script type=\"application\/ld+json\" class=\"yoast-schema-graph\">{\"@context\":\"https:\/\/schema.org\",\"@graph\":[{\"@type\":\"WebPage\",\"@id\":\"https:\/\/artec-testapparatuur.nl\/fr\/produit\/boite-a-lumiere-led-verivide-cac-led-120\/\",\"url\":\"https:\/\/artec-testapparatuur.nl\/fr\/produit\/boite-a-lumiere-led-verivide-cac-led-120\/\",\"name\":\"Bo\u00eete \u00e0 lumi\u00e8re LED Verivide, CAC-LED 120 - Artec Testnology\",\"isPartOf\":{\"@id\":\"https:\/\/artec-testapparatuur.nl\/fr\/#website\"},\"primaryImageOfPage\":{\"@id\":\"https:\/\/artec-testapparatuur.nl\/fr\/produit\/boite-a-lumiere-led-verivide-cac-led-120\/#primaryimage\"},\"image\":{\"@id\":\"https:\/\/artec-testapparatuur.nl\/fr\/produit\/boite-a-lumiere-led-verivide-cac-led-120\/#primaryimage\"},\"thumbnailUrl\":\"https:\/\/artec-testapparatuur.nl\/wp-content\/uploads\/2021\/06\/Verivide-LED-Lichtkast-CAC-LED-120.jpg\",\"datePublished\":\"2021-06-22T11:06:20+00:00\",\"breadcrumb\":{\"@id\":\"https:\/\/artec-testapparatuur.nl\/fr\/produit\/boite-a-lumiere-led-verivide-cac-led-120\/#breadcrumb\"},\"inLanguage\":\"fr-FR\",\"potentialAction\":[{\"@type\":\"ReadAction\",\"target\":[\"https:\/\/artec-testapparatuur.nl\/fr\/produit\/boite-a-lumiere-led-verivide-cac-led-120\/\"]}]},{\"@type\":\"ImageObject\",\"inLanguage\":\"fr-FR\",\"@id\":\"https:\/\/artec-testapparatuur.nl\/fr\/produit\/boite-a-lumiere-led-verivide-cac-led-120\/#primaryimage\",\"url\":\"https:\/\/artec-testapparatuur.nl\/wp-content\/uploads\/2021\/06\/Verivide-LED-Lichtkast-CAC-LED-120.jpg\",\"contentUrl\":\"https:\/\/artec-testapparatuur.nl\/wp-content\/uploads\/2021\/06\/Verivide-LED-Lichtkast-CAC-LED-120.jpg\",\"width\":1000,\"height\":1000},{\"@type\":\"BreadcrumbList\",\"@id\":\"https:\/\/artec-testapparatuur.nl\/fr\/produit\/boite-a-lumiere-led-verivide-cac-led-120\/#breadcrumb\",\"itemListElement\":[{\"@type\":\"ListItem\",\"position\":1,\"name\":\"Home\",\"item\":\"https:\/\/artec-testapparatuur.nl\/fr\/\"},{\"@type\":\"ListItem\",\"position\":2,\"name\":\"Produits\",\"item\":\"https:\/\/artec-testapparatuur.nl\/fr\/shop\/\"},{\"@type\":\"ListItem\",\"position\":3,\"name\":\"Bo\u00eete \u00e0 lumi\u00e8re LED Verivide, CAC-LED 120\"}]},{\"@type\":\"WebSite\",\"@id\":\"https:\/\/artec-testapparatuur.nl\/fr\/#website\",\"url\":\"https:\/\/artec-testapparatuur.nl\/fr\/\",\"name\":\"Artec Testnology\",\"description\":\"Your link to quality\",\"potentialAction\":[{\"@type\":\"SearchAction\",\"target\":{\"@type\":\"EntryPoint\",\"urlTemplate\":\"https:\/\/artec-testapparatuur.nl\/fr\/?s={search_term_string}\"},\"query-input\":{\"@type\":\"PropertyValueSpecification\",\"valueRequired\":true,\"valueName\":\"search_term_string\"}}],\"inLanguage\":\"fr-FR\"}]}<\/script>\n<!-- \/ Yoast SEO plugin. -->","yoast_head_json":{"title":"Bo\u00eete \u00e0 lumi\u00e8re LED Verivide, CAC-LED 120 - Artec Testnology","robots":{"index":"index","follow":"follow","max-snippet":"max-snippet:-1","max-image-preview":"max-image-preview:large","max-video-preview":"max-video-preview:-1"},"canonical":"https:\/\/artec-testapparatuur.nl\/fr\/produit\/boite-a-lumiere-led-verivide-cac-led-120\/","og_locale":"fr_FR","og_type":"article","og_title":"Bo\u00eete \u00e0 lumi\u00e8re LED Verivide, CAC-LED 120 - Artec Testnology","og_description":"Le caisson lumineux CAC-LED 120 est le plus petit mod\u00e8le de cette s\u00e9rie de VeriVide. Equip\u00e9 d'un \u00e9clairage LED. En plus de la lumi\u00e8re du jour, vous avez le choix entre 3 ou 4 autres sources lumineuses. Un environnement d'\u00e9clairage standard est essentiel pour une \u00e9valuation et un contr\u00f4le optimaux des couleurs des mat\u00e9riaux et des produits. Cette bo\u00eete \u00e0 lumi\u00e8re VeriVide r\u00e9pond \u00e9galement aux directives pour l'\u00e9quipement d'\u00e9valuation de la couleur et du produit, pour l'uniformit\u00e9, la solidit\u00e9 des couleurs, le m\u00e9tam\u00e9risme et les r\u00e9sultats des tests. Toutes les sources lumineuses ont un indice de rendu des couleurs \u00ab CRI \u00bb tr\u00e8s \u00e9lev\u00e9.","og_url":"https:\/\/artec-testapparatuur.nl\/fr\/produit\/boite-a-lumiere-led-verivide-cac-led-120\/","og_site_name":"Artec Testnology","og_image":[{"width":1000,"height":1000,"url":"https:\/\/artec-testapparatuur.nl\/wp-content\/uploads\/2021\/06\/Verivide-LED-Lichtkast-CAC-LED-120.jpg","type":"image\/jpeg"}],"twitter_card":"summary_large_image","twitter_misc":{"Dur\u00e9e de lecture estim\u00e9e":"1 minute"},"schema":{"@context":"https:\/\/schema.org","@graph":[{"@type":"WebPage","@id":"https:\/\/artec-testapparatuur.nl\/fr\/produit\/boite-a-lumiere-led-verivide-cac-led-120\/","url":"https:\/\/artec-testapparatuur.nl\/fr\/produit\/boite-a-lumiere-led-verivide-cac-led-120\/","name":"Bo\u00eete \u00e0 lumi\u00e8re LED Verivide, CAC-LED 120 - Artec Testnology","isPartOf":{"@id":"https:\/\/artec-testapparatuur.nl\/fr\/#website"},"primaryImageOfPage":{"@id":"https:\/\/artec-testapparatuur.nl\/fr\/produit\/boite-a-lumiere-led-verivide-cac-led-120\/#primaryimage"},"image":{"@id":"https:\/\/artec-testapparatuur.nl\/fr\/produit\/boite-a-lumiere-led-verivide-cac-led-120\/#primaryimage"},"thumbnailUrl":"https:\/\/artec-testapparatuur.nl\/wp-content\/uploads\/2021\/06\/Verivide-LED-Lichtkast-CAC-LED-120.jpg","datePublished":"2021-06-22T11:06:20+00:00","breadcrumb":{"@id":"https:\/\/artec-testapparatuur.nl\/fr\/produit\/boite-a-lumiere-led-verivide-cac-led-120\/#breadcrumb"},"inLanguage":"fr-FR","potentialAction":[{"@type":"ReadAction","target":["https:\/\/artec-testapparatuur.nl\/fr\/produit\/boite-a-lumiere-led-verivide-cac-led-120\/"]}]},{"@type":"ImageObject","inLanguage":"fr-FR","@id":"https:\/\/artec-testapparatuur.nl\/fr\/produit\/boite-a-lumiere-led-verivide-cac-led-120\/#primaryimage","url":"https:\/\/artec-testapparatuur.nl\/wp-content\/uploads\/2021\/06\/Verivide-LED-Lichtkast-CAC-LED-120.jpg","contentUrl":"https:\/\/artec-testapparatuur.nl\/wp-content\/uploads\/2021\/06\/Verivide-LED-Lichtkast-CAC-LED-120.jpg","width":1000,"height":1000},{"@type":"BreadcrumbList","@id":"https:\/\/artec-testapparatuur.nl\/fr\/produit\/boite-a-lumiere-led-verivide-cac-led-120\/#breadcrumb","itemListElement":[{"@type":"ListItem","position":1,"name":"Home","item":"https:\/\/artec-testapparatuur.nl\/fr\/"},{"@type":"ListItem","position":2,"name":"Produits","item":"https:\/\/artec-testapparatuur.nl\/fr\/shop\/"},{"@type":"ListItem","position":3,"name":"Bo\u00eete \u00e0 lumi\u00e8re LED Verivide, CAC-LED 120"}]},{"@type":"WebSite","@id":"https:\/\/artec-testapparatuur.nl\/fr\/#website","url":"https:\/\/artec-testapparatuur.nl\/fr\/","name":"Artec Testnology","description":"Your link to quality","potentialAction":[{"@type":"SearchAction","target":{"@type":"EntryPoint","urlTemplate":"https:\/\/artec-testapparatuur.nl\/fr\/?s={search_term_string}"},"query-input":{"@type":"PropertyValueSpecification","valueRequired":true,"valueName":"search_term_string"}}],"inLanguage":"fr-FR"}]}},"_links":{"self":[{"href":"https:\/\/artec-testapparatuur.nl\/fr\/wp-json\/wp\/v2\/product\/1712","targetHints":{"allow":["GET"]}}],"collection":[{"href":"https:\/\/artec-testapparatuur.nl\/fr\/wp-json\/wp\/v2\/product"}],"about":[{"href":"https:\/\/artec-testapparatuur.nl\/fr\/wp-json\/wp\/v2\/types\/product"}],"wp:featuredmedia":[{"embeddable":true,"href":"https:\/\/artec-testapparatuur.nl\/fr\/wp-json\/wp\/v2\/media\/1584"}],"wp:attachment":[{"href":"https:\/\/artec-testapparatuur.nl\/fr\/wp-json\/wp\/v2\/media?parent=1712"}],"wp:term":[{"taxonomy":"product_brand","embeddable":true,"href":"https:\/\/artec-testapparatuur.nl\/fr\/wp-json\/wp\/v2\/product_brand?post=1712"},{"taxonomy":"product_cat","embeddable":true,"href":"https:\/\/artec-testapparatuur.nl\/fr\/wp-json\/wp\/v2\/product_cat?post=1712"},{"taxonomy":"product_tag","embeddable":true,"href":"https:\/\/artec-testapparatuur.nl\/fr\/wp-json\/wp\/v2\/product_tag?post=1712"}],"curies":[{"name":"wp","href":"https:\/\/api.w.org\/{rel}","templated":true}]}}