{"id":1701,"date":"2021-07-21T10:58:40","date_gmt":"2021-07-21T08:58:40","guid":{"rendered":"https:\/\/artec.kopdigitaal-dev.nl\/product\/grands-poeles-genlab-lco\/"},"modified":"2021-07-21T10:58:40","modified_gmt":"2021-07-21T08:58:40","slug":"grands-poeles-genlab-lco","status":"publish","type":"product","link":"https:\/\/artec-testapparatuur.nl\/fr\/produit\/grands-poeles-genlab-lco\/","title":{"rendered":"Grands po\u00eales Genlab, LCO"},"content":{"rendered":"<p>Les po\u00eales \u00e0 grand volume GENLAB sont \u00e9conomiques, contr\u00f4lables avec pr\u00e9cision et polyvalents. Con\u00e7u pour le s\u00e9chage, le durcissement et les tests plus g\u00e9n\u00e9raux de et sur de grands volumes d&rsquo;\u00e9chantillons en laboratoire et en environnement industriel.<\/p>\n","protected":false},"excerpt":{"rendered":"<p>Les po\u00eales \u00e0 grand volume GENLAB sont \u00e9conomiques, contr\u00f4lables avec pr\u00e9cision et polyvalents. Con\u00e7u pour le s\u00e9chage, le durcissement et les tests plus g\u00e9n\u00e9raux de et sur de grands volumes d&rsquo;\u00e9chantillons en laboratoire et en environnement industriel.<\/p>\n","protected":false},"featured_media":2853,"template":"","meta":[],"product_brand":[],"product_cat":[160],"product_tag":[],"class_list":{"0":"post-1701","1":"product","2":"type-product","3":"status-publish","4":"has-post-thumbnail","6":"product_cat-ragouts-et-incubateurs","7":"pa_materiaal-tous-les-materiaux","8":"pa_materiaal-tous-les-produits","9":"pa_merk-genlab-fr","10":"pa_toepassing-chauffage-et-sechage","11":"pa_toepassing-secher","13":"first","14":"instock","15":"shipping-taxable","16":"purchasable","17":"product-type-simple"},"acf":[],"yoast_head":"<!-- This site is optimized with the Yoast SEO plugin v26.9 - https:\/\/yoast.com\/product\/yoast-seo-wordpress\/ -->\n<title>Grands po\u00eales Genlab, LCO - Artec Testnology<\/title>\n<meta name=\"robots\" content=\"index, follow, max-snippet:-1, max-image-preview:large, max-video-preview:-1\" \/>\n<link rel=\"canonical\" href=\"https:\/\/artec-testapparatuur.nl\/fr\/produit\/grands-poeles-genlab-lco\/\" \/>\n<meta property=\"og:locale\" content=\"fr_FR\" \/>\n<meta property=\"og:type\" content=\"article\" \/>\n<meta property=\"og:title\" content=\"Grands po\u00eales Genlab, LCO - Artec Testnology\" \/>\n<meta property=\"og:description\" content=\"Les po\u00eales \u00e0 grand volume GENLAB sont \u00e9conomiques, contr\u00f4lables avec pr\u00e9cision et polyvalents. Con\u00e7u pour le s\u00e9chage, le durcissement et les tests plus g\u00e9n\u00e9raux de et sur de grands volumes d&#039;\u00e9chantillons en laboratoire et en environnement industriel.\" \/>\n<meta property=\"og:url\" content=\"https:\/\/artec-testapparatuur.nl\/fr\/produit\/grands-poeles-genlab-lco\/\" \/>\n<meta property=\"og:site_name\" content=\"Artec Testnology\" \/>\n<meta property=\"og:image\" content=\"https:\/\/artec-testapparatuur.nl\/wp-content\/uploads\/2021\/07\/6255655.png\" \/>\n\t<meta property=\"og:image:width\" content=\"1000\" \/>\n\t<meta property=\"og:image:height\" content=\"1000\" \/>\n\t<meta property=\"og:image:type\" content=\"image\/png\" \/>\n<meta name=\"twitter:card\" content=\"summary_large_image\" \/>\n<script type=\"application\/ld+json\" class=\"yoast-schema-graph\">{\"@context\":\"https:\/\/schema.org\",\"@graph\":[{\"@type\":\"WebPage\",\"@id\":\"https:\/\/artec-testapparatuur.nl\/fr\/produit\/grands-poeles-genlab-lco\/\",\"url\":\"https:\/\/artec-testapparatuur.nl\/fr\/produit\/grands-poeles-genlab-lco\/\",\"name\":\"Grands po\u00eales Genlab, LCO - Artec Testnology\",\"isPartOf\":{\"@id\":\"https:\/\/artec-testapparatuur.nl\/fr\/#website\"},\"primaryImageOfPage\":{\"@id\":\"https:\/\/artec-testapparatuur.nl\/fr\/produit\/grands-poeles-genlab-lco\/#primaryimage\"},\"image\":{\"@id\":\"https:\/\/artec-testapparatuur.nl\/fr\/produit\/grands-poeles-genlab-lco\/#primaryimage\"},\"thumbnailUrl\":\"https:\/\/artec-testapparatuur.nl\/wp-content\/uploads\/2021\/07\/6255655.png\",\"datePublished\":\"2021-07-21T08:58:40+00:00\",\"breadcrumb\":{\"@id\":\"https:\/\/artec-testapparatuur.nl\/fr\/produit\/grands-poeles-genlab-lco\/#breadcrumb\"},\"inLanguage\":\"fr-FR\",\"potentialAction\":[{\"@type\":\"ReadAction\",\"target\":[\"https:\/\/artec-testapparatuur.nl\/fr\/produit\/grands-poeles-genlab-lco\/\"]}]},{\"@type\":\"ImageObject\",\"inLanguage\":\"fr-FR\",\"@id\":\"https:\/\/artec-testapparatuur.nl\/fr\/produit\/grands-poeles-genlab-lco\/#primaryimage\",\"url\":\"https:\/\/artec-testapparatuur.nl\/wp-content\/uploads\/2021\/07\/6255655.png\",\"contentUrl\":\"https:\/\/artec-testapparatuur.nl\/wp-content\/uploads\/2021\/07\/6255655.png\",\"width\":1000,\"height\":1000},{\"@type\":\"BreadcrumbList\",\"@id\":\"https:\/\/artec-testapparatuur.nl\/fr\/produit\/grands-poeles-genlab-lco\/#breadcrumb\",\"itemListElement\":[{\"@type\":\"ListItem\",\"position\":1,\"name\":\"Home\",\"item\":\"https:\/\/artec-testapparatuur.nl\/fr\/\"},{\"@type\":\"ListItem\",\"position\":2,\"name\":\"Produits\",\"item\":\"https:\/\/artec-testapparatuur.nl\/fr\/shop\/\"},{\"@type\":\"ListItem\",\"position\":3,\"name\":\"Grands po\u00eales Genlab, LCO\"}]},{\"@type\":\"WebSite\",\"@id\":\"https:\/\/artec-testapparatuur.nl\/fr\/#website\",\"url\":\"https:\/\/artec-testapparatuur.nl\/fr\/\",\"name\":\"Artec Testnology\",\"description\":\"Your link to quality\",\"potentialAction\":[{\"@type\":\"SearchAction\",\"target\":{\"@type\":\"EntryPoint\",\"urlTemplate\":\"https:\/\/artec-testapparatuur.nl\/fr\/?s={search_term_string}\"},\"query-input\":{\"@type\":\"PropertyValueSpecification\",\"valueRequired\":true,\"valueName\":\"search_term_string\"}}],\"inLanguage\":\"fr-FR\"}]}<\/script>\n<!-- \/ Yoast SEO plugin. -->","yoast_head_json":{"title":"Grands po\u00eales Genlab, LCO - Artec Testnology","robots":{"index":"index","follow":"follow","max-snippet":"max-snippet:-1","max-image-preview":"max-image-preview:large","max-video-preview":"max-video-preview:-1"},"canonical":"https:\/\/artec-testapparatuur.nl\/fr\/produit\/grands-poeles-genlab-lco\/","og_locale":"fr_FR","og_type":"article","og_title":"Grands po\u00eales Genlab, LCO - Artec Testnology","og_description":"Les po\u00eales \u00e0 grand volume GENLAB sont \u00e9conomiques, contr\u00f4lables avec pr\u00e9cision et polyvalents. Con\u00e7u pour le s\u00e9chage, le durcissement et les tests plus g\u00e9n\u00e9raux de et sur de grands volumes d'\u00e9chantillons en laboratoire et en environnement industriel.","og_url":"https:\/\/artec-testapparatuur.nl\/fr\/produit\/grands-poeles-genlab-lco\/","og_site_name":"Artec Testnology","og_image":[{"width":1000,"height":1000,"url":"https:\/\/artec-testapparatuur.nl\/wp-content\/uploads\/2021\/07\/6255655.png","type":"image\/png"}],"twitter_card":"summary_large_image","schema":{"@context":"https:\/\/schema.org","@graph":[{"@type":"WebPage","@id":"https:\/\/artec-testapparatuur.nl\/fr\/produit\/grands-poeles-genlab-lco\/","url":"https:\/\/artec-testapparatuur.nl\/fr\/produit\/grands-poeles-genlab-lco\/","name":"Grands po\u00eales Genlab, LCO - Artec Testnology","isPartOf":{"@id":"https:\/\/artec-testapparatuur.nl\/fr\/#website"},"primaryImageOfPage":{"@id":"https:\/\/artec-testapparatuur.nl\/fr\/produit\/grands-poeles-genlab-lco\/#primaryimage"},"image":{"@id":"https:\/\/artec-testapparatuur.nl\/fr\/produit\/grands-poeles-genlab-lco\/#primaryimage"},"thumbnailUrl":"https:\/\/artec-testapparatuur.nl\/wp-content\/uploads\/2021\/07\/6255655.png","datePublished":"2021-07-21T08:58:40+00:00","breadcrumb":{"@id":"https:\/\/artec-testapparatuur.nl\/fr\/produit\/grands-poeles-genlab-lco\/#breadcrumb"},"inLanguage":"fr-FR","potentialAction":[{"@type":"ReadAction","target":["https:\/\/artec-testapparatuur.nl\/fr\/produit\/grands-poeles-genlab-lco\/"]}]},{"@type":"ImageObject","inLanguage":"fr-FR","@id":"https:\/\/artec-testapparatuur.nl\/fr\/produit\/grands-poeles-genlab-lco\/#primaryimage","url":"https:\/\/artec-testapparatuur.nl\/wp-content\/uploads\/2021\/07\/6255655.png","contentUrl":"https:\/\/artec-testapparatuur.nl\/wp-content\/uploads\/2021\/07\/6255655.png","width":1000,"height":1000},{"@type":"BreadcrumbList","@id":"https:\/\/artec-testapparatuur.nl\/fr\/produit\/grands-poeles-genlab-lco\/#breadcrumb","itemListElement":[{"@type":"ListItem","position":1,"name":"Home","item":"https:\/\/artec-testapparatuur.nl\/fr\/"},{"@type":"ListItem","position":2,"name":"Produits","item":"https:\/\/artec-testapparatuur.nl\/fr\/shop\/"},{"@type":"ListItem","position":3,"name":"Grands po\u00eales Genlab, LCO"}]},{"@type":"WebSite","@id":"https:\/\/artec-testapparatuur.nl\/fr\/#website","url":"https:\/\/artec-testapparatuur.nl\/fr\/","name":"Artec Testnology","description":"Your link to quality","potentialAction":[{"@type":"SearchAction","target":{"@type":"EntryPoint","urlTemplate":"https:\/\/artec-testapparatuur.nl\/fr\/?s={search_term_string}"},"query-input":{"@type":"PropertyValueSpecification","valueRequired":true,"valueName":"search_term_string"}}],"inLanguage":"fr-FR"}]}},"_links":{"self":[{"href":"https:\/\/artec-testapparatuur.nl\/fr\/wp-json\/wp\/v2\/product\/1701","targetHints":{"allow":["GET"]}}],"collection":[{"href":"https:\/\/artec-testapparatuur.nl\/fr\/wp-json\/wp\/v2\/product"}],"about":[{"href":"https:\/\/artec-testapparatuur.nl\/fr\/wp-json\/wp\/v2\/types\/product"}],"wp:featuredmedia":[{"embeddable":true,"href":"https:\/\/artec-testapparatuur.nl\/fr\/wp-json\/wp\/v2\/media\/2853"}],"wp:attachment":[{"href":"https:\/\/artec-testapparatuur.nl\/fr\/wp-json\/wp\/v2\/media?parent=1701"}],"wp:term":[{"taxonomy":"product_brand","embeddable":true,"href":"https:\/\/artec-testapparatuur.nl\/fr\/wp-json\/wp\/v2\/product_brand?post=1701"},{"taxonomy":"product_cat","embeddable":true,"href":"https:\/\/artec-testapparatuur.nl\/fr\/wp-json\/wp\/v2\/product_cat?post=1701"},{"taxonomy":"product_tag","embeddable":true,"href":"https:\/\/artec-testapparatuur.nl\/fr\/wp-json\/wp\/v2\/product_tag?post=1701"}],"curies":[{"name":"wp","href":"https:\/\/api.w.org\/{rel}","templated":true}]}}