{"id":1694,"date":"2021-07-21T11:06:12","date_gmt":"2021-07-21T09:06:12","guid":{"rendered":"https:\/\/artec.kopdigitaal-dev.nl\/product\/combinaison-four-incubateur-genlab-dual\/"},"modified":"2021-07-21T11:06:12","modified_gmt":"2021-07-21T09:06:12","slug":"combinaison-four-incubateur-genlab-dual","status":"publish","type":"product","link":"https:\/\/artec-testapparatuur.nl\/fr\/produit\/combinaison-four-incubateur-genlab-dual\/","title":{"rendered":"Combinaison four-incubateur Genlab, DUAL"},"content":{"rendered":"<p>L&rsquo;incubateur GENLAB et les combinaisons d&rsquo;incubateur peuvent \u00eatre r\u00e9gl\u00e9s sur la plage de temp\u00e9rature souhait\u00e9e au moyen d&rsquo;un interrupteur haut\/bas.<br \/>\nPlage de temp\u00e9rature jusqu&rsquo;\u00e0 250\u00b0C pour une utilisation comme \u00e9tuve ou st\u00e9rilisateur, et jusqu&rsquo;\u00e0 100\u00b0C pour une utilisation comme incubateur.<\/p>\n","protected":false},"excerpt":{"rendered":"<p>L&rsquo;incubateur GENLAB et les combinaisons d&rsquo;incubateur peuvent \u00eatre r\u00e9gl\u00e9s sur la plage de temp\u00e9rature souhait\u00e9e au moyen d&rsquo;un interrupteur haut\/bas.<br \/>\nPlage de temp\u00e9rature jusqu&rsquo;\u00e0 250\u00b0C pour une utilisation comme \u00e9tuve ou st\u00e9rilisateur, et jusqu&rsquo;\u00e0 100\u00b0C pour une utilisation comme incubateur.<\/p>\n","protected":false},"featured_media":2880,"template":"","meta":[],"product_brand":[],"product_cat":[160],"product_tag":[],"class_list":{"0":"post-1694","1":"product","2":"type-product","3":"status-publish","4":"has-post-thumbnail","6":"product_cat-ragouts-et-incubateurs","7":"pa_materiaal-tous-les-materiaux","8":"pa_materiaal-tous-les-produits","9":"pa_merk-genlab-fr","10":"pa_toepassing-analyse-fr","11":"pa_toepassing-chauffage-et-sechage","12":"pa_toepassing-secher","14":"first","15":"instock","16":"shipping-taxable","17":"purchasable","18":"product-type-simple"},"acf":[],"yoast_head":"<!-- This site is optimized with the Yoast SEO plugin v26.9 - https:\/\/yoast.com\/product\/yoast-seo-wordpress\/ -->\n<title>Combinaison four-incubateur Genlab, DUAL - Artec Testnology<\/title>\n<meta name=\"robots\" content=\"index, follow, max-snippet:-1, max-image-preview:large, max-video-preview:-1\" \/>\n<link rel=\"canonical\" href=\"https:\/\/artec-testapparatuur.nl\/fr\/produit\/combinaison-four-incubateur-genlab-dual\/\" \/>\n<meta property=\"og:locale\" content=\"fr_FR\" \/>\n<meta property=\"og:type\" content=\"article\" \/>\n<meta property=\"og:title\" content=\"Combinaison four-incubateur Genlab, DUAL - Artec Testnology\" \/>\n<meta property=\"og:description\" content=\"L&#039;incubateur GENLAB et les combinaisons d&#039;incubateur peuvent \u00eatre r\u00e9gl\u00e9s sur la plage de temp\u00e9rature souhait\u00e9e au moyen d&#039;un interrupteur haut\/bas. Plage de temp\u00e9rature jusqu&#039;\u00e0 250\u00b0C pour une utilisation comme \u00e9tuve ou st\u00e9rilisateur, et jusqu&#039;\u00e0 100\u00b0C pour une utilisation comme incubateur.\" \/>\n<meta property=\"og:url\" content=\"https:\/\/artec-testapparatuur.nl\/fr\/produit\/combinaison-four-incubateur-genlab-dual\/\" \/>\n<meta property=\"og:site_name\" content=\"Artec Testnology\" \/>\n<meta property=\"og:image\" content=\"https:\/\/artec-testapparatuur.nl\/wp-content\/uploads\/2021\/07\/709907.png\" \/>\n\t<meta property=\"og:image:width\" content=\"1000\" \/>\n\t<meta property=\"og:image:height\" content=\"1000\" \/>\n\t<meta property=\"og:image:type\" content=\"image\/png\" \/>\n<meta name=\"twitter:card\" content=\"summary_large_image\" \/>\n<script type=\"application\/ld+json\" class=\"yoast-schema-graph\">{\"@context\":\"https:\/\/schema.org\",\"@graph\":[{\"@type\":\"WebPage\",\"@id\":\"https:\/\/artec-testapparatuur.nl\/fr\/produit\/combinaison-four-incubateur-genlab-dual\/\",\"url\":\"https:\/\/artec-testapparatuur.nl\/fr\/produit\/combinaison-four-incubateur-genlab-dual\/\",\"name\":\"Combinaison four-incubateur Genlab, DUAL - Artec Testnology\",\"isPartOf\":{\"@id\":\"https:\/\/artec-testapparatuur.nl\/fr\/#website\"},\"primaryImageOfPage\":{\"@id\":\"https:\/\/artec-testapparatuur.nl\/fr\/produit\/combinaison-four-incubateur-genlab-dual\/#primaryimage\"},\"image\":{\"@id\":\"https:\/\/artec-testapparatuur.nl\/fr\/produit\/combinaison-four-incubateur-genlab-dual\/#primaryimage\"},\"thumbnailUrl\":\"https:\/\/artec-testapparatuur.nl\/wp-content\/uploads\/2021\/07\/709907.png\",\"datePublished\":\"2021-07-21T09:06:12+00:00\",\"breadcrumb\":{\"@id\":\"https:\/\/artec-testapparatuur.nl\/fr\/produit\/combinaison-four-incubateur-genlab-dual\/#breadcrumb\"},\"inLanguage\":\"fr-FR\",\"potentialAction\":[{\"@type\":\"ReadAction\",\"target\":[\"https:\/\/artec-testapparatuur.nl\/fr\/produit\/combinaison-four-incubateur-genlab-dual\/\"]}]},{\"@type\":\"ImageObject\",\"inLanguage\":\"fr-FR\",\"@id\":\"https:\/\/artec-testapparatuur.nl\/fr\/produit\/combinaison-four-incubateur-genlab-dual\/#primaryimage\",\"url\":\"https:\/\/artec-testapparatuur.nl\/wp-content\/uploads\/2021\/07\/709907.png\",\"contentUrl\":\"https:\/\/artec-testapparatuur.nl\/wp-content\/uploads\/2021\/07\/709907.png\",\"width\":1000,\"height\":1000},{\"@type\":\"BreadcrumbList\",\"@id\":\"https:\/\/artec-testapparatuur.nl\/fr\/produit\/combinaison-four-incubateur-genlab-dual\/#breadcrumb\",\"itemListElement\":[{\"@type\":\"ListItem\",\"position\":1,\"name\":\"Home\",\"item\":\"https:\/\/artec-testapparatuur.nl\/fr\/\"},{\"@type\":\"ListItem\",\"position\":2,\"name\":\"Produits\",\"item\":\"https:\/\/artec-testapparatuur.nl\/fr\/shop\/\"},{\"@type\":\"ListItem\",\"position\":3,\"name\":\"Combinaison four-incubateur Genlab, DUAL\"}]},{\"@type\":\"WebSite\",\"@id\":\"https:\/\/artec-testapparatuur.nl\/fr\/#website\",\"url\":\"https:\/\/artec-testapparatuur.nl\/fr\/\",\"name\":\"Artec Testnology\",\"description\":\"Your link to quality\",\"potentialAction\":[{\"@type\":\"SearchAction\",\"target\":{\"@type\":\"EntryPoint\",\"urlTemplate\":\"https:\/\/artec-testapparatuur.nl\/fr\/?s={search_term_string}\"},\"query-input\":{\"@type\":\"PropertyValueSpecification\",\"valueRequired\":true,\"valueName\":\"search_term_string\"}}],\"inLanguage\":\"fr-FR\"}]}<\/script>\n<!-- \/ Yoast SEO plugin. -->","yoast_head_json":{"title":"Combinaison four-incubateur Genlab, DUAL - Artec Testnology","robots":{"index":"index","follow":"follow","max-snippet":"max-snippet:-1","max-image-preview":"max-image-preview:large","max-video-preview":"max-video-preview:-1"},"canonical":"https:\/\/artec-testapparatuur.nl\/fr\/produit\/combinaison-four-incubateur-genlab-dual\/","og_locale":"fr_FR","og_type":"article","og_title":"Combinaison four-incubateur Genlab, DUAL - Artec Testnology","og_description":"L'incubateur GENLAB et les combinaisons d'incubateur peuvent \u00eatre r\u00e9gl\u00e9s sur la plage de temp\u00e9rature souhait\u00e9e au moyen d'un interrupteur haut\/bas. Plage de temp\u00e9rature jusqu'\u00e0 250\u00b0C pour une utilisation comme \u00e9tuve ou st\u00e9rilisateur, et jusqu'\u00e0 100\u00b0C pour une utilisation comme incubateur.","og_url":"https:\/\/artec-testapparatuur.nl\/fr\/produit\/combinaison-four-incubateur-genlab-dual\/","og_site_name":"Artec Testnology","og_image":[{"width":1000,"height":1000,"url":"https:\/\/artec-testapparatuur.nl\/wp-content\/uploads\/2021\/07\/709907.png","type":"image\/png"}],"twitter_card":"summary_large_image","schema":{"@context":"https:\/\/schema.org","@graph":[{"@type":"WebPage","@id":"https:\/\/artec-testapparatuur.nl\/fr\/produit\/combinaison-four-incubateur-genlab-dual\/","url":"https:\/\/artec-testapparatuur.nl\/fr\/produit\/combinaison-four-incubateur-genlab-dual\/","name":"Combinaison four-incubateur Genlab, DUAL - Artec Testnology","isPartOf":{"@id":"https:\/\/artec-testapparatuur.nl\/fr\/#website"},"primaryImageOfPage":{"@id":"https:\/\/artec-testapparatuur.nl\/fr\/produit\/combinaison-four-incubateur-genlab-dual\/#primaryimage"},"image":{"@id":"https:\/\/artec-testapparatuur.nl\/fr\/produit\/combinaison-four-incubateur-genlab-dual\/#primaryimage"},"thumbnailUrl":"https:\/\/artec-testapparatuur.nl\/wp-content\/uploads\/2021\/07\/709907.png","datePublished":"2021-07-21T09:06:12+00:00","breadcrumb":{"@id":"https:\/\/artec-testapparatuur.nl\/fr\/produit\/combinaison-four-incubateur-genlab-dual\/#breadcrumb"},"inLanguage":"fr-FR","potentialAction":[{"@type":"ReadAction","target":["https:\/\/artec-testapparatuur.nl\/fr\/produit\/combinaison-four-incubateur-genlab-dual\/"]}]},{"@type":"ImageObject","inLanguage":"fr-FR","@id":"https:\/\/artec-testapparatuur.nl\/fr\/produit\/combinaison-four-incubateur-genlab-dual\/#primaryimage","url":"https:\/\/artec-testapparatuur.nl\/wp-content\/uploads\/2021\/07\/709907.png","contentUrl":"https:\/\/artec-testapparatuur.nl\/wp-content\/uploads\/2021\/07\/709907.png","width":1000,"height":1000},{"@type":"BreadcrumbList","@id":"https:\/\/artec-testapparatuur.nl\/fr\/produit\/combinaison-four-incubateur-genlab-dual\/#breadcrumb","itemListElement":[{"@type":"ListItem","position":1,"name":"Home","item":"https:\/\/artec-testapparatuur.nl\/fr\/"},{"@type":"ListItem","position":2,"name":"Produits","item":"https:\/\/artec-testapparatuur.nl\/fr\/shop\/"},{"@type":"ListItem","position":3,"name":"Combinaison four-incubateur Genlab, DUAL"}]},{"@type":"WebSite","@id":"https:\/\/artec-testapparatuur.nl\/fr\/#website","url":"https:\/\/artec-testapparatuur.nl\/fr\/","name":"Artec Testnology","description":"Your link to quality","potentialAction":[{"@type":"SearchAction","target":{"@type":"EntryPoint","urlTemplate":"https:\/\/artec-testapparatuur.nl\/fr\/?s={search_term_string}"},"query-input":{"@type":"PropertyValueSpecification","valueRequired":true,"valueName":"search_term_string"}}],"inLanguage":"fr-FR"}]}},"_links":{"self":[{"href":"https:\/\/artec-testapparatuur.nl\/fr\/wp-json\/wp\/v2\/product\/1694","targetHints":{"allow":["GET"]}}],"collection":[{"href":"https:\/\/artec-testapparatuur.nl\/fr\/wp-json\/wp\/v2\/product"}],"about":[{"href":"https:\/\/artec-testapparatuur.nl\/fr\/wp-json\/wp\/v2\/types\/product"}],"wp:featuredmedia":[{"embeddable":true,"href":"https:\/\/artec-testapparatuur.nl\/fr\/wp-json\/wp\/v2\/media\/2880"}],"wp:attachment":[{"href":"https:\/\/artec-testapparatuur.nl\/fr\/wp-json\/wp\/v2\/media?parent=1694"}],"wp:term":[{"taxonomy":"product_brand","embeddable":true,"href":"https:\/\/artec-testapparatuur.nl\/fr\/wp-json\/wp\/v2\/product_brand?post=1694"},{"taxonomy":"product_cat","embeddable":true,"href":"https:\/\/artec-testapparatuur.nl\/fr\/wp-json\/wp\/v2\/product_cat?post=1694"},{"taxonomy":"product_tag","embeddable":true,"href":"https:\/\/artec-testapparatuur.nl\/fr\/wp-json\/wp\/v2\/product_tag?post=1694"}],"curies":[{"name":"wp","href":"https:\/\/api.w.org\/{rel}","templated":true}]}}